{"id":5361,"date":"2025-08-09T00:54:55","date_gmt":"2025-08-08T21:54:55","guid":{"rendered":"https:\/\/aquilahotels.com\/politique-en-matiere-de-cookies\/"},"modified":"2025-09-04T03:38:31","modified_gmt":"2025-09-04T00:38:31","slug":"politique-en-matiere-de-cookies","status":"publish","type":"page","link":"https:\/\/aquilahotels.com\/fr\/politique-en-matiere-de-cookies\/","title":{"rendered":"Politique en mati\u00e8re de cookies"},"content":{"rendered":"<p>[et_pb_section fb_built=\u00a0\u00bb1&Prime; _builder_version=\u00a0\u00bb4.26.0&Prime; _module_preset=\u00a0\u00bbdefault\u00a0\u00bb background_color=\u00a0\u00bb#f3eee7&Prime; global_colors_info=\u00a0\u00bb{}\u00a0\u00bb theme_builder_area=\u00a0\u00bbpost_content\u00a0\u00bb][et_pb_row _builder_version=\u00a0\u00bb4.24.3&Prime; _module_preset=\u00a0\u00bbdefault\u00a0\u00bb width=\u00a0\u00bb100%\u00a0\u00bb max_width=\u00a0\u00bb2560px\u00a0\u00bb custom_padding=\u00a0\u00bb41px||0px|||\u00a0\u00bb locked=\u00a0\u00bboff\u00a0\u00bb global_colors_info=\u00a0\u00bb{}\u00a0\u00bb theme_builder_area=\u00a0\u00bbpost_content\u00a0\u00bb][et_pb_column type=\u00a0\u00bb4_4&Prime; _builder_version=\u00a0\u00bb4.24.3&Prime; _module_preset=\u00a0\u00bbdefault\u00a0\u00bb global_colors_info=\u00a0\u00bb{}\u00a0\u00bb theme_builder_area=\u00a0\u00bbpost_content\u00a0\u00bb][et_pb_text module_class=\u00a0\u00bbet_pb_slide_titleDifference\u00a0\u00bb _builder_version=\u00a0\u00bb4.26.0&Prime; _module_preset=\u00a0\u00bbdefault\u00a0\u00bb text_text_color=\u00a0\u00bb#313131&Prime; text_font_size=\u00a0\u00bb36px\u00a0\u00bb text_letter_spacing=\u00a0\u00bb1px\u00a0\u00bb text_line_height=\u00a0\u00bb1.5em\u00a0\u00bb custom_margin=\u00a0\u00bb-2px||20px||false|false\u00a0\u00bb global_colors_info=\u00a0\u00bb{}\u00a0\u00bb theme_builder_area=\u00a0\u00bbpost_content\u00a0\u00bb]<\/p>\n<p style=\"text-align: center;\">POLITIQUE EN MATI\u00c8RE DE COOKIES<\/p>\n<p>[\/et_pb_text][\/et_pb_column][\/et_pb_row][et_pb_row _builder_version=\u00a0\u00bb4.24.3&Prime; _module_preset=\u00a0\u00bbdefault\u00a0\u00bb global_colors_info=\u00a0\u00bb{}\u00a0\u00bb theme_builder_area=\u00a0\u00bbpost_content\u00a0\u00bb][et_pb_column type=\u00a0\u00bb4_4&Prime; _builder_version=\u00a0\u00bb4.24.3&Prime; _module_preset=\u00a0\u00bbdefault\u00a0\u00bb global_colors_info=\u00a0\u00bb{}\u00a0\u00bb theme_builder_area=\u00a0\u00bbpost_content\u00a0\u00bb][et_pb_text _builder_version=\u00a0\u00bb4.24.3&Prime; _module_preset=\u00a0\u00bbdefault\u00a0\u00bb global_colors_info=\u00a0\u00bb{}\u00a0\u00bb theme_builder_area=\u00a0\u00bbpost_content\u00a0\u00bb]<\/p>\n<div class=\"vc_row wpb_row vc_row-fluid\">\n<div class=\"wpb_column vc_column_container vc_col-sm-12\">\n<div class=\"vc_column-inner\">\n<div class=\"wpb_wrapper\">\n<div class=\"klb-section-title\">\n<div class=\"wpb_text_column wpb_content_element \">\n<div class=\"wpb_wrapper\">\n<p><strong>R\u00e9sum\u00e9<\/strong><\/p>\n<p>Ce document d\u00e9crit la politique en mati\u00e8re de cookies en ce qui concerne l&rsquo;utilisation de cookies et de technologies similaires.<\/p>\n<p><strong>Champ d&rsquo;application<\/strong><br \/>Tous les sites web et\/ou toutes les applications mobiles exploit\u00e9s par ou au nom d&rsquo;Aquila Hotels &amp; Resorts et\/ou de ses soci\u00e9t\u00e9s associ\u00e9es.<\/p>\n<hr>\n<p>&nbsp;<\/p>\n<h1><a name=\"_Toc513547392\"><\/a>Politique en mati\u00e8re de cookies<\/p>\n<\/h1>\n<p><a name=\"_Toc508705876\"><\/a>La pr\u00e9sente Politique en mati\u00e8re de cookies fournit des informations sur l&rsquo;utilisation des cookies et des technologies similaires par le(s) site(s) Internet et\/ou toute application mobile exploit\u00e9e par ou au nom d&rsquo;Aquila Hotels &amp; Resorts (\u00a0\u00bb nous \u00ab\u00a0) et\/ou de ses soci\u00e9t\u00e9s associ\u00e9es (\u00a0\u00bb Site Internet \u00ab\u00a0). Nous d\u00e9crirons \u00e9galement les options que vous pouvez avoir concernant les cookies et les technologies similaires. <\/p>\n<p>La pr\u00e9sente politique en mati\u00e8re de cookies fait partie int\u00e9grante des conditions d&rsquo;utilisation du site web et peut faire l&rsquo;objet de modifications de temps \u00e0 autre. Nous vous conseillons de consulter r\u00e9guli\u00e8rement notre politique en mati\u00e8re de cookies afin d&rsquo;\u00eatre inform\u00e9 de toute mise \u00e0 jour. Des notifications pertinentes sur les modifications substantielles peuvent \u00e9galement \u00eatre affich\u00e9es sur notre site. En visitant le site web, vous acceptez toute modification apport\u00e9e \u00e0 cette politique.   <\/p>\n<p>Dans certains cas, nous pouvons utiliser des technologies de suivi pour collecter des informations qui sont personnellement identifiables ou qui peuvent le devenir si nous les associons \u00e0 d&rsquo;autres informations. Dans ce cas, notre politique de confidentialit\u00e9 s&rsquo;appliquera en plus de la pr\u00e9sente politique en mati\u00e8re de cookies. <\/p>\n<p>&nbsp;<\/p>\n<hr>\n<p>&nbsp;<\/p>\n<h1><a name=\"_Toc513547393\"><\/a>Qu&rsquo;est-ce qu&rsquo;un cookie ?<\/p>\n<\/h1>\n<p>Les cookies sont de petits fichiers texte &#8211; g\u00e9n\u00e9ralement compos\u00e9s de lettres et de chiffres &#8211; stock\u00e9s sur votre appareil par le serveur d&rsquo;un site web.<\/p>\n<p>On distingue les \u00ab\u00a0<strong>cookies de session<\/strong>\u00a0\u00bb et les \u00ab\u00a0<strong>cookies persistants<\/strong>\u00a0\u00bb en fonction de la dur\u00e9e pendant laquelle ils restent stock\u00e9s sur votre appareil. Les \u00ab\u00a0cookies de session\u00a0\u00bb sont stock\u00e9s sur votre appareil au moment o\u00f9 vous visitez un site web et sont supprim\u00e9s automatiquement apr\u00e8s la fermeture de votre navigateur. Les \u00ab\u00a0cookies persistants\u00a0\u00bb sont stock\u00e9s sur votre appareil au moment o\u00f9 vous visitez un site web et restent stock\u00e9s apr\u00e8s la fermeture de votre navigateur. Les cookies persistants seront r\u00e9activ\u00e9s automatiquement lorsque vous ouvrirez votre navigateur et naviguerez sur l&rsquo;internet.   <\/p>\n<p><strong> <\/strong><\/p>\n<p><strong>Cookies de premi\u00e8re et de tierce<\/strong> partie &#8211; Le fait qu&rsquo;un cookie soit de \u00ab\u00a0premi\u00e8re\u00a0\u00bb ou de \u00ab\u00a0tierce\u00a0\u00bb partie se r\u00e9f\u00e8re au site web ou au domaine qui place le cookie. En termes simples, les cookies de premi\u00e8re partie sont des cookies plac\u00e9s par un site web visit\u00e9 par l&rsquo;utilisateur &#8211; le site web affich\u00e9 dans la fen\u00eatre de l&rsquo;URL. Les cookies de tierce partie sont des cookies plac\u00e9s par un domaine autre que celui visit\u00e9 par l&rsquo;utilisateur. Si un utilisateur visite un site web et qu&rsquo;une soci\u00e9t\u00e9 distincte place un cookie par l&rsquo;interm\u00e9diaire de ce site, il s&rsquo;agit d&rsquo;un cookie de tierce partie.   <\/p>\n<p>&nbsp;<\/p>\n<hr>\n<p>&nbsp;<\/p>\n<h1><a name=\"_Toc513547394\"><\/a>Pourquoi utilisons-nous des cookies ?<\/p>\n<\/h1>\n<p>Nous utilisons des cookies pour vous offrir la meilleure exp\u00e9rience de navigation possible. Certains cookies sont techniquement n\u00e9cessaires au bon fonctionnement du site web. D&rsquo;autres cookies sont utilis\u00e9s pour remplir des fonctions telles que la publicit\u00e9, l&rsquo;obtention de statistiques (c&rsquo;est-\u00e0-dire le nombre de visiteurs qui consultent certaines pages de notre site web ou qui re\u00e7oivent nos publicit\u00e9s lorsqu&rsquo;ils visitent d&rsquo;autres sites web) et la facilitation de votre interaction avec les r\u00e9seaux sociaux.  <\/p>\n<p>Nous et\/ou les tiers qui fournissent des services en notre nom classons les cookies dans les cat\u00e9gories suivantes. Vous pouvez \u00e0 tout moment refuser chaque cat\u00e9gorie de cookies (\u00e0 l&rsquo;exception des cookies strictement n\u00e9cessaires). <\/p>\n<p>&nbsp;<\/p>\n<hr>\n<p>&nbsp;<\/p>\n<h2><a name=\"_Toc513547395\"><\/a>Cookies strictement n\u00e9cessaires<\/p>\n<\/h2>\n<p>Ces cookies sont absolument n\u00e9cessaires pour vous fournir les services demand\u00e9s par l&rsquo;interm\u00e9diaire du site web. Ils sont essentiels pour vous permettre de visiter notre site web et d&rsquo;utiliser correctement ses fonctions. Les fonctions de base telles que les suivantes reposent sur ces cookies cl\u00e9s :  <\/p>\n<ul>\n<li>rester connect\u00e9 \u00e0 notre site web ;<\/li>\n<li>la m\u00e9morisation de toute information personnelle que vous ins\u00e9rez sur le site Web au moment des transactions effectu\u00e9es par l&rsquo;interm\u00e9diaire de notre site ;<\/li>\n<li>assurer la s\u00e9curit\u00e9 des transactions demand\u00e9es en vous dirigeant vers les applications de paiement des sites web de tiers et en vous redirigeant vers le site web afin de compl\u00e9ter votre transaction ;<\/li>\n<li>vous aider \u00e0 r\u00e9cup\u00e9rer les informations relatives \u00e0 votre transaction une fois celle-ci termin\u00e9e ; et<\/li>\n<li>d&rsquo;une mani\u00e8re g\u00e9n\u00e9rale, vous fournir des services et des informations \u00e0 votre demande.<\/li>\n<\/ul>\n<p>&nbsp;<\/p>\n<hr>\n<p>&nbsp;<\/p>\n<h2><a name=\"_Toc513547396\"><\/a>Cookies de performance<\/p>\n<\/h2>\n<p>Ces cookies collectent des informations sur la mani\u00e8re dont les utilisateurs se servent du site web, afin de nous permettre de mettre \u00e0 jour et d&rsquo;am\u00e9liorer notre site web et l&rsquo;exp\u00e9rience des visiteurs. Ces cookies ne collectent pas d&rsquo;informations permettant d&rsquo;identifier un visiteur. Ces cookies recueillent des informations concernant  <\/p>\n<ul>\n<li>les pages que les utilisateurs visitent le plus souvent ;<\/li>\n<li>les produits et services qui pr\u00e9sentent un plus grand int\u00e9r\u00eat ;<\/li>\n<li>les publicit\u00e9s ou les offres que les utilisateurs ont consult\u00e9es ;<\/li>\n<li>les liens que les utilisateurs ont suivis ;<\/li>\n<li>les messages d&rsquo;erreur que les utilisateurs peuvent recevoir lorsqu&rsquo;ils naviguent sur le site web, etc.<\/li>\n<\/ul>\n<p>&nbsp;<\/p>\n<hr>\n<p>&nbsp;<\/p>\n<h2><a name=\"_Toc513547397\"><\/a>Cookies de fonctionnalit\u00e9<\/p>\n<\/h2>\n<p>Ces cookies nous permettent de personnaliser notre contenu, de vous accueillir par votre nom et de m\u00e9moriser vos pr\u00e9f\u00e9rences (par exemple, votre choix de langue ou de r\u00e9gion). Si vous choisissez de supprimer\/d\u00e9sactiver ces cookies de fonctionnalit\u00e9, les pr\u00e9f\u00e9rences\/r\u00e9glages que vous avez s\u00e9lectionn\u00e9s ne seront pas conserv\u00e9s lors de vos visites ult\u00e9rieures sur notre site web. <\/p>\n<p>&nbsp;<\/p>\n<hr>\n<p>&nbsp;<\/p>\n<h2><a name=\"_Toc513547398\"><\/a>Cookies de ciblage\/publicit\u00e9<\/p>\n<\/h2>\n<p>Ces cookies enregistrent vos activit\u00e9s en ligne, y compris vos visites sur notre site web, les pages que vous avez consult\u00e9es et les liens et publicit\u00e9s sur lesquels vous avez cliqu\u00e9. L&rsquo;un des objectifs de ces cookies est de rendre le contenu affich\u00e9 sur notre site web plus pertinent pour vous. Un autre objectif est de vous permettre de recevoir des publicit\u00e9s ou d&rsquo;autres communications con\u00e7ues pour \u00eatre plus pertinentes par rapport \u00e0 vos int\u00e9r\u00eats apparents. La diffusion de publicit\u00e9s bas\u00e9es sur les centres d&rsquo;int\u00e9r\u00eat peut nous impliquer, ainsi que nos prestataires de services et nos partenaires, tels que les \u00e9diteurs, les plateformes de gestion des donn\u00e9es et les plateformes de gestion de la demande. Par exemple, si vous consultez une page de l&rsquo;un de nos sites web, nous pouvons faire en sorte qu&rsquo;une publicit\u00e9 vous soit adress\u00e9e, sur notre site web ou sur d&rsquo;autres sites web, pour des produits r\u00e9f\u00e9renc\u00e9s sur cette page ou pour des produits et services similaires. Nous et nos prestataires de services et partenaires pouvons \u00e9galement ajouter d&rsquo;autres donn\u00e9es aux informations collect\u00e9es par ces cookies, y compris des informations obtenues aupr\u00e8s de tiers, et partager ces informations avec des tiers dans le but de vous fournir des publicit\u00e9s.     <\/p>\n<hr>\n<p>&nbsp;<\/p>\n<h2><a name=\"_Toc513547399\"><\/a>Cookies de tiers<\/p>\n<\/h2>\n<p>Afin de vous fournir un contenu plus int\u00e9ressant et de vous aider \u00e0 interagir avec vos comptes de m\u00e9dias sociaux, le site Web peut int\u00e9grer du contenu et des services de tiers (par exemple des \u00a0\u00bb plugins \u00a0\u00bb de Facebook, Twitter, YouTube, Instagram, Pinterest, etc.) ou des liens vers des sites Web de tiers. En acc\u00e9dant \u00e0 ces liens et\/ou sites web de tiers, vous \u00eates soumis \u00e0 la politique en mati\u00e8re de cookies de ces tiers. Dans ce cas, vous proc\u00e9dez sous votre propre responsabilit\u00e9 et nous ne portons aucune responsabilit\u00e9 en ce qui concerne tout probl\u00e8me d\u00e9coulant du stockage de cookies sur votre appareil par de tels sites web de tiers.  <\/p>\n<p>[Option 1 :] Pour obtenir une liste d\u00e9taill\u00e9e, veuillez consulter le site http:\/\/cookiepedia.co.uk\/website\/aquilahotels.com.<\/p>\n<p>[Option 2 :] Vous trouverez ci-dessous une liste d\u00e9taill\u00e9e des cookies que nous utilisons sur notre site web. Utilisation <\/p>\n<p>[http:\/\/cookiepedia.co.uk\/website\/aquilahotels.com] pour obtenir la liste<\/p>\n<p>&nbsp;<\/p>\n<hr>\n<p>&nbsp;<\/p>\n<h1><a name=\"_Toc513547400\"><\/a>Comment contr\u00f4ler les cookies<\/p>\n<\/h1>\n<p>La plupart des navigateurs web acceptent automatiquement les cookies mais proposent des contr\u00f4les qui vous permettent de les bloquer ou de les supprimer. Vous avez la possibilit\u00e9 d&rsquo;activer ou de d\u00e9sactiver le stockage de cookies sur votre appareil en modifiant \u00e0 tout moment les param\u00e8tres de votre navigateur. Vous pouvez \u00e9galement configurer votre navigateur pour qu&rsquo;il vous informe avant qu&rsquo;un cookie ne soit stock\u00e9 sur votre appareil ou suivre les instructions de votre navigateur pour supprimer les cookies d\u00e9j\u00e0 stock\u00e9s. Si vous utilisez plusieurs appareils, vous devez ajuster les param\u00e8tres de votre navigateur pr\u00e9f\u00e9r\u00e9 en ce qui concerne les cookies sur chacun de vos appareils.   <\/p>\n<p>Si vous choisissez de d\u00e9sactiver tous les cookies, il se peut que vous ne puissiez pas profiter pleinement des fonctions interactives de notre site web ou recevoir nos services via notre site web.<\/p>\n<p>La suppression des cookies ne supprime pas les objets Flash. Pour en savoir plus sur les objets Flash, notamment sur la mani\u00e8re de les contr\u00f4ler et de les d\u00e9sactiver, consultez le site web d&rsquo;Adobe. Vous pouvez trouver des informations suppl\u00e9mentaires sur les cookies et les technologies similaires utilis\u00e9es sur divers sites web par l&rsquo;interm\u00e9diaire de votre navigateur ou d&rsquo;autres ressources internet.  <\/p>\n<p>Pour g\u00e9rer les cookies via votre navigateur, cliquez sur les liens suivants pour \u00eatre dirig\u00e9 vers les instructions de votre navigateur :<\/p>\n<p><a href=\"https:\/\/support.microsoft.com\/en-us\/help\/17442\/windows-internet-explorer-delete-manage-cookies\" target=\"_blank\" rel=\"noopener\">Explorateur Microsoft Windows<\/a><\/p>\n<p><a href=\"https:\/\/support.mozilla.org\/en-US\/kb\/enable-and-disable-cookies-website-preferences\" target=\"_blank\" rel=\"noopener\">Mozilla Firefox<\/a><\/p>\n<p><a href=\"https:\/\/support.google.com\/chrome\/answer\/95647?co=GENIE.Platform%3DDesktop&amp;hl=en\" target=\"_blank\" rel=\"noopener\">Google Chrome<\/a><\/p>\n<p><a href=\"https:\/\/support.apple.com\/kb\/ph19214?locale=en_US\" target=\"_blank\" rel=\"noopener\">Apple Safari<\/a><\/p>\n<p>Vous pouvez en savoir plus sur les cookies et les sites web de tiers suivants :<\/p>\n<ul>\n<li>AllAboutCookies <a href=\"http:\/\/www.allaboutcookies.org\/\" target=\"_blank\" rel=\"noopener\">: http:\/\/www.allaboutcookies.org\/<\/a><\/li>\n<li>Cookiepedia <a href=\"http:\/\/cookiepedia.co.uk\/\" target=\"_blank\" rel=\"noopener\">: http:\/\/cookiepedia.co.uk\/<\/a><\/li>\n<\/ul>\n<p>&nbsp;<\/p>\n<hr>\n<p>&nbsp;<\/p>\n<h1><a name=\"_Toc513547401\"><\/a>Quelles sont les technologies similaires ?<\/p>\n<\/h1>\n<p>Les balises pixel, les pixels invisibles, les scripts int\u00e9gr\u00e9s et les GIF transparents (graphics interchange format) sont de minuscules fichiers utilis\u00e9s pour surveiller la navigation sur un site web et peuvent \u00eatre utilis\u00e9s avec des cookies. Les objets Flash (objets locaux partag\u00e9s) sont de petits fichiers stock\u00e9s sur votre appareil par un site web utilisant la technologie Flash Player d&rsquo;Adobe. <\/p>\n<p><strong> <\/strong><\/p>\n<p><strong>Balises web et scripts int\u00e9gr\u00e9s<\/strong><\/p>\n<p>Les balises web et les scripts int\u00e9gr\u00e9s sont d&rsquo;autres technologies que nous utilisons sur nos sites web, ainsi que dans certains de nos courriels et publicit\u00e9s.<\/p>\n<p>Les balises web (ou \u00ab\u00a0tags\u00a0\u00bb) sont des \u00e9l\u00e9ments de code de programmation inclus dans les pages web, les courriels et les publicit\u00e9s qui nous informent, ou informent des tiers qui fournissent des services en notre nom, lorsque ces pages web, ces courriels ou ces publicit\u00e9s ont \u00e9t\u00e9 consult\u00e9s ou ont fait l&rsquo;objet d&rsquo;un clic.<\/p>\n<p>Les scripts int\u00e9gr\u00e9s sont des morceaux de code de programmation inclus dans certaines de nos pages web qui mesurent la fa\u00e7on dont vous utilisez ces pages web, par exemple les liens sur lesquels vous cliquez. Nous utilisons ces informations pour am\u00e9liorer nos sites web, les adapter \u00e0 vos centres d&rsquo;int\u00e9r\u00eat et r\u00e9aliser des \u00e9tudes de march\u00e9. Il se peut que vous puissiez d\u00e9sactiver les fonctions de script, telles que JavaScript, dans votre navigateur (veuillez consulter la fonction d&rsquo;aide de votre navigateur). Notez que si vous d\u00e9sactivez la fonctionnalit\u00e9 de script, notre site web risque de ne pas fonctionner correctement.   <\/p>\n<hr>\n<p>&nbsp;<\/p>\n<h1><a name=\"_Toc513547402\"><\/a>Vie priv\u00e9e<\/p>\n<\/h1>\n<p>Nous nous engageons \u00e0 respecter les bonnes pratiques en mati\u00e8re de protection de la vie priv\u00e9e. Pour plus d&rsquo;informations sur notre approche de la protection de la vie priv\u00e9e, consultez notre politique de confidentialit\u00e9. <\/p>\n<hr>\n<p>&nbsp;<\/p>\n<h1><a name=\"_Toc513547403\"><\/a>Comment nous contacter<\/p>\n<\/h1>\n<p>Si vous avez des questions sur la mani\u00e8re dont nous utilisons les cookies, vous pouvez nous contacter en utilisant les informations indiqu\u00e9es ci-dessous. Veuillez indiquer vos coordonn\u00e9es et une description d\u00e9taill\u00e9e du probl\u00e8me li\u00e9 aux cookies. <\/p>\n<div class=\"wpb_text_column wpb_content_element \">\n<div class=\"wpb_wrapper\">\n<p class=\"mainTextConteiner\"><strong>Si\u00e8ge social<\/strong><br \/>340,Kifisias ave.15451, N.Psychiko, Ath\u00e8nes Gr\u00e8ce<br \/>Tel.:+30-210-6773356 FAX.:+30210-6773358<br \/>e-mail :<strong> info@aquilahotels.com<\/strong><\/p>\n<\/div>\n<\/div>\n<p>Le pr\u00e9sent avis met \u00e0 jour et remplace les versions pr\u00e9c\u00e9dentes. Nous pouvons modifier cet avis \u00e0 tout moment. La section \u00ab\u00a0DERNI\u00c8RE MISE \u00c0 JOUR\u00a0\u00bb au bas de cette page indique la date de la derni\u00e8re r\u00e9vision de cet avis. Toute modification apport\u00e9e \u00e0 cet avis entrera en vigueur lorsque nous mettrons l&rsquo;avis r\u00e9vis\u00e9 \u00e0 disposition sur ou via les sites. DERNI\u00c8RE MISE \u00c0 JOUR : 24 mai 2018    <\/p>\n<hr>\n<p>&nbsp;<\/p>\n<h1><a name=\"_Toc513547404\"><\/a><a name=\"_Toc450566028\"><\/a>R\u00e9vision du document<\/p>\n<\/h1>\n<p>Ce document est p\u00e9riodiquement revu et r\u00e9vis\u00e9, le cas \u00e9ch\u00e9ant, par le d\u00e9l\u00e9gu\u00e9 \u00e0 la protection des donn\u00e9es conform\u00e9ment \u00e0 la politique de protection des donn\u00e9es.<\/p>\n<\/div>\n<\/div>\n<\/div>\n<\/div>\n<\/div>\n<\/div>\n<\/div>\n<div class=\"container\">\n<div class=\"vc_row wpb_row vc_row-fluid\"><\/div>\n<\/div>\n<p>[\/et_pb_text][\/et_pb_column][\/et_pb_row][\/et_pb_section]<\/p>\n","protected":false},"excerpt":{"rendered":"<p>POLITIQUE EN MATI\u00c8RE DE COOKIES R\u00e9sum\u00e9 Ce document d\u00e9crit la politique en mati\u00e8re de cookies en ce qui concerne l&rsquo;utilisation de cookies et de technologies similaires. Champ d&rsquo;applicationTous les sites web et\/ou toutes les applications mobiles exploit\u00e9s par ou au nom d&rsquo;Aquila Hotels &amp; Resorts et\/ou de ses soci\u00e9t\u00e9s associ\u00e9es. &nbsp; Politique en mati\u00e8re de [&hellip;]<\/p>\n","protected":false},"author":1,"featured_media":0,"parent":0,"menu_order":0,"comment_status":"closed","ping_status":"closed","template":"","meta":{"_et_pb_use_builder":"on","_et_pb_old_content":"","_et_gb_content_width":"","footnotes":""},"class_list":["post-5361","page","type-page","status-publish","hentry"],"_links":{"self":[{"href":"https:\/\/aquilahotels.com\/fr\/wp-json\/wp\/v2\/pages\/5361","targetHints":{"allow":["GET"]}}],"collection":[{"href":"https:\/\/aquilahotels.com\/fr\/wp-json\/wp\/v2\/pages"}],"about":[{"href":"https:\/\/aquilahotels.com\/fr\/wp-json\/wp\/v2\/types\/page"}],"author":[{"embeddable":true,"href":"https:\/\/aquilahotels.com\/fr\/wp-json\/wp\/v2\/users\/1"}],"replies":[{"embeddable":true,"href":"https:\/\/aquilahotels.com\/fr\/wp-json\/wp\/v2\/comments?post=5361"}],"version-history":[{"count":11,"href":"https:\/\/aquilahotels.com\/fr\/wp-json\/wp\/v2\/pages\/5361\/revisions"}],"predecessor-version":[{"id":5462,"href":"https:\/\/aquilahotels.com\/fr\/wp-json\/wp\/v2\/pages\/5361\/revisions\/5462"}],"wp:attachment":[{"href":"https:\/\/aquilahotels.com\/fr\/wp-json\/wp\/v2\/media?parent=5361"}],"curies":[{"name":"wp","href":"https:\/\/api.w.org\/{rel}","templated":true}]}}