{"id":5295,"date":"2025-08-08T23:53:40","date_gmt":"2025-08-08T20:53:40","guid":{"rendered":"https:\/\/aquilahotels.com\/durabilite\/"},"modified":"2025-11-06T02:40:16","modified_gmt":"2025-11-06T00:40:16","slug":"durabilite","status":"publish","type":"page","link":"https:\/\/aquilahotels.com\/fr\/durabilite\/","title":{"rendered":"Durabilit\u00e9"},"content":{"rendered":"<p>[et_pb_section fb_built=\u00a0\u00bb1&Prime; _builder_version=\u00a0\u00bb4.27.2&Prime; _module_preset=\u00a0\u00bbdefault\u00a0\u00bb background_color=\u00a0\u00bb#FFFFFF\u00a0\u00bb background_enable_image=\u00a0\u00bboff\u00a0\u00bb background_blend=\u00a0\u00bboverlay\u00a0\u00bb min_height=\u00a0\u00bb376.4px\u00a0\u00bb custom_margin=\u00a0\u00bb0px||0px||false|false\u00a0\u00bb custom_padding=\u00a0\u00bb0px||0px||false|false\u00a0\u00bb locked=\u00a0\u00bboff\u00a0\u00bb global_colors_info=\u00a0\u00bb{}\u00a0\u00bb][et_pb_row _builder_version=\u00a0\u00bb4.27.2&Prime; _module_preset=\u00a0\u00bbdefault\u00a0\u00bb width_tablet=\u00a0\u00bb\u00a0\u00bb width_phone=\u00a0\u00bb90%\u00a0\u00bb width_last_edited=\u00a0\u00bbon|phone\u00a0\u00bb custom_margin=\u00a0\u00bb0px||0px||false|false\u00a0\u00bb custom_padding=\u00a0\u00bb120px||120px||false|false\u00a0\u00bb global_colors_info=\u00a0\u00bb{}\u00a0\u00bb][et_pb_column type=\u00a0\u00bb4_4&Prime; _builder_version=\u00a0\u00bb4.24.3&Prime; _module_preset=\u00a0\u00bbdefault\u00a0\u00bb global_colors_info=\u00a0\u00bb{}\u00a0\u00bb][et_pb_text module_class=\u00a0\u00bbet_pb_slide_titleDifference\u00a0\u00bb _builder_version=\u00a0\u00bb4.27.4&Prime; _module_preset=\u00a0\u00bb_initial\u00a0\u00bb text_font=\u00a0\u00bb||||||||\u00a0\u00bb text_text_color=\u00a0\u00bb#000000&Prime; text_font_size=\u00a0\u00bb36px\u00a0\u00bb text_letter_spacing=\u00a0\u00bb1px\u00a0\u00bb text_line_height=\u00a0\u00bb1em\u00a0\u00bb header_line_height=\u00a0\u00bb1.1em\u00a0\u00bb custom_margin=\u00a0\u00bb0px||30px||false|false\u00a0\u00bb custom_margin_tablet=\u00a0\u00bb0px||30px||false|false\u00a0\u00bb custom_margin_phone=\u00a0\u00bb0px||30px||false|false\u00a0\u00bb custom_margin_last_edited=\u00a0\u00bbon|desktop\u00a0\u00bb global_colors_info=\u00a0\u00bb{}\u00a0\u00bb]<\/p>\n<p style=\"text-align: center;\">D\u00e9veloppement durable et ESG<\/p>\n<div id=\"awebChromeHelper\" data-version=\"1.24.2\"><\/div>\n<div id=\"awebChromeHelper\" data-version=\"1.24.2\"><\/div>\n<p>[\/et_pb_text][et_pb_text _builder_version=\u00a0\u00bb4.27.4&Prime; _module_preset=\u00a0\u00bb_initial\u00a0\u00bb custom_margin_tablet=\u00a0\u00bb\u00a0\u00bb custom_margin_phone=\u00a0\u00bb\u00a0\u00bb custom_margin_last_edited=\u00a0\u00bbon|desktop\u00a0\u00bb global_colors_info=\u00a0\u00bb{}\u00a0\u00bb]<\/p>\n<p style=\"text-align: center;\">La durabilit\u00e9 constitue le fondement m\u00eame de la vision d&rsquo;avenir d&rsquo;Aquila Hotels  Resorts : notre engagement envers un tourisme responsable est profond\u00e9ment ancr\u00e9, refl\u00e9tant notre attachement \u00e0 cette terre et sa pr\u00e9paration pour la prochaine g\u00e9n\u00e9ration. Attest\u00e9 par des progr\u00e8s continus en mati\u00e8re d&rsquo;ESG, nous maintenons fi\u00e8rement toutes les principales certifications internationales pour nos propri\u00e9t\u00e9s, notamment Travelife, ISO 14001, ISO 50001, ISO 22000 et Green Key. Nos objectifs strat\u00e9giques incluent une r\u00e9duction de 10 % des d\u00e9chets mis en d\u00e9charge et l&rsquo;\u00e9limination des plastiques \u00e0 usage unique d&rsquo;ici l&rsquo;ann\u00e9e prochaine. Nous d\u00e9fendons la biodiversit\u00e9, les pratiques d&rsquo;\u00e9conomie circulaire et un engagement renforc\u00e9 des parties prenantes, assurant une valeur durable pour tous. Nous n&rsquo;h\u00e9ritons pas de la Terre de nos anc\u00eatres ; nous l&#8217;empruntons \u00e0 nos enfants.     <\/p>\n<div id=\"awebChromeHelper\" data-version=\"1.23.2\"><\/div>\n<div id=\"awebChromeHelper\" data-version=\"1.23.4\"><\/div>\n<p>[\/et_pb_text][\/et_pb_column][\/et_pb_row][\/et_pb_section][et_pb_section fb_built=\u00a0\u00bb1&Prime; _builder_version=\u00a0\u00bb4.26.0&Prime; _module_preset=\u00a0\u00bbdefault\u00a0\u00bb background_color=\u00a0\u00bb#f3eee7&Prime; custom_padding=\u00a0\u00bb0px||0px|||\u00a0\u00bb global_colors_info=\u00a0\u00bb{}\u00a0\u00bb][et_pb_row custom_padding_last_edited=\u00a0\u00bbon|phone\u00a0\u00bb _builder_version=\u00a0\u00bb4.27.2&Prime; _module_preset=\u00a0\u00bbdefault\u00a0\u00bb width_tablet=\u00a0\u00bb\u00a0\u00bb width_phone=\u00a0\u00bb90%\u00a0\u00bb width_last_edited=\u00a0\u00bbon|phone\u00a0\u00bb custom_margin=\u00a0\u00bb0px||0px||false|false\u00a0\u00bb custom_padding=\u00a0\u00bb60px||120px||false|false\u00a0\u00bb custom_padding_tablet=\u00a0\u00bb60px||120px||false|false\u00a0\u00bb custom_padding_phone=\u00a0\u00bb30px||120px||false|false\u00a0\u00bb global_colors_info=\u00a0\u00bb{}\u00a0\u00bb][et_pb_column type=\u00a0\u00bb4_4&Prime; _builder_version=\u00a0\u00bb4.24.3&Prime; _module_preset=\u00a0\u00bbdefault\u00a0\u00bb global_colors_info=\u00a0\u00bb{}\u00a0\u00bb][et_pb_accordion open_toggle_background_color=\u00a0\u00bbRGBA(255,255,255,0)\u00a0\u00bb closed_toggle_background_color=\u00a0\u00bbRGBA(255,255,255,0)\u00a0\u00bb toggle_icon=\u00a0\u00bb&#x24;||divi||400&Prime; icon_color=\u00a0\u00bb#6a453f\u00a0\u00bb _builder_version=\u00a0\u00bb4.27.4&Prime; _module_preset=\u00a0\u00bbdefault\u00a0\u00bb body_line_height=\u00a0\u00bb1.4em\u00a0\u00bb custom_margin=\u00a0\u00bb||||false|false\u00a0\u00bb border_width_all=\u00a0\u00bb0px\u00a0\u00bb border_width_bottom=\u00a0\u00bb1px\u00a0\u00bb border_color_bottom=\u00a0\u00bb#6a453f\u00a0\u00bb global_colors_info=\u00a0\u00bb{}\u00a0\u00bb][et_pb_accordion_item title=\u00a0\u00bbPolitique environnementale\u00a0\u00bb open=\u00a0\u00bbon\u00a0\u00bb _builder_version=\u00a0\u00bb4.27.4&Prime; _module_preset=\u00a0\u00bbdefault\u00a0\u00bb global_colors_info=\u00a0\u00bb{}\u00a0\u00bb]<\/p>\n<p>Aquila Hotels  Resorts est une entreprise h\u00f4teli\u00e8re cr\u00e9toise familiale qui s&rsquo;engage \u00e0 offrir des exp\u00e9riences exceptionnelles \u00e0 ses clients tout en faisant preuve d&rsquo;un engagement fort en faveur de la durabilit\u00e9 environnementale. Avec un profond respect pour nos h\u00f4tes, nous croyons en l&rsquo;attention port\u00e9e aux d\u00e9tails et en un service impeccable, associ\u00e9s \u00e0 une responsabilit\u00e9 sociale et environnementale. Notre mission est de cr\u00e9er un environnement id\u00e9al pour nos h\u00f4tes, tout en minimisant notre impact sur la plan\u00e8te.  <\/p>\n<p>Nos objectifs environnementaux se concentrent sur les domaines cl\u00e9s suivants :<\/p>\n<p>Gestion de l&rsquo;\u00e9nergie : Mise en \u0153uvre de technologies et de pratiques efficaces sur le plan \u00e9nerg\u00e9tique afin de r\u00e9duire notre consommation d&rsquo;\u00e9nergie et notre empreinte carbone.<\/p>\n<ul>\n<li>Conservation de l&rsquo;eau : Minimiser la consommation d&rsquo;eau gr\u00e2ce \u00e0 des appareils efficaces, des technologies permettant d&rsquo;\u00e9conomiser l&rsquo;eau et un am\u00e9nagement paysager responsable. Gestion des d\u00e9chets : R\u00e9duire, r\u00e9utiliser et recycler les d\u00e9chets afin de minimiser notre impact sur l&rsquo;environnement. Cela inclut l&rsquo;\u00e9limination responsable des mati\u00e8res dangereuses.  <\/li>\n<li>Qualit\u00e9 de l&rsquo;air : Minimiser la pollution de l&rsquo;air par l&rsquo;utilisation d&rsquo;options de transport durable, la r\u00e9duction des \u00e9missions et la promotion d&rsquo;initiatives en faveur de l&rsquo;air pur.<\/li>\n<li>Protection c\u00f4ti\u00e8re et marine : Protection des \u00e9cosyst\u00e8mes c\u00f4tiers et marins fragiles gr\u00e2ce \u00e0 une gestion responsable des d\u00e9chets, \u00e0 des activit\u00e9s nautiques durables et \u00e0 l&rsquo;\u00e9ducation des visiteurs. Pr\u00e9servation des paysages et de la nature : Prot\u00e9ger la beaut\u00e9 naturelle de notre environnement par un am\u00e9nagement paysager responsable, la pr\u00e9servation de la biodiversit\u00e9 et la promotion de la sensibilisation \u00e0 l&rsquo;\u00e9cologie. <\/li>\n<li>Engagement des parties prenantes : Engager activement nos employ\u00e9s, nos invit\u00e9s, les communaut\u00e9s locales et nos fournisseurs dans notre d\u00e9marche de d\u00e9veloppement durable.<\/li>\n<\/ul>\n<p>Nous nous engageons \u00e0 faire preuve de transparence et de responsabilit\u00e9 en ce qui concerne nos performances environnementales. Notre rapport annuel sur le d\u00e9veloppement durable fournit des informations d\u00e9taill\u00e9es sur nos progr\u00e8s et est accessible \u00e0 tous. <\/p>\n<div id=\"awebChromeHelper\" data-version=\"1.23.3\">\n<p><a href=\"https:\/\/books.emd.systems\/flipbook\/sustainability-report-aquila-group-2024_v-3\/\" target=\"_blank\" rel=\"noopener\"><span style=\"text-decoration: underline;\">RAPPORT DE SUST\u0391\u0399NABILIT\u00c9 D&rsquo;AQUILA<\/span><\/a> <a href=\"https:\/\/new.eloundavillage.com\/wp-content\/uploads\/2024\/05\/2022_AQUILA-SUSTAINABILITY-REPORT.pdf\" target=\"_blank\" rel=\"noopener\"><span style=\"text-decoration: underline;\"><\/span><\/a><\/p>\n<\/div>\n<p>[\/et_pb_accordion_item][et_pb_accordion_item title=\u00a0\u00bbPolitique de gestion de l&apos;\u00e9nergie\u00a0\u00bb _builder_version=\u00a0\u00bb4.27.2&Prime; _module_preset=\u00a0\u00bbdefault\u00a0\u00bb global_colors_info=\u00a0\u00bb{}\u00a0\u00bb open=\u00a0\u00bboff\u00a0\u00bb]Aquila Hotels  Resorts s&rsquo;engage \u00e0 respecter les exigences de la norme EN ISO 50001:2018.<\/p>\n<p>Cet engagement comprend<\/p>\n<ul>\n<li>Veiller au respect des exigences l\u00e9gales applicables et des autres exigences li\u00e9es \u00e0 l&rsquo;efficacit\u00e9 \u00e9nerg\u00e9tique, \u00e0 l&rsquo;utilisation de l&rsquo;\u00e9nergie et \u00e0 la consommation d&rsquo;\u00e9nergie.<\/li>\n<li>Comprendre la nature, la port\u00e9e et l&rsquo;impact environnemental de l&rsquo;\u00e9nergie utilis\u00e9e pour ses activit\u00e9s et ses services.<\/li>\n<li>Fournir toutes les ressources, informations et moyens n\u00e9cessaires pour assurer le fonctionnement efficace de l&rsquo;organisation et de son syst\u00e8me de gestion int\u00e9gr\u00e9.<\/li>\n<li>\u00c9tablir et contr\u00f4ler la r\u00e9alisation des buts et objectifs li\u00e9s \u00e0 la performance \u00e9nerg\u00e9tique.<\/li>\n<li>Mesurer et contr\u00f4ler en permanence les \u00e9l\u00e9ments et processus critiques afin d&rsquo;am\u00e9liorer l&rsquo;efficacit\u00e9 \u00e9nerg\u00e9tique.<\/li>\n<li>Am\u00e9liorer en permanence le syst\u00e8me de gestion int\u00e9gr\u00e9e et l&rsquo;efficacit\u00e9 \u00e9nerg\u00e9tique.<\/li>\n<li>Contr\u00f4ler les fournisseurs externes pour s&rsquo;assurer qu&rsquo;ils respectent les exigences susmentionn\u00e9es et qu&rsquo;ils fournissent des produits et des services efficaces sur le plan \u00e9nerg\u00e9tique.<\/li>\n<li>R\u00e9viser r\u00e9guli\u00e8rement cette politique afin de s&rsquo;assurer qu&rsquo;elle reste pertinente.<\/li>\n<li>Cr\u00e9er des activit\u00e9s ax\u00e9es sur l&rsquo;am\u00e9lioration de l&rsquo;efficacit\u00e9 \u00e9nerg\u00e9tique.<\/li>\n<li>Former les employ\u00e9s \u00e0 la mise en \u0153uvre des services, \u00e0 la gestion de l&rsquo;\u00e9nergie et \u00e0 la garantie d&rsquo;un environnement de travail s\u00fbr.<\/li>\n<\/ul>\n<p>Aquila Hotels  Resorts s&rsquo;efforce de minimiser son empreinte environnementale :<\/p>\n<ul>\n<li>Conformit\u00e9 : Respecter toutes les lois et r\u00e9glementations environnementales applicables. Am\u00e9lioration continue : Mettre en \u0153uvre des technologies et des pratiques de gestion des ressources efficaces et \u00e0 la pointe du progr\u00e8s. Nous mesurons et g\u00e9rons notre performance environnementale par rapport \u00e0 des objectifs et des cibles clairement d\u00e9finis sur une base mensuelle, en examinant r\u00e9guli\u00e8rement nos progr\u00e8s et en identifiant les possibilit\u00e9s d&rsquo;am\u00e9lioration.  <\/li>\n<li>Engagement des employ\u00e9s : Investir dans nos ressources humaines pour garantir la mise en \u0153uvre efficace des meilleures pratiques environnementales dans nos activit\u00e9s quotidiennes. Nous offrons \u00e0 notre personnel une formation compl\u00e8te sur nos engagements en mati\u00e8re d&rsquo;environnement, en soulignant le r\u00f4le essentiel qu&rsquo;il joue dans la r\u00e9alisation de nos objectifs. Notre \u00ab\u00a0\u00e9quipe verte\u00a0\u00bb d\u00e9vou\u00e9e m\u00e8ne des initiatives de d\u00e9veloppement durable dans tous nos \u00e9tablissements.  <\/li>\n<li>Collaboration des h\u00f4tes : Encourager nos h\u00f4tes \u00e0 participer activement \u00e0 nos efforts en mati\u00e8re de d\u00e9veloppement durable et \u00e0 r\u00e9duire leur impact sur l&rsquo;environnement pendant leur s\u00e9jour.<\/li>\n<li>Partenariat communautaire : Collaboration avec des ONG telles que \u00ab\u00a0Archelon\u00a0\u00bb, la \u00ab\u00a0Hellenic Ornithological Society\u00a0\u00bb et \u00ab\u00a0Clean Hands\u00a0\u00bb pour prot\u00e9ger l&rsquo;environnement local et am\u00e9liorer le bien-\u00eatre de la communaut\u00e9 locale. Il s&rsquo;agit notamment de soutenir les initiatives de protection des animaux errants. <\/li>\n<\/ul>\n<p>[\/et_pb_accordion_item][et_pb_accordion_item title=\u00a0\u00bbPolitique de l&apos;emploi\u00a0\u00bb _builder_version=\u00a0\u00bb4.27.2&Prime; _module_preset=\u00a0\u00bbdefault\u00a0\u00bb global_colors_info=\u00a0\u00bb{}\u00a0\u00bb open=\u00a0\u00bboff\u00a0\u00bb]Nous croyons au pouvoir de la croissance individuelle au sein d&rsquo;une communaut\u00e9 solidaire. Chez Aquila Hotels  Resorts, chaque membre de l&rsquo;\u00e9quipe est appr\u00e9ci\u00e9, respect\u00e9 et encourag\u00e9 \u00e0 atteindre son plein potentiel. <\/p>\n<p>Notre engagement envers nos collaborateurs :<\/p>\n<ul>\n<li>\u00c9galit\u00e9 et \u00e9quit\u00e9 : Nous traitons tous les employ\u00e9s avec dignit\u00e9 et respect, en favorisant un lieu de travail exempt de toute discrimination. Nous croyons en l&rsquo;\u00e9galit\u00e9 des chances pour tous, ind\u00e9pendamment de l&rsquo;\u00e2ge, de la sexualit\u00e9, du sexe, de l&rsquo;appartenance ethnique, de la religion, de la culture, de la situation familiale, des convictions personnelles ou d&rsquo;un handicap. <\/li>\n<li>Apprentissage continu : Nous investissons dans la croissance et le d\u00e9veloppement de nos employ\u00e9s en leur offrant des possibilit\u00e9s de formation continue, d\u00e8s leur premier jour et tout au long de leur carri\u00e8re chez nous. Nous nous tenons inform\u00e9s des derniers d\u00e9veloppements dans le secteur du travail afin de nous assurer que nos pratiques sont \u00e0 jour et b\u00e9n\u00e9fiques pour notre \u00e9quipe. <\/li>\n<li>Conformit\u00e9 juridique : Nous respectons toutes les lois et r\u00e9glementations applicables en mati\u00e8re d&#8217;emploi en Gr\u00e8ce. Embauche locale : Nous donnons la priorit\u00e9 \u00e0 l&#8217;embauche de personnel issu de la communaut\u00e9 locale, contribuant ainsi au bien-\u00eatre \u00e9conomique de notre r\u00e9gion. <\/li>\n<li>Une communication ouverte : Nous appliquons une politique de \u00ab\u00a0portes ouvertes\u00a0\u00bb, encourageant les employ\u00e9s \u00e0 nous faire part de leurs id\u00e9es, de leurs pr\u00e9occupations et de leurs suggestions. Notre service des ressources humaines et notre \u00e9quipe de direction sont toujours \u00e0 l&rsquo;\u00e9coute et pr\u00eats \u00e0 r\u00e9pondre \u00e0 toute question qui pourrait se poser. <\/li>\n<li>La qualit\u00e9 : Nous choisissons des produits et des services qui r\u00e9pondent \u00e0 nos crit\u00e8res d&rsquo;excellence.<\/li>\n<\/ul>\n<p>Nous pensons qu&rsquo;il est essentiel de disposer d&rsquo;une main-d&rsquo;\u0153uvre heureuse et soutenue. En investissant dans nos employ\u00e9s, nous cr\u00e9ons un environnement positif et productif pour tous.<br \/>\n[\/et_pb_accordion_item][et_pb_accordion_item title=\u00a0\u00bbPolitique de qualit\u00e9\u00a0\u00bb _builder_version=\u00a0\u00bb4.27.2&Prime; _module_preset=\u00a0\u00bbdefault\u00a0\u00bb global_colors_info=\u00a0\u00bb{}\u00a0\u00bb open=\u00a0\u00bboff\u00a0\u00bb]Nous nous engageons \u00e0 offrir des services de haute qualit\u00e9 \u00e0 nos clients dans un environnement sain et professionnel pour nos employ\u00e9s. Notre engagement en faveur de la qualit\u00e9 et de l&rsquo;am\u00e9lioration continue est ancr\u00e9 dans nos normes op\u00e9rationnelles. Ces normes sont au c\u0153ur de notre prestation de services et fournissent des lignes directrices claires et un sentiment de s\u00e9curit\u00e9 \u00e0 tous les employ\u00e9s. Nous r\u00e9visons nos normes op\u00e9rationnelles chaque ann\u00e9e et les mettons \u00e0 jour. Tous les superviseurs et les employ\u00e9s sont inform\u00e9s de ces normes et des crit\u00e8res d&rsquo;\u00e9valuation utilis\u00e9s pour les \u00e9valuer.<br \/>\n[\/et_pb_accordion_item][et_pb_accordion_item title=\u00a0\u00bbPolitique d&apos;achat\u00a0\u00bb _builder_version=\u00a0\u00bb4.27.2&Prime; _module_preset=\u00a0\u00bbdefault\u00a0\u00bb global_colors_info=\u00a0\u00bb{}\u00a0\u00bb open=\u00a0\u00bboff\u00a0\u00bb]Chez Aquila Hotels  Resorts, nous nous engageons \u00e0 prendre des d\u00e9cisions d&rsquo;achat responsables qui profitent \u00e0 nos clients, \u00e0 notre entreprise et \u00e0 l&rsquo;environnement.<\/p>\n<p>Voici comment nous proc\u00e9dons :<br \/>\n1. Nous \u00e9valuons soigneusement nos options sur la base de plusieurs facteurs cl\u00e9s :<\/p>\n<ul style=\"margin-top: 0px;\">\n<li>La qualit\u00e9 : Nous choisissons des produits et des services qui r\u00e9pondent \u00e0 nos crit\u00e8res d&rsquo;excellence.<\/li>\n<li>Prix : Nous recherchons des prix comp\u00e9titifs afin de garantir un bon rapport qualit\u00e9-prix. Fiabilit\u00e9 : Nous nous appuyons sur des fournisseurs capables de nous livrer syst\u00e9matiquement ce dont nous avons besoin, quand nous en avons besoin. <\/li>\n<li>Disponibilit\u00e9 : Nous assurons un approvisionnement r\u00e9gulier pour r\u00e9pondre \u00e0 nos besoins op\u00e9rationnels.<\/li>\n<li>Stabilit\u00e9 : Nous nous associons \u00e0 des fournisseurs qui font preuve de stabilit\u00e9 et de fiabilit\u00e9 \u00e0 long terme.<\/li>\n<li>La s\u00e9curit\u00e9 : Nous donnons la priorit\u00e9 aux produits et services qui sont s\u00fbrs pour nos h\u00f4tes, nos employ\u00e9s et l&rsquo;environnement.<\/li>\n<li>Durabilit\u00e9 : Nous privil\u00e9gions les options respectueuses de l&rsquo;environnement dans la mesure du possible.<\/li>\n<\/ul>\n<p>2. Nous comparons les offres de diff\u00e9rents fournisseurs pour nous assurer que nous obtenons le meilleur rapport qualit\u00e9-prix. Nos d\u00e9cisions d&rsquo;achat sont fond\u00e9es sur des crit\u00e8res objectifs et non sur des relations personnelles. Nous sommes toujours pr\u00eats \u00e0 travailler avec de nouveaux fournisseurs et nous r\u00e9examinons r\u00e9guli\u00e8rement nos partenariats existants.  <\/p>\n<p>3. Nous donnons la priorit\u00e9 aux fournisseurs locaux dans la mesure du possible, afin de stimuler l&rsquo;\u00e9conomie locale.<\/p>\n<p>4. Nous choisissons des produits avec un minimum d&#8217;emballage et donnons la priorit\u00e9 aux options recyclables et r\u00e9utilisables.<\/p>\n<p>5. Nous investissons dans des \u00e9quipements \u00e0 haut rendement \u00e9nerg\u00e9tique afin de r\u00e9duire notre empreinte \u00e9cologique.<\/p>\n<p>6. Nous s\u00e9lectionnons des produits de nettoyage sans danger pour l&rsquo;homme et la plan\u00e8te.[\/et_pb_accordion_item][et_pb_accordion_item title=\u00a0\u00bbPolitique communautaire\u00a0\u00bb _builder_version=\u00a0\u00bb4.27.2&Prime; _module_preset=\u00a0\u00bbdefault\u00a0\u00bb global_colors_info=\u00a0\u00bb{}\u00a0\u00bb open=\u00a0\u00bboff\u00a0\u00bb]Chez AQUILA Hotels  Resorts, nous croyons au bon voisinage. Nous appr\u00e9cions les relations \u00e9troites que nous entretenons avec notre communaut\u00e9 locale et nous nous effor\u00e7ons d&rsquo;avoir un impact positif partout o\u00f9 nous le pouvons. <\/p>\n<p>Voici comment nous manifestons notre soutien :<\/p>\n<ul>\n<li>Approvisionnement local : Nous privil\u00e9gions l&rsquo;approvisionnement de nos aliments et boissons aupr\u00e8s d&rsquo;entreprises locales, en soutenant les agriculteurs et les producteurs locaux.<\/li>\n<li>Prot\u00e9ger nos c\u00f4tes : Nous organisons r\u00e9guli\u00e8rement des nettoyages de plage et encourageons notre personnel et nos h\u00f4tes \u00e0 y participer, afin de pr\u00e9server la puret\u00e9 de notre littoral.<\/li>\n<li>Rendre la pareille : Nous contribuons activement aux \u00e9coles, organisations et initiatives locales qui s&rsquo;efforcent d&rsquo;am\u00e9liorer les conditions de vie de la population locale, de prot\u00e9ger l&rsquo;environnement et de pr\u00e9server la culture et les traditions uniques de notre communaut\u00e9.<\/li>\n<li>Partager les tr\u00e9sors locaux : Nous encourageons nos h\u00f4tes \u00e0 explorer les richesses de notre r\u00e9gion en leur recommandant des restaurants, des march\u00e9s et des centres d&rsquo;artisanat locaux. Nous voulons que nos h\u00f4tes d\u00e9couvrent la cuisine, l&rsquo;histoire et la culture grecques authentiques, afin de cr\u00e9er une exp\u00e9rience de voyage vraiment m\u00e9morable et durable. <\/li>\n<li>Responsabiliser notre \u00e9quipe : Nous impliquons notre personnel dans nos efforts d&rsquo;engagement communautaire par le biais de formations, d&rsquo;ateliers et d&rsquo;activit\u00e9s diverses, afin de favoriser un sentiment de responsabilit\u00e9 partag\u00e9e.<\/li>\n<li>En soutenant notre communaut\u00e9 locale, nous enrichissons l&rsquo;exp\u00e9rience de nos h\u00f4tes et contribuons au bien-\u00eatre de notre environnement. Tout cela fait partie de notre engagement \u00e0 offrir une exp\u00e9rience de vacances authentique et durable. <\/li>\n<\/ul>\n<p><em>Pour en savoir plus sur nos initiatives communautaires, n&rsquo;h\u00e9sitez pas \u00e0 contacter notre service des relations avec les visiteurs ou notre \u00e9quipe \u00e9cologique.<\/em><br \/>\n[\/et_pb_accordion_item][et_pb_accordion_item title=\u00a0\u00bbPolitique de protection de l&apos;enfance\u00a0\u00bb _builder_version=\u00a0\u00bb4.27.2&Prime; _module_preset=\u00a0\u00bbdefault\u00a0\u00bb global_colors_info=\u00a0\u00bb{}\u00a0\u00bb open=\u00a0\u00bboff\u00a0\u00bb]Chez AQUILA Hotels  Resorts, la s\u00e9curit\u00e9 et le bien-\u00eatre des enfants sont d&rsquo;une importance capitale. Nous nous engageons \u00e0 prot\u00e9ger les droits de tous les enfants et \u00e0 assurer leur bien-\u00eatre physique et mental, y compris leur protection contre les abus et l&rsquo;exploitation. Nous consid\u00e9rons toute personne \u00e2g\u00e9e de moins de 18 ans comme un enfant.  <\/p>\n<p>Sensibilisation : Nous pensons que l&rsquo;\u00e9ducation est la cl\u00e9 de la pr\u00e9vention. Nous organisons des ateliers et des s\u00e9minaires pour notre personnel et nous nous adressons \u00e9galement aux \u00e9coles, aux parents et aux membres de la communaut\u00e9 pour les sensibiliser aux droits et \u00e0 la s\u00e9curit\u00e9 des enfants. Nous sommes fiers de collaborer avec \u00ab\u00a0Le sourire de l&rsquo;enfant\u00a0\u00bb, une organisation de protection de l&rsquo;enfance internationalement reconnue, dans le cadre de ces efforts.  <\/p>\n<p>Agir : Nous appliquons une politique de tol\u00e9rance z\u00e9ro \u00e0 l&rsquo;\u00e9gard de tout comportement mettant en danger les enfants. Toute activit\u00e9 suspecte impliquant un enfant, qu&rsquo;elle soit le fait d&rsquo;un invit\u00e9 ou d&rsquo;un employ\u00e9, sera imm\u00e9diatement signal\u00e9e au service national d&rsquo;assistance t\u00e9l\u00e9phonique pour les enfants SOS 1056 \u00ab\u00a0Le sourire de l&rsquo;enfant\u00a0\u00bb.<br \/>\n[\/et_pb_accordion_item][\/et_pb_accordion][\/et_pb_column][\/et_pb_row][et_pb_row column_structure=\u00a0\u00bb1_3,1_3,1_3&Prime; _builder_version=\u00a0\u00bb4.27.4&Prime; _module_preset=\u00a0\u00bbdefault\u00a0\u00bb background_image=\u00a0\u00bbhttps:\/\/aquilahotels.com\/wp-content\/uploads\/2025\/08\/aquila_elounda_village_sustainability.jpg\u00a0\u00bb parallax=\u00a0\u00bbon\u00a0\u00bb parallax_method=\u00a0\u00bboff\u00a0\u00bb width=\u00a0\u00bb100%\u00a0\u00bb max_width=\u00a0\u00bb2560px\u00a0\u00bb min_height=\u00a0\u00bb780px\u00a0\u00bb custom_margin=\u00a0\u00bb-26px|auto||auto|false|false\u00a0\u00bb custom_margin_tablet=\u00a0\u00bb-26px|auto||auto|false|false\u00a0\u00bb custom_margin_phone=\u00a0\u00bb0px||||false|false\u00a0\u00bb custom_margin_last_edited=\u00a0\u00bbon|phone\u00a0\u00bb background_last_edited=\u00a0\u00bbon|phone\u00a0\u00bb parallax_phone=\u00a0\u00bbon\u00a0\u00bb background_size_phone=\u00a0\u00bbcontain\u00a0\u00bb background_blend_phone=\u00a0\u00bbnormal\u00a0\u00bb locked=\u00a0\u00bboff\u00a0\u00bb global_colors_info=\u00a0\u00bb{}\u00a0\u00bb][et_pb_column type=\u00a0\u00bb1_3&Prime; _builder_version=\u00a0\u00bb4.24.2&Prime; _module_preset=\u00a0\u00bbdefault\u00a0\u00bb global_colors_info=\u00a0\u00bb{}\u00a0\u00bb][\/et_pb_column][et_pb_column type=\u00a0\u00bb1_3&Prime; _builder_version=\u00a0\u00bb4.24.2&Prime; _module_preset=\u00a0\u00bbdefault\u00a0\u00bb global_colors_info=\u00a0\u00bb{}\u00a0\u00bb][\/et_pb_column][et_pb_column type=\u00a0\u00bb1_3&Prime; _builder_version=\u00a0\u00bb4.24.2&Prime; _module_preset=\u00a0\u00bbdefault\u00a0\u00bb global_colors_info=\u00a0\u00bb{}\u00a0\u00bb][\/et_pb_column][\/et_pb_row][\/et_pb_section]<\/p>\n","protected":false},"excerpt":{"rendered":"<p>D\u00e9veloppement durable et ESG La durabilit\u00e9 constitue le fondement m\u00eame de la vision d&rsquo;avenir d&rsquo;Aquila Hotels Resorts : notre engagement envers un tourisme responsable est profond\u00e9ment ancr\u00e9, refl\u00e9tant notre attachement \u00e0 cette terre et sa pr\u00e9paration pour la prochaine g\u00e9n\u00e9ration. Attest\u00e9 par des progr\u00e8s continus en mati\u00e8re d&rsquo;ESG, nous maintenons fi\u00e8rement toutes les principales certifications [&hellip;]<\/p>\n","protected":false},"author":1,"featured_media":0,"parent":0,"menu_order":0,"comment_status":"closed","ping_status":"closed","template":"","meta":{"_et_pb_use_builder":"on","_et_pb_old_content":"","_et_gb_content_width":"","footnotes":""},"class_list":["post-5295","page","type-page","status-publish","hentry"],"_links":{"self":[{"href":"https:\/\/aquilahotels.com\/fr\/wp-json\/wp\/v2\/pages\/5295","targetHints":{"allow":["GET"]}}],"collection":[{"href":"https:\/\/aquilahotels.com\/fr\/wp-json\/wp\/v2\/pages"}],"about":[{"href":"https:\/\/aquilahotels.com\/fr\/wp-json\/wp\/v2\/types\/page"}],"author":[{"embeddable":true,"href":"https:\/\/aquilahotels.com\/fr\/wp-json\/wp\/v2\/users\/1"}],"replies":[{"embeddable":true,"href":"https:\/\/aquilahotels.com\/fr\/wp-json\/wp\/v2\/comments?post=5295"}],"version-history":[{"count":2,"href":"https:\/\/aquilahotels.com\/fr\/wp-json\/wp\/v2\/pages\/5295\/revisions"}],"predecessor-version":[{"id":7211,"href":"https:\/\/aquilahotels.com\/fr\/wp-json\/wp\/v2\/pages\/5295\/revisions\/7211"}],"wp:attachment":[{"href":"https:\/\/aquilahotels.com\/fr\/wp-json\/wp\/v2\/media?parent=5295"}],"curies":[{"name":"wp","href":"https:\/\/api.w.org\/{rel}","templated":true}]}}