{"id":4692,"date":"2025-08-09T02:30:32","date_gmt":"2025-08-08T23:30:32","guid":{"rendered":"https:\/\/aquilahotels.com\/contact\/"},"modified":"2025-10-15T23:56:59","modified_gmt":"2025-10-15T20:56:59","slug":"contact","status":"publish","type":"page","link":"https:\/\/aquilahotels.com\/fr\/contact\/","title":{"rendered":"CONTACT"},"content":{"rendered":"<p>[et_pb_section fb_built=\u00a0\u00bb1&Prime; _builder_version=\u00a0\u00bb4.27.4&Prime; _module_preset=\u00a0\u00bbdefault\u00a0\u00bb background_color=\u00a0\u00bbRGBA(255,255,255,0)\u00a0\u00bb background_image=\u00a0\u00bbhttps:\/\/aquilahotels.com\/wp-content\/uploads\/2025\/08\/aquila_porto_rethymno_contact.jpg\u00a0\u00bb background_position=\u00a0\u00bbbottom_center\u00a0\u00bb background_blend=\u00a0\u00bboverlay\u00a0\u00bb custom_padding=\u00a0\u00bb||13px|||\u00a0\u00bb filter_contrast=\u00a0\u00bb120%\u00a0\u00bb filter_sepia=\u00a0\u00bb40%\u00a0\u00bb custom_css_main_element=\u00a0\u00bbmin-height:100vh;\u00a0\u00bb locked=\u00a0\u00bboff\u00a0\u00bb global_colors_info=\u00a0\u00bb{}\u00a0\u00bb][\/et_pb_section][et_pb_section fb_built=\u00a0\u00bb1&Prime; _builder_version=\u00a0\u00bb4.27.2&Prime; _module_preset=\u00a0\u00bbdefault\u00a0\u00bb background_color=\u00a0\u00bb#eae1d2&Prime; custom_margin=\u00a0\u00bb0px||0px||false|false\u00a0\u00bb custom_padding=\u00a0\u00bb0px||0px||false|false\u00a0\u00bb global_colors_info=\u00a0\u00bb{}\u00a0\u00bb][et_pb_row column_structure=\u00a0\u00bb2_5,3_5&Prime; _builder_version=\u00a0\u00bb4.27.2&Prime; _module_preset=\u00a0\u00bbdefault\u00a0\u00bb width_tablet=\u00a0\u00bb\u00a0\u00bb width_phone=\u00a0\u00bb90%\u00a0\u00bb width_last_edited=\u00a0\u00bbon|phone\u00a0\u00bb custom_padding=\u00a0\u00bb60px||||false|false\u00a0\u00bb global_colors_info=\u00a0\u00bb{}\u00a0\u00bb][et_pb_column type=\u00a0\u00bb2_5&Prime; _builder_version=\u00a0\u00bb4.24.3&Prime; _module_preset=\u00a0\u00bbdefault\u00a0\u00bb global_colors_info=\u00a0\u00bb{}\u00a0\u00bb][et_pb_text module_class=\u00a0\u00bbet_pb_slide_titleDifference\u00a0\u00bb _builder_version=\u00a0\u00bb4.24.3&Prime; _module_preset=\u00a0\u00bb_initial\u00a0\u00bb text_text_color=\u00a0\u00bb#313131&Prime; text_font_size=\u00a0\u00bb36px\u00a0\u00bb text_letter_spacing=\u00a0\u00bb1px\u00a0\u00bb text_line_height=\u00a0\u00bb1em\u00a0\u00bb header_line_height=\u00a0\u00bb1.1em\u00a0\u00bb custom_margin=\u00a0\u00bb-1px||||false|false\u00a0\u00bb custom_margin_tablet=\u00a0\u00bb-1px||||false|false\u00a0\u00bb custom_margin_phone=\u00a0\u00bb-1px||||false|false\u00a0\u00bb custom_margin_last_edited=\u00a0\u00bbon|desktop\u00a0\u00bb global_colors_info=\u00a0\u00bb{}\u00a0\u00bb]<\/p>\n<p>Adresse<\/p>\n<p>[\/et_pb_text][et_pb_text _builder_version=\u00a0\u00bb4.27.4&Prime; _module_preset=\u00a0\u00bb_initial\u00a0\u00bb custom_margin=\u00a0\u00bb0px|0px|0px|0px|false|false\u00a0\u00bb custom_margin_tablet=\u00a0\u00bb0px|0px|0px|0px|false|false\u00a0\u00bb custom_margin_phone=\u00a0\u00bb0px|0px|0px|0px|false|false\u00a0\u00bb custom_margin_last_edited=\u00a0\u00bbon|desktop\u00a0\u00bb custom_padding=\u00a0\u00bb0px|0px|0px|0px|false|false\u00a0\u00bb hover_enabled=\u00a0\u00bb0&Prime; global_colors_info=\u00a0\u00bb{}\u00a0\u00bb sticky_enabled=\u00a0\u00bb0&Prime;]<\/p>\n<p><strong><\/strong>Adelianos Kampos, B.P. 181<br \/>Rethymno 74100<br \/>Cr\u00e8te \u2013 Gr\u00e8ce<\/p>\n<p><strong>T\u00e9l. :<\/strong> +30 2831 074040 +30 2831 200100<br \/><strong>Site web :<\/strong> <a href=\"https:\/\/aquilahotels.com\/fr\/\">https:\/\/aquilahotels.com<\/a><br \/><strong>E-mail :<\/strong> <a href=\"mailto:info@aquilahotels.com%20\">info@aquilahotels.com<br \/><\/a><\/p>\n<p>[\/et_pb_text][\/et_pb_column][et_pb_column type=\u00a0\u00bb3_5&Prime; _builder_version=\u00a0\u00bb4.24.3&Prime; _module_preset=\u00a0\u00bbdefault\u00a0\u00bb global_colors_info=\u00a0\u00bb{}\u00a0\u00bb][et_pb_text module_class=\u00a0\u00bbet_pb_slide_titleDifference\u00a0\u00bb _builder_version=\u00a0\u00bb4.24.2&Prime; _module_preset=\u00a0\u00bb_initial\u00a0\u00bb text_text_color=\u00a0\u00bb#313131&Prime; text_font_size=\u00a0\u00bb36px\u00a0\u00bb text_letter_spacing=\u00a0\u00bb1px\u00a0\u00bb text_line_height=\u00a0\u00bb1em\u00a0\u00bb header_line_height=\u00a0\u00bb1.1em\u00a0\u00bb custom_margin=\u00a0\u00bb-1px||||false|false\u00a0\u00bb custom_margin_tablet=\u00a0\u00bb-1px||||false|false\u00a0\u00bb custom_margin_phone=\u00a0\u00bb-1px||||false|false\u00a0\u00bb custom_margin_last_edited=\u00a0\u00bbon|desktop\u00a0\u00bb global_colors_info=\u00a0\u00bb{}\u00a0\u00bb]<\/p>\n<p>Formulaire de contact  <\/p>\n<div id=\"awebChromeHelper\" data-version=\"1.24.2\"><\/div>\n<p>[\/et_pb_text][et_pb_text _builder_version=\u00a0\u00bb4.27.4&Prime; _module_preset=\u00a0\u00bb_initial\u00a0\u00bb custom_margin_tablet=\u00a0\u00bb\u00a0\u00bb custom_margin_phone=\u00a0\u00bb\u00a0\u00bb custom_margin_last_edited=\u00a0\u00bbon|desktop\u00a0\u00bb global_colors_info=\u00a0\u00bb{}\u00a0\u00bb]Votre voyage inoubliable en Cr\u00e8te commence avec Aquila Hotels  Resorts. Contactez-nous et laissez-nous concevoir vos vacances parfaites, adapt\u00e9es \u00e0 vos pr\u00e9f\u00e9rences uniques, que ce soit pour des moments amusants en famille avec les enfants, une s\u00e9r\u00e9nit\u00e9 r\u00e9serv\u00e9e aux adultes ou des explorations urbaines anim\u00e9es.[\/et_pb_text][et_pb_contact_form use_spam_service=\u00a0\u00bbon\u00a0\u00bb recaptcha_list=\u00a0\u00bbyiannisdesp|yiannisdesp-0&Prime; email=\u00a0\u00bbwebmaster@aquilahotels.com,guest.rb@aquilahotels.com\u00a0\u00bb custom_message=\u00a0\u00bbNouveau message du site web AQUILA HOTELS||et_pb_line_break_holder||Nom : %%Name%%||et_pb_line_break_holder||E-mail : %%Email%%||et_pb_line_break_holder||Message : %%Message%%\u00a0\u00bb success_message=\u00a0\u00bbMerci pour votre contact\u00a0\u00bb module_class=\u00a0\u00bbpa-contact-form-labels\u00a0\u00bb _builder_version=\u00a0\u00bb4.27.4&Prime; _module_preset=\u00a0\u00bbdefault\u00a0\u00bb _unique_id=\u00a0\u00bb31bd4e98-89d0-45b3-8453-06097c1590f5&Prime; custom_css_free_form=\u00a0\u00bb\/* \u0395\u03bc\u03c6\u03ac\u03bd\u03b9\u03c3\u03b7 \u03c4\u03c9\u03bd labels \u03c0\u03ac\u03bd\u03c9 \u03b1\u03c0\u03cc \u03c4\u03b1 \u03c0\u03b5\u03b4\u03af\u03b1 *\/||.pa-contact-form-labels .et_pb_contact_form_label {||  display: block !important;||}||||\/* \u0391\u03c0\u03cc\u03ba\u03c1\u03c5\u03c8\u03b7 \u03c4\u03bf\u03c5 inline label \u03ba\u03b5\u03b9\u03bc\u03ad\u03bd\u03bf\u03c5 \u03c0\u03bf\u03c5 \u03b5\u03bc\u03c6\u03b1\u03bd\u03af\u03b6\u03b5\u03c4\u03b1\u03b9 \u03bc\u03ad\u03c3\u03b1 \u03c3\u03c4\u03bf \u03c0\u03b5\u03b4\u03af\u03bf *\/||.pa-contact-form-labels .et_pb_contact_field_options_title {||  display: none;||}||||\/* \u039a\u03ac\u03bd\u03b5\u03b9 \u03c4\u03bf placeholder \u201c\u03b1\u03cc\u03c1\u03b1\u03c4\u03bf\u201d (\u03b4\u03b9\u03b1\u03c4\u03b7\u03c1\u03b5\u03af\u03c4\u03b5 \u03bc\u03cc\u03bd\u03bf \u03c4\u03bf background color) *\/||.pa-contact-form-labels input::placeholder,||.pa-contact-form-labels textarea::placeholder {||  color: #eee !important;||}\u00a0\u00bb global_colors_info=\u00a0\u00bb{}\u00a0\u00bb][et_pb_contact_field field_id=\u00a0\u00bbName\u00a0\u00bb field_title=\u00a0\u00bbNom\u00a0\u00bb _builder_version=\u00a0\u00bb4.16&Prime; global_colors_info=\u00a0\u00bb{}\u00a0\u00bb button_text_size__hover_enabled=\u00a0\u00bboff\u00a0\u00bb button_one_text_size__hover_enabled=\u00a0\u00bboff\u00a0\u00bb button_two_text_size__hover_enabled=\u00a0\u00bboff\u00a0\u00bb button_text_color__hover_enabled=\u00a0\u00bboff\u00a0\u00bb button_one_text_color__hover_enabled=\u00a0\u00bboff\u00a0\u00bb button_two_text_color__hover_enabled=\u00a0\u00bboff\u00a0\u00bb button_border_width__hover_enabled=\u00a0\u00bboff\u00a0\u00bb button_one_border_width__hover_enabled=\u00a0\u00bboff\u00a0\u00bb button_two_border_width__hover_enabled=\u00a0\u00bboff\u00a0\u00bb button_border_color__hover_enabled=\u00a0\u00bboff\u00a0\u00bb button_one_border_color__hover_enabled=\u00a0\u00bboff\u00a0\u00bb button_two_border_color__hover_enabled=\u00a0\u00bboff\u00a0\u00bb button_border_radius__hover_enabled=\u00a0\u00bboff\u00a0\u00bb button_one_border_radius__hover_enabled=\u00a0\u00bboff\u00a0\u00bb button_two_border_radius__hover_enabled=\u00a0\u00bboff\u00a0\u00bb button_letter_spacing__hover_enabled=\u00a0\u00bboff\u00a0\u00bb button_one_letter_spacing__hover_enabled=\u00a0\u00bboff\u00a0\u00bb button_two_letter_spacing__hover_enabled=\u00a0\u00bboff\u00a0\u00bb button_bg_color__hover_enabled=\u00a0\u00bboff\u00a0\u00bb button_one_bg_color__hover_enabled=\u00a0\u00bboff\u00a0\u00bb button_two_bg_color__hover_enabled=\u00a0\u00bboff\u00a0\u00bb][\/et_pb_contact_field][et_pb_contact_field field_id=\u00a0\u00bbEmail\u00a0\u00bb field_title=\u00a0\u00bbAdresse \u00e9lectronique\u00a0\u00bb field_type=\u00a0\u00bbemail\u00a0\u00bb _builder_version=\u00a0\u00bb4.16&Prime; global_colors_info=\u00a0\u00bb{}\u00a0\u00bb button_text_size__hover_enabled=\u00a0\u00bboff\u00a0\u00bb button_one_text_size__hover_enabled=\u00a0\u00bboff\u00a0\u00bb button_two_text_size__hover_enabled=\u00a0\u00bboff\u00a0\u00bb button_text_color__hover_enabled=\u00a0\u00bboff\u00a0\u00bb button_one_text_color__hover_enabled=\u00a0\u00bboff\u00a0\u00bb button_two_text_color__hover_enabled=\u00a0\u00bboff\u00a0\u00bb button_border_width__hover_enabled=\u00a0\u00bboff\u00a0\u00bb button_one_border_width__hover_enabled=\u00a0\u00bboff\u00a0\u00bb button_two_border_width__hover_enabled=\u00a0\u00bboff\u00a0\u00bb button_border_color__hover_enabled=\u00a0\u00bboff\u00a0\u00bb button_one_border_color__hover_enabled=\u00a0\u00bboff\u00a0\u00bb button_two_border_color__hover_enabled=\u00a0\u00bboff\u00a0\u00bb button_border_radius__hover_enabled=\u00a0\u00bboff\u00a0\u00bb button_one_border_radius__hover_enabled=\u00a0\u00bboff\u00a0\u00bb button_two_border_radius__hover_enabled=\u00a0\u00bboff\u00a0\u00bb button_letter_spacing__hover_enabled=\u00a0\u00bboff\u00a0\u00bb button_one_letter_spacing__hover_enabled=\u00a0\u00bboff\u00a0\u00bb button_two_letter_spacing__hover_enabled=\u00a0\u00bboff\u00a0\u00bb button_bg_color__hover_enabled=\u00a0\u00bboff\u00a0\u00bb button_one_bg_color__hover_enabled=\u00a0\u00bboff\u00a0\u00bb button_two_bg_color__hover_enabled=\u00a0\u00bboff\u00a0\u00bb][\/et_pb_contact_field][et_pb_contact_field field_id=\u00a0\u00bbMessage\u00a0\u00bb field_title=\u00a0\u00bbMessage\u00a0\u00bb field_type=\u00a0\u00bbtext\u00a0\u00bb fullwidth_field=\u00a0\u00bbon\u00a0\u00bb _builder_version=\u00a0\u00bb4.16&Prime; global_colors_info=\u00a0\u00bb{}\u00a0\u00bb button_text_size__hover_enabled=\u00a0\u00bboff\u00a0\u00bb button_one_text_size__hover_enabled=\u00a0\u00bboff\u00a0\u00bb button_two_text_size__hover_enabled=\u00a0\u00bboff\u00a0\u00bb button_text_color__hover_enabled=\u00a0\u00bboff\u00a0\u00bb button_one_text_color__hover_enabled=\u00a0\u00bboff\u00a0\u00bb button_two_text_color__hover_enabled=\u00a0\u00bboff\u00a0\u00bb button_border_width__hover_enabled=\u00a0\u00bboff\u00a0\u00bb button_one_border_width__hover_enabled=\u00a0\u00bboff\u00a0\u00bb button_two_border_width__hover_enabled=\u00a0\u00bboff\u00a0\u00bb button_border_color__hover_enabled=\u00a0\u00bboff\u00a0\u00bb button_one_border_color__hover_enabled=\u00a0\u00bboff\u00a0\u00bb button_two_border_color__hover_enabled=\u00a0\u00bboff\u00a0\u00bb button_border_radius__hover_enabled=\u00a0\u00bboff\u00a0\u00bb button_one_border_radius__hover_enabled=\u00a0\u00bboff\u00a0\u00bb button_two_border_radius__hover_enabled=\u00a0\u00bboff\u00a0\u00bb button_letter_spacing__hover_enabled=\u00a0\u00bboff\u00a0\u00bb button_one_letter_spacing__hover_enabled=\u00a0\u00bboff\u00a0\u00bb button_two_letter_spacing__hover_enabled=\u00a0\u00bboff\u00a0\u00bb button_bg_color__hover_enabled=\u00a0\u00bboff\u00a0\u00bb button_one_bg_color__hover_enabled=\u00a0\u00bboff\u00a0\u00bb button_two_bg_color__hover_enabled=\u00a0\u00bboff\u00a0\u00bb][\/et_pb_contact_field][\/et_pb_contact_form][\/et_pb_column][\/et_pb_row][\/et_pb_section][et_pb_section fb_built=\u00a0\u00bb1&Prime; disabled_on=\u00a0\u00bboff|off|on\u00a0\u00bb module_class=\u00a0\u00bbstickyBook\u00a0\u00bb _builder_version=\u00a0\u00bb4.27.2&Prime; _module_preset=\u00a0\u00bbdefault\u00a0\u00bb background_color=\u00a0\u00bb#b6a486&Prime; custom_margin=\u00a0\u00bb0px||0px||false|false\u00a0\u00bb custom_padding=\u00a0\u00bb0px||0px||false|false\u00a0\u00bb locked=\u00a0\u00bboff\u00a0\u00bb global_colors_info=\u00a0\u00bb{}\u00a0\u00bb][et_pb_row _builder_version=\u00a0\u00bb4.27.0&Prime; _module_preset=\u00a0\u00bbdefault\u00a0\u00bb custom_margin=\u00a0\u00bb0px||0px||false|false\u00a0\u00bb custom_padding=\u00a0\u00bb10px||10px||false|false\u00a0\u00bb global_colors_info=\u00a0\u00bb{}\u00a0\u00bb][et_pb_column type=\u00a0\u00bb4_4&Prime; _builder_version=\u00a0\u00bb4.27.0&Prime; _module_preset=\u00a0\u00bbdefault\u00a0\u00bb global_colors_info=\u00a0\u00bb{}\u00a0\u00bb][et_pb_button button_url=\u00a0\u00bb@ET-DC@eyJkeW5hbWljIjp0cnVlLCJjb250ZW50IjoicG9zdF9saW5rX3VybF9wYWdlIiwic2V0dGluZ3MiOnsicG9zdF9pZCI6IjI1NDAifX0=@\u00a0\u00bb button_text=\u00a0\u00bbV\u00e9rifier les tarifs\u00a0\u00bb button_alignment=\u00a0\u00bbcenter\u00a0\u00bb _builder_version=\u00a0\u00bb4.27.2&Prime; _dynamic_attributes=\u00a0\u00bbbutton_url\u00a0\u00bb _module_preset=\u00a0\u00bbdefault\u00a0\u00bb custom_button=\u00a0\u00bbon\u00a0\u00bb button_text_size=\u00a0\u00bb17px\u00a0\u00bb button_text_color=\u00a0\u00bb#FFFFFF\u00a0\u00bb button_bg_color=\u00a0\u00bb#b6a486&Prime; button_border_color=\u00a0\u00bbrgba(182,164,134,0.66)\u00a0\u00bb custom_margin=\u00a0\u00bb0px||0px||false|false\u00a0\u00bb locked=\u00a0\u00bboff\u00a0\u00bb global_colors_info=\u00a0\u00bb{}\u00a0\u00bb]<br \/>\n[\/et_pb_button][\/et_pb_column][\/et_pb_row][\/et_pb_section]<\/p>\n","protected":false},"excerpt":{"rendered":"<p>Adresse Adelianos Kampos, B.P. 181Rethymno 74100Cr\u00e8te \u2013 Gr\u00e8ce T\u00e9l. : +30 2831 074040 +30 2831 200100Site web : https:\/\/aquilahotels.comE-mail : info@aquilahotels.comFormulaire de contact Votre voyage inoubliable en Cr\u00e8te commence avec Aquila Hotels Resorts. Contactez-nous et laissez-nous concevoir vos vacances parfaites, adapt\u00e9es \u00e0 vos pr\u00e9f\u00e9rences uniques, que ce soit pour des moments amusants en famille avec [&hellip;]<\/p>\n","protected":false},"author":1,"featured_media":0,"parent":0,"menu_order":0,"comment_status":"closed","ping_status":"closed","template":"","meta":{"_et_pb_use_builder":"on","_et_pb_old_content":"","_et_gb_content_width":"","footnotes":""},"class_list":["post-4692","page","type-page","status-publish","hentry"],"_links":{"self":[{"href":"https:\/\/aquilahotels.com\/fr\/wp-json\/wp\/v2\/pages\/4692","targetHints":{"allow":["GET"]}}],"collection":[{"href":"https:\/\/aquilahotels.com\/fr\/wp-json\/wp\/v2\/pages"}],"about":[{"href":"https:\/\/aquilahotels.com\/fr\/wp-json\/wp\/v2\/types\/page"}],"author":[{"embeddable":true,"href":"https:\/\/aquilahotels.com\/fr\/wp-json\/wp\/v2\/users\/1"}],"replies":[{"embeddable":true,"href":"https:\/\/aquilahotels.com\/fr\/wp-json\/wp\/v2\/comments?post=4692"}],"version-history":[{"count":8,"href":"https:\/\/aquilahotels.com\/fr\/wp-json\/wp\/v2\/pages\/4692\/revisions"}],"predecessor-version":[{"id":7051,"href":"https:\/\/aquilahotels.com\/fr\/wp-json\/wp\/v2\/pages\/4692\/revisions\/7051"}],"wp:attachment":[{"href":"https:\/\/aquilahotels.com\/fr\/wp-json\/wp\/v2\/media?parent=4692"}],"curies":[{"name":"wp","href":"https:\/\/api.w.org\/{rel}","templated":true}]}}