{"id":5316,"date":"2025-08-09T00:56:09","date_gmt":"2025-08-08T21:56:09","guid":{"rendered":"https:\/\/aquilahotels.com\/datenschutzbestimmungen\/"},"modified":"2025-09-04T03:36:45","modified_gmt":"2025-09-04T00:36:45","slug":"datenschutzbestimmungen","status":"publish","type":"page","link":"https:\/\/aquilahotels.com\/de\/datenschutzbestimmungen\/","title":{"rendered":"Datenschutzbestimmungen"},"content":{"rendered":"<p>[et_pb_section fb_built=&#8220;1&#8243; _builder_version=&#8220;4.26.0&#8243; _module_preset=&#8220;default&#8220; background_color=&#8220;#f3eee7&#8243; global_colors_info=&#8220;{}&#8220; theme_builder_area=&#8220;post_content&#8220;][et_pb_row _builder_version=&#8220;4.24.3&#8243; _module_preset=&#8220;default&#8220; width=&#8220;100%&#8220; max_width=&#8220;2560px&#8220; custom_padding=&#8220;41px||60px|||&#8220; locked=&#8220;off&#8220; global_colors_info=&#8220;{}&#8220; theme_builder_area=&#8220;post_content&#8220;][et_pb_column type=&#8220;4_4&#8243; _builder_version=&#8220;4.24.3&#8243; _module_preset=&#8220;default&#8220; global_colors_info=&#8220;{}&#8220; theme_builder_area=&#8220;post_content&#8220;][et_pb_text module_class=&#8220;et_pb_slide_titleDifference&#8220; _builder_version=&#8220;4.26.0&#8243; _module_preset=&#8220;default&#8220; text_text_color=&#8220;#313131&#8243; text_font_size=&#8220;36px&#8220; text_letter_spacing=&#8220;1px&#8220; text_line_height=&#8220;1.5em&#8220; custom_margin=&#8220;-2px||20px||false|false&#8220; global_colors_info=&#8220;{}&#8220; theme_builder_area=&#8220;post_content&#8220;]<\/p>\n<p style=\"text-align: center;\">AQUILA HOTELS &amp; RESORTS DATENSCHUTZPOLITIK<\/p>\n<p>[\/et_pb_text][\/et_pb_column][\/et_pb_row][et_pb_row _builder_version=&#8220;4.24.3&#8243; _module_preset=&#8220;default&#8220; custom_padding=&#8220;0px|||||&#8220; global_colors_info=&#8220;{}&#8220; theme_builder_area=&#8220;post_content&#8220;][et_pb_column type=&#8220;4_4&#8243; _builder_version=&#8220;4.24.3&#8243; _module_preset=&#8220;default&#8220; global_colors_info=&#8220;{}&#8220; theme_builder_area=&#8220;post_content&#8220;][et_pb_text _builder_version=&#8220;4.26.0&#8243; _module_preset=&#8220;default&#8220; global_colors_info=&#8220;{}&#8220; theme_builder_area=&#8220;post_content&#8220;]<\/p>\n<p>Das Unternehmen AQUILA HOTELS &amp; RESORTS (im Folgenden als &#8222;Unternehmen&#8220; oder &#8222;wir&#8220; bezeichnet) versucht, Ihnen ein Erlebnis zu bieten, das den Bed\u00fcrfnissen unserer Besucher entspricht, indem es verantwortungsvoll mit den \u00fcber unsere Website gesammelten Informationen umgeht. Wir verpflichten uns, Ihre Privatsph\u00e4re zu respektieren und die geltenden Gesetze zum Datenschutz und zur Privatsph\u00e4re einzuhalten. <\/p>\n<p>Die Verarbeitung Ihrer personenbezogenen Daten unterliegt diesen Bedingungen, den einschl\u00e4gigen Bestimmungen des griechischen und des EU-Rechtsrahmens zum Datenschutz, einschlie\u00dflich der Allgemeinen Datenschutzverordnung (2016\/679), sowie den einschl\u00e4gigen Beschl\u00fcssen, Leitlinien und Verordnungen der Griechischen Datenschutzbeh\u00f6rde.<\/p>\n<p>Diese Datenschutzrichtlinie (die &#8222;Richtlinie&#8220;) ist integraler Bestandteil der Nutzungsbedingungen unserer Website und kann \u00c4nderungen unterworfen sein. Wir empfehlen Ihnen, unsere Datenschutzrichtlinie regelm\u00e4\u00dfig zu \u00fcberpr\u00fcfen, um \u00fcber etwaige \u00c4nderungen informiert und auf dem Laufenden zu bleiben. Indem Sie unsere Website besuchen und durch sie navigieren, erkl\u00e4ren Sie sich mit dieser Datenschutzrichtlinie in der jeweils g\u00fcltigen Fassung einverstanden. Wenn wesentliche \u00c4nderungen vorgenommen werden, werden wir sicherstellen, dass ein entsprechender Hinweis f\u00fcr die Besucher unserer Website ver\u00f6ffentlicht wird.   <\/p>\n<p>In dieser Richtlinie wird erl\u00e4utert, wie wir Informationen sammeln, verarbeiten und\/oder nutzen, die wir \u00fcber unsere Websites, von uns gesendete E-Mails und mobile Anwendungen (zusammen die &#8222;Plattform&#8220; &#8211; wenn nur Website, verwenden Sie den Begriff &#8222;Website&#8220;) erhalten, die mit dieser Richtlinie verlinkt sind, die von Zeit zu Zeit ge\u00e4ndert wird. Diese Richtlinie beschreibt auch, wie wir die pers\u00f6nlichen Daten, die Sie uns zur Verf\u00fcgung stellen, sammeln, verarbeiten, nutzen und weitergeben. Sie beschreibt auch Ihre Wahlm\u00f6glichkeiten in Bezug auf die Verwendung, den Zugriff, die \u00dcbertragung, die Korrektur und die L\u00f6schung Ihrer personenbezogenen Daten.  <\/p>\n<p><strong><em>1. Informationen, die wir sammeln<\/em><\/strong><\/p>\n<p>Wir sammeln Informationen \u00fcber Sie, um unsere Dienstleistungen zu erbringen. Damit wir Ihnen unsere Dienste bestm\u00f6glich zur Verf\u00fcgung stellen und die Beziehung zu Ihnen erf\u00fcllen k\u00f6nnen, ist es wichtig, dass wir in der Lage sind, die Informationen wie in dieser Richtlinie beschrieben zu erfassen und zu verwenden. <\/p>\n<p><strong><em>1.1 Informationen, die Sie uns geben<\/em><\/strong><\/p>\n<p>Wenn Sie Ihre Daten \u00fcbermitteln, um Newsletter oder andere Updates zu erhalten und\/oder um eine Reservierung vorzunehmen oder sich f\u00fcr angebotene Programme anzumelden, sammeln und speichern wir Ihre Daten ausschlie\u00dflich f\u00fcr die unten genannten Zwecke. In diesem Zusammenhang erfassen wir die von Ihnen \u00fcbermittelten Daten wie Name, Wohnort, E-Mail, Telefonnummer, Mobiltelefon, Fax, Kreditkarteninformationen, Geburtsdatum und Geschlecht. <\/p>\n<p><strong><em>1.2 Automatisch erfasste Informationen<\/em><\/strong><\/p>\n<p>Wenn Sie die Website nutzen, \u00fcbermittelt Ihr Ger\u00e4t automatisch Informationen an uns, damit wir reagieren und unsere Antwort auf Sie abstimmen k\u00f6nnen. Zu den Informationen, die wir auf automatisiertem Wege sammeln, geh\u00f6ren in der Regel technische Informationen \u00fcber Ihren Computer, wie Ihre IP-Adresse oder eine andere Ger\u00e4tekennung, die Art des von Ihnen verwendeten Ger\u00e4ts und die Version des Betriebssystems. Die von uns gesammelten Informationen k\u00f6nnen auch Nutzungsdaten und Statistiken \u00fcber Ihre Interaktion mit der Website enthalten. Diese Informationen k\u00f6nnen die URLs unserer Webseiten, die Sie besucht haben, URLs von verweisenden und verlassenden Seiten, Seitenaufrufe, Verweildauer auf einer Seite, Anzahl der Klicks, Plattformtyp, Standortdaten (wenn Sie den Zugriff auf Ihren Standort auf Ihrem Mobilger\u00e4t aktiviert haben) und andere Informationen dar\u00fcber, wie Sie die Plattform genutzt haben, umfassen.   <\/p>\n<p>Diese Informationen werden mit Hilfe von <em>Cookies und anderen \u00e4hnlichen Tracking-Technologien<\/em> gesammelt. Wir empfehlen Ihnen dringend, unsere Cookie-Richtlinie zu lesen, um mehr \u00fcber Cookies zu erfahren, wie wir sie verwenden und wie Sie die Verwendung von Cookies kontrollieren k\u00f6nnen. <\/p>\n<ol start=\"2\">\n<li><strong><em>Warum wir Ihre Informationen sammeln<\/em><\/strong><\/li>\n<\/ol>\n<p>Wir verarbeiten Ihre Daten ausschlie\u00dflich zu den unten genannten Zwecken:<\/p>\n<table class=\" alignleft\">\n<tbody>\n<tr>\n<td width=\"284\"><strong><em>Zweck<\/em><\/strong><\/td>\n<td width=\"284\"><strong><em>Erl\u00e4uterung<\/em><\/strong><\/td>\n<\/tr>\n<tr>\n<td width=\"284\">Erbringung von Dienstleistungen<\/td>\n<td width=\"284\">Wenn Sie eine Reservierung \u00fcber unsere Website vornehmen, m\u00fcssen Sie Ihre pers\u00f6nlichen Daten angeben. Wir erheben Ihre personenbezogenen Daten, um Ihnen die von Ihnen angeforderten Dienstleistungen anbieten zu k\u00f6nnen, um die von Ihnen durchgef\u00fchrten Transaktionen abzuschlie\u00dfen, um sicherzustellen, dass wir Ihre Bed\u00fcrfnisse erf\u00fcllen, wenn Sie unsere Dienstleistungen in Anspruch nehmen, und\/oder um Sie in Bezug auf die Bereitstellung unserer Dienstleistungen zu kontaktieren. <\/td>\n<\/tr>\n<tr>\n<td width=\"284\">Wir halten Sie \u00fcber Entwicklungen auf dem Laufenden<\/td>\n<td width=\"284\">Wenn Sie Ihre Zustimmung geben, indem Sie Ihre Daten in das Feld f\u00fcr das Abonnement unseres Newsletters eintragen, werden wir Ihre Daten registrieren und Ihnen Newsletter und Updates zusenden.<\/td>\n<\/tr>\n<tr>\n<td width=\"284\">Verbesserung der Dienstleistungen<\/td>\n<td width=\"284\">Wir speichern Ihre Daten und die Historie der Nutzung unserer Dienste, um Statistiken zu erstellen, die es uns erm\u00f6glichen, die Besuche und die Navigation der Nutzer auf unserer Website besser zu bewerten, um deren Inhalt und Struktur zu verbessern.<\/td>\n<\/tr>\n<tr>\n<td width=\"284\">Marketing-Material<\/td>\n<td width=\"284\">Wenn Sie uns Ihre Zustimmung geben, verwenden wir Ihre Kontaktdaten, um Sie zu kontaktieren, um Ihnen Marketingmaterial zuzusenden und Sie \u00fcber Sonderangebote\/Rabatte oder andere Werbeaktionen zu informieren.<\/td>\n<\/tr>\n<tr>\n<td width=\"284\">Gezielte Werbung<\/td>\n<td width=\"284\">Wenn Sie Ihre Zustimmung geben, gezielte Werbung auf der Grundlage Ihrer Pr\u00e4ferenzen oder Kundensegmentierung zu erhalten, werden wir automatisierte Mittel einsetzen, um die von Ihnen zur Verf\u00fcgung gestellten Informationen und die Historie Ihrer Transaktionen auf unserer Website zu verarbeiten, um Ihnen Nachrichten, Sonderangebote und Werbematerial zu senden, die f\u00fcr Ihr Profil und Ihre Pr\u00e4ferenzen relevant sind.<\/td>\n<\/tr>\n<\/tbody>\n<\/table>\n<p><strong> <\/strong><\/p>\n<p><strong>Bez\u00fcglich der Verwendung von Daten, die durch Cookies gesammelt werden, lesen Sie bitte unsere <a href=\"https:\/\/eloundavillage.com\/cookie-policy.html\" target=\"_blank\" rel=\"noopener\">Cookie-Richtlinie<\/a>.<\/strong><\/p>\n<ol start=\"6\">\n<li><strong><em>Empf\u00e4nger Ihrer Daten<\/em><\/strong><\/li>\n<\/ol>\n<p>Zugang zu Ihren Daten haben nur unsere ordnungsgem\u00e4\u00df bevollm\u00e4chtigten Mitarbeiter oder Gesch\u00e4ftspartner, die f\u00fcr die oben genannten Zwecke der Verarbeitung in unserem Auftrag handeln, indem sie uns IT-Dienste f\u00fcr die Registrierung und Speicherung Ihrer Daten, f\u00fcr den Betrieb unserer Website und\/oder Kundenbetreuungsdienste und\/oder f\u00fcr den Versand von Marketingbotschaften oder die Durchf\u00fchrung von Marktforschung anbieten.<\/p>\n<ol start=\"7\">\n<li><strong><em>Dauer der Bearbeitung<\/em><\/strong><\/li>\n<\/ol>\n<p>Die Aufbewahrungsfristen k\u00f6nnen je nach Art der Informationen und ihrer Verwendung erheblich variieren. Unsere Aufbewahrungsfristen basieren auf Kriterien wie gesetzlich vorgeschriebene Aufbewahrungsfristen, anh\u00e4ngige oder potenzielle Rechtsstreitigkeiten, unser geistiges Eigentum oder Eigentumsrechte, vertragliche Anforderungen, betriebliche Richtlinien oder Bed\u00fcrfnisse und historische Archivierung. Wir bewahren Ihre Daten f\u00fcr 5 Jahre ab dem letzten Vorfall der Nutzung unserer Dienste auf. Danach werden Ihre Daten gel\u00f6scht, es sei denn, Sie erneuern Ihre Zustimmung zu deren Verarbeitung. Sie k\u00f6nnen jederzeit verlangen, dass wir die Zusendung von Marketingmaterial an Sie einstellen und\/oder Ihre Daten l\u00f6schen.    <\/p>\n<ol start=\"8\">\n<li><strong><em>Ihre Rechte<\/em><\/strong><\/li>\n<\/ol>\n<p>Unser Unternehmen gew\u00e4hrleistet Ihre Rechte in Bezug auf die Verarbeitung personenbezogener Daten und sorgt daf\u00fcr, dass Sie diese aus\u00fcben k\u00f6nnen.<\/p>\n<p>Sie haben das Recht, einen Antrag zu stellen:<\/p>\n<p>8.1 Zugang zu Ihren pers\u00f6nlichen Daten<\/p>\n<p>8.2 Berichtigung Ihrer pers\u00f6nlichen Daten, wenn diese ungenau oder unvollst\u00e4ndig sind.<\/p>\n<p>8.3 L\u00f6schung Ihrer personenbezogenen Daten, es sei denn, deren Verarbeitung ist f\u00fcr die Aus\u00fcbung von Rechtsanspr\u00fcchen von AQUILA HOTELS &amp; RESORTS oder Dritten, f\u00fcr die Erf\u00fcllung einer rechtlichen Verpflichtung, aus Gr\u00fcnden des \u00f6ffentlichen Interesses oder zur Verteidigung unserer Rechte vor Gericht oder anderen Beh\u00f6rden erforderlich.<\/p>\n<p>8.4 Einschr\u00e4nkung der Verarbeitung Ihrer pers\u00f6nlichen Daten nur f\u00fcr bestimmte Zwecke.<\/p>\n<p>8.5 Sie k\u00f6nnen Ihre Zustimmung zur Verarbeitung Ihrer personenbezogenen Daten f\u00fcr Marketingzwecke und\/oder gezielte Werbung jederzeit widerrufen, indem Sie eine E-Mail oder eine schriftliche Anfrage an die unten stehenden Kontaktdaten senden. In diesem Fall wird ihre Verarbeitung durch uns ausgesetzt, dies hat jedoch keinen Einfluss auf die Rechtm\u00e4\u00dfigkeit der bis zum Zeitpunkt des Widerrufs erfolgten Verarbeitung. <\/p>\n<p>Um eines der oben genannten Rechte auszu\u00fcben, empfehlen wir Ihnen, unser &#8222;Antragsformular f\u00fcr Betroffene&#8220; zu verwenden und es gem\u00e4\u00df den Anweisungen auf unserer Website https:\/\/aquilahotels.com\/wp-content\/uploads\/2018\/07\/Data-Subject-Request-Form_FINAL_EN.pdf einzureichen. Sie k\u00f6nnen uns auch eine E-Mail schicken oder eine schriftliche Anfrage an unsere unten stehenden Kontaktdaten richten. <\/p>\n<p>Wenn Sie der Meinung sind, dass Ihre Datenschutzrechte verletzt wurden, haben Sie das Recht, eine Beschwerde bei der Datenschutzbeh\u00f6rde von Hellenci einzureichen.(<strong><a href=\"http:\/\/www.dpa.gr\/\" target=\"_blank\" rel=\"noopener\">www.dpa.gr<\/a><\/strong><strong>)<\/strong><\/p>\n<div class=\"wpb_text_column wpb_content_element \">\n<div class=\"wpb_wrapper\">\n<p class=\"mainTextConteiner\"><strong>Hauptgesch\u00e4ftsstelle<\/strong><br \/>340,Kifisias ave.15451, N.Psychiko, Athen Griechenland<br \/>Tel.:+30-210-6773356 FAX.:+30210-6773358<br \/>e-mail :<strong> info@aquilahotels.com<\/strong><\/p>\n<\/div>\n<\/div>\n<p>[\/et_pb_text][\/et_pb_column][\/et_pb_row][\/et_pb_section]<\/p>\n","protected":false},"excerpt":{"rendered":"<p>AQUILA HOTELS &amp; RESORTS DATENSCHUTZPOLITIKDas Unternehmen AQUILA HOTELS &amp; RESORTS (im Folgenden als &#8222;Unternehmen&#8220; oder &#8222;wir&#8220; bezeichnet) versucht, Ihnen ein Erlebnis zu bieten, das den Bed\u00fcrfnissen unserer Besucher entspricht, indem es verantwortungsvoll mit den \u00fcber unsere Website gesammelten Informationen umgeht. Wir verpflichten uns, Ihre Privatsph\u00e4re zu respektieren und die geltenden Gesetze zum Datenschutz und zur [&hellip;]<\/p>\n","protected":false},"author":1,"featured_media":0,"parent":0,"menu_order":0,"comment_status":"closed","ping_status":"closed","template":"","meta":{"_et_pb_use_builder":"on","_et_pb_old_content":"","_et_gb_content_width":"","footnotes":""},"class_list":["post-5316","page","type-page","status-publish","hentry"],"_links":{"self":[{"href":"https:\/\/aquilahotels.com\/de\/wp-json\/wp\/v2\/pages\/5316","targetHints":{"allow":["GET"]}}],"collection":[{"href":"https:\/\/aquilahotels.com\/de\/wp-json\/wp\/v2\/pages"}],"about":[{"href":"https:\/\/aquilahotels.com\/de\/wp-json\/wp\/v2\/types\/page"}],"author":[{"embeddable":true,"href":"https:\/\/aquilahotels.com\/de\/wp-json\/wp\/v2\/users\/1"}],"replies":[{"embeddable":true,"href":"https:\/\/aquilahotels.com\/de\/wp-json\/wp\/v2\/comments?post=5316"}],"version-history":[{"count":10,"href":"https:\/\/aquilahotels.com\/de\/wp-json\/wp\/v2\/pages\/5316\/revisions"}],"predecessor-version":[{"id":5378,"href":"https:\/\/aquilahotels.com\/de\/wp-json\/wp\/v2\/pages\/5316\/revisions\/5378"}],"wp:attachment":[{"href":"https:\/\/aquilahotels.com\/de\/wp-json\/wp\/v2\/media?parent=5316"}],"curies":[{"name":"wp","href":"https:\/\/api.w.org\/{rel}","templated":true}]}}