{"id":5255,"date":"2025-08-08T23:53:40","date_gmt":"2025-08-08T20:53:40","guid":{"rendered":"https:\/\/aquilahotels.com\/nachhaltigkeit\/"},"modified":"2025-11-06T02:40:54","modified_gmt":"2025-11-06T00:40:54","slug":"nachhaltigkeit","status":"publish","type":"page","link":"https:\/\/aquilahotels.com\/de\/nachhaltigkeit\/","title":{"rendered":"Nachhaltigkeit"},"content":{"rendered":"<p>[et_pb_section fb_built=&#8220;1&#8243; _builder_version=&#8220;4.27.2&#8243; _module_preset=&#8220;default&#8220; background_color=&#8220;#FFFFFF&#8220; background_enable_image=&#8220;off&#8220; background_blend=&#8220;overlay&#8220; min_height=&#8220;376.4px&#8220; custom_margin=&#8220;0px||0px||false|false&#8220; custom_padding=&#8220;0px||0px||false|false&#8220; locked=&#8220;off&#8220; global_colors_info=&#8220;{}&#8220;][et_pb_row _builder_version=&#8220;4.27.2&#8243; _module_preset=&#8220;default&#8220; width_tablet=&#8220;&#8220; width_phone=&#8220;90%&#8220; width_last_edited=&#8220;on|phone&#8220; custom_margin=&#8220;0px||0px||false|false&#8220; custom_padding=&#8220;120px||120px||false|false&#8220; global_colors_info=&#8220;{}&#8220;][et_pb_column type=&#8220;4_4&#8243; _builder_version=&#8220;4.24.3&#8243; _module_preset=&#8220;default&#8220; global_colors_info=&#8220;{}&#8220;][et_pb_text module_class=&#8220;et_pb_slide_titleDifference&#8220; _builder_version=&#8220;4.27.4&#8243; _module_preset=&#8220;_initial&#8220; text_font=&#8220;||||||||&#8220; text_text_color=&#8220;#000000&#8243; text_font_size=&#8220;36px&#8220; text_letter_spacing=&#8220;1px&#8220; text_line_height=&#8220;1em&#8220; header_line_height=&#8220;1.1em&#8220; custom_margin=&#8220;0px||30px||false|false&#8220; custom_margin_tablet=&#8220;0px||30px||false|false&#8220; custom_margin_phone=&#8220;0px||30px||false|false&#8220; custom_margin_last_edited=&#8220;on|desktop&#8220; global_colors_info=&#8220;{}&#8220;]<\/p>\n<p style=\"text-align: center;\">Nachhaltigkeit &amp; ESG<\/p>\n<div id=\"awebChromeHelper\" data-version=\"1.24.2\"><\/div>\n<div id=\"awebChromeHelper\" data-version=\"1.24.2\"><\/div>\n<p>[\/et_pb_text][et_pb_text _builder_version=&#8220;4.27.4&#8243; _module_preset=&#8220;_initial&#8220; custom_margin_tablet=&#8220;&#8220; custom_margin_phone=&#8220;&#8220; custom_margin_last_edited=&#8220;on|desktop&#8220; global_colors_info=&#8220;{}&#8220;]<\/p>\n<p style=\"text-align: center;\">Nachhaltigkeit bildet das Fundament der Vision von Aquila Hotels &amp; Resorts f\u00fcr die Zukunft: Unser Engagement f\u00fcr verantwortungsvollen Tourismus ist tief verwurzelt und spiegelt unsere Wertsch\u00e4tzung f\u00fcr dieses Land wider, das wir f\u00fcr die n\u00e4chste Generation vorbereiten. Dies wird durch kontinuierliche ESG-Fortschritte belegt. Wir sind stolz darauf, alle wichtigen internationalen Zertifizierungen in unseren H\u00e4usern aufrechtzuerhalten, darunter Travelife, ISO 14001, ISO 50001, ISO 22000 und Green Key. Zu unseren strategischen Zielen geh\u00f6ren eine Reduzierung des Deponieabfalls um 10 % und die Abschaffung von Einwegkunststoffen bis zum n\u00e4chsten Jahr. Wir setzen uns f\u00fcr Biodiversit\u00e4t, Praktiken der Kreislaufwirtschaft und eine verst\u00e4rkte Einbindung der Stakeholder ein, um einen dauerhaften Wert f\u00fcr alle zu gew\u00e4hrleisten. Wir erben die Erde nicht von unseren Vorfahren, sondern leihen sie von unseren Kindern.     <\/p>\n<div id=\"awebChromeHelper\" data-version=\"1.23.2\"><\/div>\n<div id=\"awebChromeHelper\" data-version=\"1.23.4\"><\/div>\n<p>[\/et_pb_text][\/et_pb_column][\/et_pb_row][\/et_pb_section][et_pb_section fb_built=&#8220;1&#8243; _builder_version=&#8220;4.26.0&#8243; _module_preset=&#8220;default&#8220; background_color=&#8220;#f3eee7&#8243; custom_padding=&#8220;0px||0px|||&#8220; global_colors_info=&#8220;{}&#8220;][et_pb_row custom_padding_last_edited=&#8220;on|phone&#8220; _builder_version=&#8220;4.27.2&#8243; _module_preset=&#8220;default&#8220; width_tablet=&#8220;&#8220; width_phone=&#8220;90%&#8220; width_last_edited=&#8220;on|phone&#8220; custom_margin=&#8220;0px||0px||false|false&#8220; custom_padding=&#8220;60px||120px||false|false&#8220; custom_padding_tablet=&#8220;60px||120px||false|false&#8220; custom_padding_phone=&#8220;30px||120px||false|false&#8220; global_colors_info=&#8220;{}&#8220;][et_pb_column type=&#8220;4_4&#8243; _builder_version=&#8220;4.24.3&#8243; _module_preset=&#8220;default&#8220; global_colors_info=&#8220;{}&#8220;][et_pb_accordion open_toggle_background_color=&#8220;RGBA(255,255,255,0)&#8220; closed_toggle_background_color=&#8220;RGBA(255,255,255,0)&#8220; toggle_icon=&#8220;&#x24;||divi||400&#8243; icon_color=&#8220;#6a453f&#8220; _builder_version=&#8220;4.27.4&#8243; _module_preset=&#8220;default&#8220; body_line_height=&#8220;1.4em&#8220; custom_margin=&#8220;||||false|false&#8220; hover_enabled=&#8220;0&#8243; border_width_all=&#8220;0px&#8220; border_width_bottom=&#8220;1px&#8220; border_color_bottom=&#8220;#6a453f&#8220; global_colors_info=&#8220;{}&#8220; sticky_enabled=&#8220;0&#8243;][et_pb_accordion_item title=&#8220;Umweltpolitik&#8220; open=&#8220;on&#8220; _builder_version=&#8220;4.27.4&#8243; _module_preset=&#8220;default&#8220; hover_enabled=&#8220;0&#8243; global_colors_info=&#8220;{}&#8220; sticky_enabled=&#8220;0&#8243;]<\/p>\n<p>Aquila Hotels &amp; Resorts ist ein kretisches Gastgewerbeunternehmen in Familienbesitz, das sich verpflichtet hat, seinen G\u00e4sten au\u00dfergew\u00f6hnliche Erlebnisse zu bieten und gleichzeitig ein starkes Engagement f\u00fcr \u00f6kologische Nachhaltigkeit zu zeigen. Mit gro\u00dfem Respekt f\u00fcr unsere G\u00e4ste glauben wir an die Liebe zum Detail und einen tadellosen Service, gepaart mit sozialer und \u00f6kologischer Verantwortung. Unser Ziel ist es, die ideale Umgebung f\u00fcr unsere G\u00e4ste zu schaffen und gleichzeitig die Auswirkungen auf unseren Planeten zu minimieren.<\/p>\n<p>Unsere Umweltziele konzentrieren sich auf die folgenden Schl\u00fcsselbereiche:<\/p>\n<p>Energiemanagement: Implementierung energieeffizienter Technologien und Praktiken zur Reduzierung unseres Energieverbrauchs und unserer CO2-Bilanz.<\/p>\n<ul>\n<li>Wassereinsparung: Minimierung des Wasserverbrauchs durch effiziente Armaturen, wassersparende Technologien und verantwortungsvolle Landschaftsgestaltung. Abfallmanagement: Reduzierung, Wiederverwendung und Recycling von Abf\u00e4llen, um die Auswirkungen auf die Umwelt zu minimieren. Dazu geh\u00f6rt auch die verantwortungsvolle Entsorgung von Gefahrstoffen.<\/li>\n<li>Luftqualit\u00e4t: Minimierung der Luftverschmutzung durch die Nutzung nachhaltiger Transportm\u00f6glichkeiten, Emissionsreduzierung und die F\u00f6rderung von Initiativen f\u00fcr saubere Luft.<\/li>\n<li>K\u00fcsten- und Meeresschutz: Schutz der empfindlichen K\u00fcsten- und Meeres\u00f6kosysteme durch verantwortungsvolles Abfallmanagement, nachhaltige Wasseraktivit\u00e4ten und Aufkl\u00e4rung der G\u00e4ste. Landschaftsschutz und Naturschutz: Schutz der nat\u00fcrlichen Sch\u00f6nheit unserer Umgebung durch verantwortungsvolle Landschaftsgestaltung, Erhaltung der Artenvielfalt und F\u00f6rderung des \u00f6kologischen Bewusstseins.<\/li>\n<li>Engagement f\u00fcr Stakeholder: Aktives Einbeziehen unserer Mitarbeiter, G\u00e4ste, lokalen Gemeinden und Lieferanten in unser Nachhaltigkeitsprojekt.<\/li>\n<\/ul>\n<p>Nous nous engageons \u00e0 la transparence et \u00e0 la responsabilit\u00e9 dans nos performances environnementales. Notre rapport annuel sur le d\u00e9veloppement durable fournit des informations d\u00e9taill\u00e9es sur nos progr\u00e8s et est accessible \u00e0 tous. Nous invitons chaleureusement toutes nos parties prenantes \u2014 y compris les clients, les employ\u00e9s, les partenaires et les membres de la communaut\u00e9 locale \u2014 \u00e0 partager leurs commentaires sur nos initiatives en mati\u00e8re de durabilit\u00e9. Vos id\u00e9es et votre collaboration sont essentielles pour nous aider \u00e0 am\u00e9liorer nos performances, renforcer notre impact positif et poursuivre notre progression vers un avenir plus durable et responsable..<\/p>\n<div id=\"awebChromeHelper\" data-version=\"1.23.3\">\n<p><a href=\"https:\/\/books.emd.systems\/flipbook\/sustainability-report-aquila-group-2024_v-3\/\" target=\"_blank\" rel=\"noopener\"><span style=\"text-decoration: underline;\">AQUILA SUST\u0391\u0399NABILITY REPORT<\/span><\/a><\/p>\n<\/div>\n<p>[\/et_pb_accordion_item][et_pb_accordion_item title=&#8220;Energiemanagement-Politik&#8220; _builder_version=&#8220;4.27.2&#8243; _module_preset=&#8220;default&#8220; global_colors_info=&#8220;{}&#8220; open=&#8220;off&#8220;]Aquila Hotels &amp; Resorts hat sich verpflichtet, die Anforderungen der Norm EN ISO 50001:2018 zu erf\u00fcllen.<\/p>\n<p>Diese Verpflichtung umfasst:<\/p>\n<ul>\n<li>Sicherstellung der Einhaltung geltender gesetzlicher Vorschriften und anderer Anforderungen in Bezug auf Energieeffizienz, Energienutzung und Energieverbrauch.<\/li>\n<li>Verst\u00e4ndnis der Art, des Umfangs und der Umweltauswirkungen der f\u00fcr seine Aktivit\u00e4ten und Dienstleistungen verwendeten Energie.<\/li>\n<li>Bereitstellung aller notwendigen Ressourcen, Informationen und Mittel, um den effizienten Betrieb der Organisation und ihres integrierten Managementsystems zu gew\u00e4hrleisten.<\/li>\n<li>Festlegung und \u00dcberwachung der Erreichung von Zielen und Vorgaben in Bezug auf die Energieleistung.<\/li>\n<li>Messung und kontinuierliche \u00dcberwachung kritischer Elemente und Prozesse zur Verbesserung der Energieeffizienz.<\/li>\n<li>Kontinuierliche Verbesserung des integrierten Managementsystems und der Energieeffizienz.<\/li>\n<li>Kontrolle externer Anbieter, um sicherzustellen, dass diese die oben genannten Anforderungen erf\u00fcllen und energieeffiziente Produkte und Dienstleistungen liefern.<\/li>\n<li>Regelm\u00e4\u00dfige \u00dcberpr\u00fcfung dieser Politik, um ihre kontinuierliche Relevanz sicherzustellen.<\/li>\n<li>Schaffung von Aktivit\u00e4ten, die sich auf die Verbesserung der Energieeffizienz konzentrieren.<\/li>\n<li>Schulung der Mitarbeiter zur Implementierung von Dienstleistungen, zum Energiemanagement und zur Gew\u00e4hrleistung einer sicheren Arbeitsumgebung.<\/li>\n<\/ul>\n<p>Aquila Hotels &amp; Resorts ist bestrebt, seinen \u00f6kologischen Fu\u00dfabdruck zu minimieren, indem:<\/p>\n<ul>\n<li>Einhaltung: Die Einhaltung aller geltenden Umweltgesetze und -vorschriften. Kontinuierliche Verbesserung: Implementierung effizienter, moderner Technologien und Praktiken des Ressourcenmanagements. Wir messen und verwalten unsere Umweltleistung anhand klar definierter Ziele und Vorgaben auf monatlicher Basis, \u00fcberpr\u00fcfen regelm\u00e4\u00dfig unsere Fortschritte und ermitteln Verbesserungsm\u00f6glichkeiten.  <\/li>\n<li>Engagement der Mitarbeiter: Wir investieren in unsere Mitarbeiter, um die wirksame Umsetzung der besten Umweltpraktiken in unserem t\u00e4glichen Betrieb zu gew\u00e4hrleisten. Wir bieten unseren Mitarbeitern umfassende Schulungen zu unseren Umweltverpflichtungen an und betonen ihre wichtige Rolle bei der Erreichung unserer Ziele. Unser engagiertes &#8222;Green Team&#8220; leitet Nachhaltigkeitsinitiativen in allen unseren H\u00e4usern.  <\/li>\n<li>Zusammenarbeit mit den G\u00e4sten: Wir ermutigen unsere G\u00e4ste, sich aktiv an unseren Bem\u00fchungen um Nachhaltigkeit zu beteiligen und die Umweltbelastung w\u00e4hrend ihres Aufenthalts zu reduzieren.<\/li>\n<li>Partnerschaft mit der Gemeinde: Zusammenarbeit mit Nichtregierungsorganisationen wie &#8222;Archelon&#8220;, der &#8222;Hellenic Ornithological Society&#8220; und &#8222;Clean Hands&#8220;, um die lokale Umwelt zu sch\u00fctzen und das Wohlbefinden der lokalen Gemeinschaft zu verbessern. Dazu geh\u00f6rt auch die Unterst\u00fctzung von Initiativen zum Schutz von streunenden Tieren. <\/li>\n<\/ul>\n<p>[\/et_pb_accordion_item][et_pb_accordion_item title=&#8220;Besch\u00e4ftigungspolitik&#8220; _builder_version=&#8220;4.27.2&#8243; _module_preset=&#8220;default&#8220; global_colors_info=&#8220;{}&#8220; open=&#8220;off&#8220;]Wir glauben an die Kraft des individuellen Wachstums innerhalb einer unterst\u00fctzenden Gemeinschaft. Bei Aquila Hotels &amp; Resorts wird jedes Teammitglied gesch\u00e4tzt, respektiert und bef\u00e4higt, sein Potenzial voll auszusch\u00f6pfen. <\/p>\n<p>Unser Engagement f\u00fcr unsere Mitarbeiter:<\/p>\n<ul>\n<li>Gleichheit und Fairness: Wir behandeln alle Mitarbeiter mit W\u00fcrde und Respekt und f\u00f6rdern einen Arbeitsplatz, der frei von Diskriminierung ist. Wir glauben an Chancengleichheit f\u00fcr alle, unabh\u00e4ngig von Alter, Sexualit\u00e4t, Geschlecht, ethnischer Zugeh\u00f6rigkeit, Religion, Kultur, Familienstand, pers\u00f6nlichen \u00dcberzeugungen oder Behinderung. <\/li>\n<li>Kontinuierliches Lernen: Wir investieren in das Wachstum und die Entwicklung unserer Mitarbeiter, indem wir ihnen vom ersten Tag an und w\u00e4hrend ihrer gesamten Laufbahn bei uns st\u00e4ndige Weiterbildungsm\u00f6glichkeiten bieten. Wir halten uns \u00fcber die neuesten Entwicklungen in der Arbeitswelt auf dem Laufenden, um sicherzustellen, dass unsere Praktiken auf dem neuesten Stand sind und unserem Team zugute kommen. <\/li>\n<li>Einhaltung der Gesetze: Wir halten uns an alle geltenden Arbeitsgesetze und -vorschriften in Griechenland. Einheimische Mitarbeiter: Wir stellen vorrangig Mitarbeiter aus der lokalen Gemeinschaft ein und tragen so zum wirtschaftlichen Wohlergehen unserer Region bei. <\/li>\n<li>Offene Kommunikation: Wir pflegen eine Politik der &#8222;offenen T\u00fcr&#8220; und ermutigen unsere Mitarbeiter, ihre Ideen, Bedenken und Vorschl\u00e4ge mit uns zu teilen. Unsere Personalabteilung und unser Managementteam haben immer ein offenes Ohr f\u00fcr Sie und gehen auf alle Probleme ein, die sich ergeben k\u00f6nnten. <\/li>\n<li>Qualit\u00e4t: Wir w\u00e4hlen Produkte und Dienstleistungen aus, die unseren hohen Qualit\u00e4tsanspr\u00fcchen gen\u00fcgen.<\/li>\n<\/ul>\n<p>Wir glauben, dass eine gl\u00fcckliche und unterst\u00fctzte Belegschaft entscheidend ist. Indem wir in unsere Mitarbeiter investieren, schaffen wir ein positives und produktives Umfeld f\u00fcr alle.<br \/>\n[\/et_pb_accordion_item][et_pb_accordion_item title=&#8220;Qualit\u00e4tspolitik&#8220; _builder_version=&#8220;4.27.2&#8243; _module_preset=&#8220;default&#8220; global_colors_info=&#8220;{}&#8220; open=&#8220;off&#8220;]Wir sind bestrebt, unseren Kunden hochwertige Dienstleistungen in einem gesunden und professionellen Umfeld f\u00fcr unsere Mitarbeiter anzubieten. Unser Engagement f\u00fcr Qualit\u00e4t und kontinuierliche Verbesserung ist in unseren Betriebsstandards verankert. Diese Standards sind von zentraler Bedeutung f\u00fcr die Erbringung unserer Dienstleistungen und bieten klare Richtlinien und ein Gef\u00fchl der Sicherheit f\u00fcr alle Mitarbeiter. Wir \u00fcberpr\u00fcfen unsere operativen Standards j\u00e4hrlich und aktualisieren sie. Alle Vorgesetzten und Mitarbeiter sind \u00fcber diese Standards und die Bewertungskriterien, die zu ihrer Beurteilung herangezogen werden, informiert.<br \/>\n[\/et_pb_accordion_item][et_pb_accordion_item title=&#8220;Einkaufspolitik&#8220; _builder_version=&#8220;4.27.2&#8243; _module_preset=&#8220;default&#8220; global_colors_info=&#8220;{}&#8220; open=&#8220;off&#8220;]Wir bei Aquila Hotels &amp; Resorts haben uns verpflichtet, verantwortungsvolle Kaufentscheidungen zu treffen, die unseren G\u00e4sten, unserem Unternehmen und der Umwelt zugute kommen.<\/p>\n<p>So gehen wir vor:<br \/>\n1. Wir bewerten unsere Optionen sorgf\u00e4ltig auf der Grundlage mehrerer Schl\u00fcsselfaktoren:<\/p>\n<ul style=\"margin-top: 0px;\">\n<li>Qualit\u00e4t: Wir w\u00e4hlen Produkte und Dienstleistungen aus, die unseren hohen Qualit\u00e4tsanspr\u00fcchen gen\u00fcgen.<\/li>\n<li>Preis: Wir bem\u00fchen uns um wettbewerbsf\u00e4hige Preise, um ein gutes Preis-Leistungs-Verh\u00e4ltnis zu gew\u00e4hrleisten. Verl\u00e4sslichkeit: Wir verlassen uns auf Lieferanten, die uns stets liefern k\u00f6nnen, was wir brauchen, wenn wir es brauchen. <\/li>\n<li>Verf\u00fcgbarkeit: Wir stellen eine st\u00e4ndige Versorgung sicher, um unseren operativen Bedarf zu decken.<\/li>\n<li>Stabilit\u00e4t: Wir arbeiten mit Lieferanten zusammen, die sich durch langfristige Stabilit\u00e4t und Zuverl\u00e4ssigkeit auszeichnen.<\/li>\n<li>Sicherheit: Wir legen Wert auf Produkte und Dienstleistungen, die f\u00fcr unsere G\u00e4ste, Mitarbeiter und die Umwelt sicher sind.<\/li>\n<li>Nachhaltigkeit: Wann immer m\u00f6glich, bevorzugen wir umweltfreundliche Optionen.<\/li>\n<\/ul>\n<p>2. Wir vergleichen die Angebote verschiedener Anbieter, um sicherzustellen, dass wir das beste Preis-Leistungs-Verh\u00e4ltnis erhalten. Unsere Kaufentscheidungen beruhen auf objektiven Kriterien, nicht auf pers\u00f6nlichen Beziehungen. Wir sind immer offen f\u00fcr die Zusammenarbeit mit neuen Lieferanten und \u00fcberpr\u00fcfen regelm\u00e4\u00dfig unsere bestehenden Partnerschaften.  <\/p>\n<p>3. Wir bevorzugen, wann immer m\u00f6glich, lokale Lieferanten, um die lokale Wirtschaft zu f\u00f6rdern.<\/p>\n<p>4. Wir w\u00e4hlen Produkte mit minimaler Verpackung und bevorzugen recycelbare und wiederverwendbare Optionen.<\/p>\n<p>5. Wir investieren in energieeffiziente Ger\u00e4te, um unseren \u00f6kologischen Fu\u00dfabdruck zu verringern.<\/p>\n<p>6. Wir w\u00e4hlen Reinigungsprodukte aus, die sowohl f\u00fcr die Menschen als auch f\u00fcr den Planeten sicher sind[\/et_pb_accordion_item][et_pb_accordion_item title=&#8220;Gemeinschaftspolitik&#8220; _builder_version=&#8220;4.27.2&#8243; _module_preset=&#8220;default&#8220; global_colors_info=&#8220;{}&#8220; open=&#8220;off&#8220;]Bei AQUILA Hotels &amp; Resorts glauben wir daran, ein guter Nachbar zu sein. Wir sch\u00e4tzen die engen Beziehungen, die wir in unserer lokalen Gemeinschaft haben, und bem\u00fchen uns, einen positiven Einfluss auszu\u00fcben, wo immer wir k\u00f6nnen. <\/p>\n<p>So zeigen wir unsere Unterst\u00fctzung:<\/p>\n<ul>\n<li>Lokale Beschaffung: Wir legen Wert darauf, unsere Lebensmittel und Getr\u00e4nke von lokalen Unternehmen zu beziehen, um die lokalen Landwirte und Produzenten zu unterst\u00fctzen.<\/li>\n<li>Wir sch\u00fctzen unsere K\u00fcsten: Wir organisieren regelm\u00e4\u00dfige Strands\u00e4uberungen und ermutigen sowohl unsere Mitarbeiter als auch unsere G\u00e4ste, sich daran zu beteiligen, um unsere K\u00fcste unber\u00fchrt zu halten.<\/li>\n<li>Wir geben etwas zur\u00fcck: Wir leisten einen aktiven Beitrag zu lokalen Schulen, Organisationen und Initiativen, die sich f\u00fcr die Verbesserung des Lebens der Menschen vor Ort, den Schutz der Umwelt und den Erhalt der einzigartigen Kultur und Traditionen unserer Gemeinde einsetzen.<\/li>\n<li>Lokale Sch\u00e4tze teilen: Wir ermutigen unsere G\u00e4ste, den Reichtum unserer Region zu erkunden, indem wir ihnen lokale Restaurants, M\u00e4rkte und Handwerksbetriebe empfehlen. Wir m\u00f6chten, dass unsere G\u00e4ste die authentische griechische K\u00fcche, Geschichte und Kultur kennenlernen und so eine wirklich unvergessliche und nachhaltige Reiseerfahrung machen. <\/li>\n<li>Unser Team bef\u00e4higen: Wir binden unsere Mitarbeiter durch Schulungen, Workshops und verschiedene Aktivit\u00e4ten in unser gesellschaftliches Engagement ein und f\u00f6rdern so das Gef\u00fchl der gemeinsamen Verantwortung.<\/li>\n<li>Indem wir unsere lokale Gemeinschaft unterst\u00fctzen, bereichern wir das Erlebnis unserer G\u00e4ste und tragen zum Wohlbefinden unserer Umgebung bei. Das alles ist Teil unseres Engagements f\u00fcr ein wirklich authentisches und nachhaltiges Urlaubserlebnis. <\/li>\n<\/ul>\n<p><em>Wenn Sie mehr \u00fcber unsere gemeinn\u00fctzigen Initiativen erfahren m\u00f6chten, wenden Sie sich bitte an unser Guest Relations oder Eco Team.<\/em><br \/>\n[\/et_pb_accordion_item][et_pb_accordion_item title=&#8220;Politik zum Schutz von Kindern&#8220; _builder_version=&#8220;4.27.2&#8243; _module_preset=&#8220;default&#8220; global_colors_info=&#8220;{}&#8220; open=&#8220;off&#8220;]Bei AQUILA Hotels &amp; Resorts sind die Sicherheit und das Wohlbefinden von Kindern von gr\u00f6\u00dfter Bedeutung. Wir setzen uns daf\u00fcr ein, die Rechte aller Kinder zu sch\u00fctzen und ihr k\u00f6rperliches und geistiges Wohlbefinden zu gew\u00e4hrleisten, einschlie\u00dflich ihres Schutzes vor Missbrauch und Ausbeutung. Wir betrachten jeden, der unter 18 Jahre alt ist, als Kind.  <\/p>\n<p>Das Bewusstsein sch\u00e4rfen: Wir glauben, dass Bildung der Schl\u00fcssel zur Pr\u00e4vention ist. Wir f\u00fchren Workshops und Seminare f\u00fcr unsere Mitarbeiter durch und wenden uns auch an Schulen, Eltern und Gemeindemitglieder, um das Bewusstsein f\u00fcr die Rechte und die Sicherheit von Kindern zu st\u00e4rken. Wir sind stolz darauf, bei diesen Bem\u00fchungen mit &#8222;The Smile of the Child&#8220;, einer international anerkannten Kinderschutzorganisation, zusammenzuarbeiten.  <\/p>\n<p>Ma\u00dfnahmen ergreifen: Wir haben eine Null-Toleranz-Politik f\u00fcr jedes Verhalten, das Kinder gef\u00e4hrdet. Jede verd\u00e4chtige Aktivit\u00e4t, an der ein Kind beteiligt ist, sei es durch einen Gast oder einen Mitarbeiter, wird sofort der Nationalen Hotline f\u00fcr Kinder SOS 1056 &#8222;Das L\u00e4cheln des Kindes&#8220; gemeldet.<br \/>\n[\/et_pb_accordion_item][\/et_pb_accordion][\/et_pb_column][\/et_pb_row][et_pb_row column_structure=&#8220;1_3,1_3,1_3&#8243; _builder_version=&#8220;4.27.4&#8243; _module_preset=&#8220;default&#8220; background_image=&#8220;https:\/\/aquilahotels.com\/wp-content\/uploads\/2025\/08\/aquila_elounda_village_sustainability.jpg&#8220; parallax=&#8220;on&#8220; parallax_method=&#8220;off&#8220; width=&#8220;100%&#8220; max_width=&#8220;2560px&#8220; min_height=&#8220;780px&#8220; custom_margin=&#8220;-26px|auto||auto|false|false&#8220; custom_margin_tablet=&#8220;-26px|auto||auto|false|false&#8220; custom_margin_phone=&#8220;0px||||false|false&#8220; custom_margin_last_edited=&#8220;on|phone&#8220; background_last_edited=&#8220;on|phone&#8220; parallax_phone=&#8220;on&#8220; background_size_phone=&#8220;contain&#8220; background_blend_phone=&#8220;normal&#8220; locked=&#8220;off&#8220; global_colors_info=&#8220;{}&#8220;][et_pb_column type=&#8220;1_3&#8243; _builder_version=&#8220;4.24.2&#8243; _module_preset=&#8220;default&#8220; global_colors_info=&#8220;{}&#8220;][\/et_pb_column][et_pb_column type=&#8220;1_3&#8243; _builder_version=&#8220;4.24.2&#8243; _module_preset=&#8220;default&#8220; global_colors_info=&#8220;{}&#8220;][\/et_pb_column][et_pb_column type=&#8220;1_3&#8243; _builder_version=&#8220;4.24.2&#8243; _module_preset=&#8220;default&#8220; global_colors_info=&#8220;{}&#8220;][\/et_pb_column][\/et_pb_row][\/et_pb_section]<\/p>\n","protected":false},"excerpt":{"rendered":"<p>Nachhaltigkeit &amp; ESG Nachhaltigkeit bildet das Fundament der Vision von Aquila Hotels &amp; Resorts f\u00fcr die Zukunft: Unser Engagement f\u00fcr verantwortungsvollen Tourismus ist tief verwurzelt und spiegelt unsere Wertsch\u00e4tzung f\u00fcr dieses Land wider, das wir f\u00fcr die n\u00e4chste Generation vorbereiten. Dies wird durch kontinuierliche ESG-Fortschritte belegt. Wir sind stolz darauf, alle wichtigen internationalen Zertifizierungen in [&hellip;]<\/p>\n","protected":false},"author":1,"featured_media":0,"parent":0,"menu_order":0,"comment_status":"closed","ping_status":"closed","template":"","meta":{"_et_pb_use_builder":"on","_et_pb_old_content":"","_et_gb_content_width":"","footnotes":""},"class_list":["post-5255","page","type-page","status-publish","hentry"],"_links":{"self":[{"href":"https:\/\/aquilahotels.com\/de\/wp-json\/wp\/v2\/pages\/5255","targetHints":{"allow":["GET"]}}],"collection":[{"href":"https:\/\/aquilahotels.com\/de\/wp-json\/wp\/v2\/pages"}],"about":[{"href":"https:\/\/aquilahotels.com\/de\/wp-json\/wp\/v2\/types\/page"}],"author":[{"embeddable":true,"href":"https:\/\/aquilahotels.com\/de\/wp-json\/wp\/v2\/users\/1"}],"replies":[{"embeddable":true,"href":"https:\/\/aquilahotels.com\/de\/wp-json\/wp\/v2\/comments?post=5255"}],"version-history":[{"count":5,"href":"https:\/\/aquilahotels.com\/de\/wp-json\/wp\/v2\/pages\/5255\/revisions"}],"predecessor-version":[{"id":7213,"href":"https:\/\/aquilahotels.com\/de\/wp-json\/wp\/v2\/pages\/5255\/revisions\/7213"}],"wp:attachment":[{"href":"https:\/\/aquilahotels.com\/de\/wp-json\/wp\/v2\/media?parent=5255"}],"curies":[{"name":"wp","href":"https:\/\/api.w.org\/{rel}","templated":true}]}}