{"id":5138,"date":"2025-08-08T23:50:20","date_gmt":"2025-08-08T20:50:20","guid":{"rendered":"https:\/\/aquilahotels.com\/gesundheit\/"},"modified":"2025-09-04T03:30:26","modified_gmt":"2025-09-04T00:30:26","slug":"gesundheit","status":"publish","type":"page","link":"https:\/\/aquilahotels.com\/de\/gesundheit\/","title":{"rendered":"Gesundheit"},"content":{"rendered":"<p>[et_pb_section fb_built=&#8220;1&#8243; _builder_version=&#8220;4.27.2&#8243; _module_preset=&#8220;default&#8220; background_color=&#8220;#FFFFFF&#8220; background_enable_image=&#8220;off&#8220; background_blend=&#8220;overlay&#8220; min_height=&#8220;376.4px&#8220; custom_margin=&#8220;0px||0px||false|false&#8220; custom_padding=&#8220;0px||0px||false|false&#8220; locked=&#8220;off&#8220; global_colors_info=&#8220;{}&#8220;][et_pb_row _builder_version=&#8220;4.27.2&#8243; _module_preset=&#8220;default&#8220; width_tablet=&#8220;&#8220; width_phone=&#8220;90%&#8220; width_last_edited=&#8220;on|phone&#8220; custom_margin=&#8220;0px||0px||false|false&#8220; custom_padding=&#8220;120px||60px||false|false&#8220; global_colors_info=&#8220;{}&#8220;][et_pb_column type=&#8220;4_4&#8243; _builder_version=&#8220;4.24.3&#8243; _module_preset=&#8220;default&#8220; global_colors_info=&#8220;{}&#8220;][et_pb_text module_class=&#8220;et_pb_slide_titleDifference&#8220; _builder_version=&#8220;4.27.4&#8243; _module_preset=&#8220;_initial&#8220; text_font=&#8220;||||||||&#8220; text_text_color=&#8220;#000000&#8243; text_font_size=&#8220;36px&#8220; text_letter_spacing=&#8220;1px&#8220; text_line_height=&#8220;1em&#8220; header_line_height=&#8220;1.1em&#8220; custom_margin=&#8220;0px||30px||false|false&#8220; custom_margin_tablet=&#8220;0px||30px||false|false&#8220; custom_margin_phone=&#8220;0px||30px||false|false&#8220; custom_margin_last_edited=&#8220;on|desktop&#8220; global_colors_info=&#8220;{}&#8220;]<\/p>\n<p style=\"text-align: center;\">Gesundheit &amp; Sicherheit<\/p>\n<div id=\"awebChromeHelper\" data-version=\"1.24.2\"><\/div>\n<p>[\/et_pb_text][et_pb_text _builder_version=&#8220;4.27.0&#8243; _module_preset=&#8220;_initial&#8220; custom_margin_tablet=&#8220;&#8220; custom_margin_phone=&#8220;&#8220; custom_margin_last_edited=&#8220;on|desktop&#8220; global_colors_info=&#8220;{}&#8220;]<\/p>\n<p style=\"text-align: center;\">Die Gesundheit und Sicherheit unserer G\u00e4ste und Mitarbeiter hat bei AQUILA Hotels &amp; Resorts h\u00f6chste Priorit\u00e4t. Wir halten die lokalen Standards und Vorschriften in Bezug auf Sicherheit, Gesundheit, Hygiene und Sicherheit ein. Wir verwenden Risikobewertungen, um Gesundheits- und Sicherheitsrisiken zu identifizieren und aktiv zu managen. Wir sind uns dar\u00fcber im Klaren, dass ein effektives Gesundheits- und Sicherheitsrisikomanagement dazu beitragen kann, Unf\u00e4lle und Verletzungen im Zusammenhang mit unseren Einrichtungen zu vermeiden.   <\/p>\n<p>[\/et_pb_text][\/et_pb_column][\/et_pb_row][et_pb_row column_structure=&#8220;1_2,1_2&#8243; _builder_version=&#8220;4.27.2&#8243; _module_preset=&#8220;default&#8220; custom_padding=&#8220;0px||120px||false|false&#8220; global_colors_info=&#8220;{}&#8220;][et_pb_column type=&#8220;1_2&#8243; _builder_version=&#8220;4.27.0&#8243; _module_preset=&#8220;default&#8220; global_colors_info=&#8220;{}&#8220;][et_pb_text _builder_version=&#8220;4.27.0&#8243; _module_preset=&#8220;_initial&#8220; custom_margin_tablet=&#8220;&#8220; custom_margin_phone=&#8220;&#8220; custom_margin_last_edited=&#8220;on|desktop&#8220; global_colors_info=&#8220;{}&#8220;]<\/p>\n<p><strong>Verantwortung der Gesch\u00e4ftsleitung:<\/strong><br \/>Unsere Gesch\u00e4ftsleitung stellt sicher, dass der von uns angewandte Risikomanagementprozess dokumentiert, kommuniziert und den Mitarbeitern frei zug\u00e4nglich ist und dass die Mitarbeiter entsprechend geschult werden, um ihre Aufgaben und Verantwortlichkeiten effektiv wahrnehmen zu k\u00f6nnen.<em><br \/><\/em><\/p>\n<div id=\"awebChromeHelper\" data-version=\"1.23.2\"><\/div>\n<p>[\/et_pb_text][\/et_pb_column][et_pb_column type=&#8220;1_2&#8243; _builder_version=&#8220;4.27.0&#8243; _module_preset=&#8220;default&#8220; global_colors_info=&#8220;{}&#8220;][et_pb_text _builder_version=&#8220;4.27.2&#8243; _module_preset=&#8220;_initial&#8220; custom_margin_tablet=&#8220;&#8220; custom_margin_phone=&#8220;&#8220; custom_margin_last_edited=&#8220;on|desktop&#8220; global_colors_info=&#8220;{}&#8220;]<\/p>\n<p><strong>Verfahren:<br \/><\/strong>Wir folgen der f\u00fcnfstufigen Risikobewertung:<br \/>Schritt 1: Identifizieren Sie die Gefahren<br \/>Schritt 2: Bestimmen Sie, wer gesch\u00e4digt werden k\u00f6nnte und wie<br \/>Schritt 3: Bewerten Sie das Risiko<br \/>Schritt 4: Dokumentieren Sie die Ergebnisse<br \/>Schritt 5: \u00dcberpr\u00fcfen Sie die Risikobewertung<\/p>\n<div id=\"awebChromeHelper\" data-version=\"1.23.2\"><\/div>\n<p>[\/et_pb_text][\/et_pb_column][\/et_pb_row][\/et_pb_section][et_pb_section fb_built=&#8220;1&#8243; _builder_version=&#8220;4.26.0&#8243; _module_preset=&#8220;default&#8220; background_color=&#8220;#f3eee7&#8243; custom_padding=&#8220;0px||0px|||&#8220; global_colors_info=&#8220;{}&#8220;][et_pb_row custom_padding_last_edited=&#8220;on|phone&#8220; _builder_version=&#8220;4.27.2&#8243; _module_preset=&#8220;default&#8220; width_tablet=&#8220;&#8220; width_phone=&#8220;90%&#8220; width_last_edited=&#8220;on|phone&#8220; custom_padding=&#8220;60px||120px||false|false&#8220; custom_padding_tablet=&#8220;60px||120px||false|false&#8220; custom_padding_phone=&#8220;30px||||false|false&#8220; global_colors_info=&#8220;{}&#8220;][et_pb_column type=&#8220;4_4&#8243; _builder_version=&#8220;4.24.3&#8243; _module_preset=&#8220;default&#8220; global_colors_info=&#8220;{}&#8220;][et_pb_accordion open_toggle_background_color=&#8220;RGBA(255,255,255,0)&#8220; closed_toggle_background_color=&#8220;RGBA(255,255,255,0)&#8220; toggle_icon=&#8220;&#x24;||divi||400&#8243; icon_color=&#8220;#6a453f&#8220; _builder_version=&#8220;4.24.2&#8243; _module_preset=&#8220;default&#8220; body_line_height=&#8220;1.4em&#8220; custom_margin=&#8220;||||false|false&#8220; border_width_all=&#8220;0px&#8220; border_width_bottom=&#8220;1px&#8220; border_color_bottom=&#8220;#6a453f&#8220; global_colors_info=&#8220;{}&#8220;][et_pb_accordion_item title=&#8220;Pool Sicherheit&#8220; open=&#8220;on&#8220; _builder_version=&#8220;4.24.2&#8243; _module_preset=&#8220;default&#8220; global_colors_info=&#8220;{}&#8220;]<\/p>\n<p>Wir wissen, dass das Schwimmbad eine der wichtigsten Attraktionen f\u00fcr unsere G\u00e4ste ist, wenn sie ihren Urlaub buchen. Ganz gleich, ob es sich um einen lustigen Aktivit\u00e4tspool f\u00fcr Familien oder einen luxuri\u00f6sen, entspannenden Spa-Pool handelt, es ist wichtig, dass das Erlebnis nicht nur Spa\u00df macht, sondern auch so sicher wie m\u00f6glich ist. <\/p>\n<p><strong>Verantwortung des Managements:<\/strong><br \/>Der Manager der Anlage tr\u00e4gt die Gesamtverantwortung f\u00fcr den sicheren Betrieb der Poolanlagen und \u00fcberwacht die Sicherheitsvorkehrungen der Anlage, um sicherzustellen, dass sie korrekt funktionieren. Wir stellen sicher, dass die Mitarbeiter, die mit der Verwaltung und Aufrechterhaltung eines sicheren Poolbetriebs betraut sind, eine angemessene Schulung f\u00fcr ihre Aufgabe erhalten und dass es dokumentierte Verfahren gibt, die f\u00fcr die Verwaltung der Poolanlagen und der Wasserqualit\u00e4t befolgt werden sollten. <\/p>\n<p><strong>Pool-Politik:<br \/><\/strong>Das Management beh\u00e4lt sich das Recht vor, die Nutzung des Pools jeder Person zu verweigern, die f\u00fcr andere G\u00e4ste ein Gesundheits- und Sicherheitsproblem darstellt.<\/p>\n<div id=\"awebChromeHelper\" data-version=\"1.24.2\"><\/div>\n<p>[\/et_pb_accordion_item][et_pb_accordion_item title=&#8220;Lebensmittelsicherheit, HACCP Gef\u00e4hrdungsanalyse und kritische Kontrollpunkte&#8220; _builder_version=&#8220;4.27.2&#8243; _module_preset=&#8220;default&#8220; global_colors_info=&#8220;{}&#8220; open=&#8220;off&#8220;]<\/p>\n<p>ISO 22000\/2005 legt die Anforderungen an ein Managementsystem f\u00fcr Lebensmittelsicherheit fest. HACCP ist das System zur Identifizierung, Bewertung und Kontrolle von Gefahren, die f\u00fcr die Lebensmittelsicherheit von Bedeutung sind. Das Ziel von HACCP ist es, potenzielle Probleme mit der Lebensmittelsicherheit zu verhindern.  <\/p>\n<p>Wir erbringen den Nachweis eines HACCP-Prozesses und der Einhaltung der Vorschriften, indem wir alle unsere Betriebe in Sachen Lebensmittelsicherheit zertifizieren. Hohe Standards f\u00fcr die Lebensmittelhygiene sind f\u00fcr unsere Hotels von entscheidender Bedeutung. Durch Lebensmittel \u00fcbertragene Krankheiten lassen sich leicht vermeiden, wenn Sie die richtigen Verfahren zur Lebensmittelsicherheit einhalten und beste Hygiene praktizieren. Durch die Einhaltung eines soliden Lebensmittelsicherheitsprogramms stellen wir sicher, dass unsere gemeinsamen G\u00e4ste nicht krank werden und ihren Urlaub weiterhin genie\u00dfen k\u00f6nnen.   <\/p>\n<p>Unser Team achtet darauf, dass die Bereiche, in denen Lebensmittel produziert, gelagert und gehandhabt werden, einen hohen Sauberkeitsstandard aufweisen und die Lebensmittel korrekt gehandhabt werden, um sicherzustellen, dass sie bei der Anlieferung, Lagerung, Zubereitung, dem Kochen, Aufw\u00e4rmen, Servieren und Verteilen nicht kontaminiert werden. Es wird betont, dass das F&amp;B-Managementteam jederzeit f\u00fcr die Kontrolle der Lebensmittelhygiene und -sicherheit verantwortlich ist. Wir haben strenge Richtlinien und Verfahren, die alle zust\u00e4ndigen Mitarbeiter verstehen und &#8211; was am wichtigsten ist &#8211; entsprechend geschult und beaufsichtigt werden, um sie zu befolgen.  <\/p>\n<p><em>Alle Unterlagen sind leicht zug\u00e4nglich und werden auf Anfrage sofort zur Einsichtnahme zur Verf\u00fcgung gestellt.<\/em><\/p>\n<p>[\/et_pb_accordion_item][et_pb_accordion_item title=&#8220;Feuersicherheit&#8220; _builder_version=&#8220;4.27.2&#8243; _module_preset=&#8220;default&#8220; global_colors_info=&#8220;{}&#8220; open=&#8220;off&#8220;]<\/p>\n<p>Unser Management und der Eigent\u00fcmer der Unterkunft tragen die Gesamtverantwortung f\u00fcr die Sicherheit des Personals und der Kunden und \u00fcberwachen die Brandschutzvorrichtungen des Hotels, um sicherzustellen, dass sie korrekt funktionieren. Unsere Hotels werden legal betrieben, in \u00dcbereinstimmung mit den gesetzlichen Bestimmungen unseres Landes. Wir verf\u00fcgen \u00fcber eine g\u00fcltige Betriebsgenehmigung, die von einer zust\u00e4ndigen lokalen Beh\u00f6rde ausgestellt und von einer Zertifizierungsstelle \u00fcberpr\u00fcft wurde.  <\/p>\n<p>Jedes Jahr sind Tausende von Unternehmen von Br\u00e4nden betroffen, die zu Verletzungen, dem Verlust des Kundenvertrauens und Geb\u00e4udesch\u00e4den f\u00fchren.<\/p>\n<p>Es wird ein Programm zur Brandverh\u00fctung und -vorsorge erstellt, das dazu beitragen kann, Verletzungen unserer Mitarbeiter, Kunden und Besucher, kostspielige Sch\u00e4den und m\u00f6gliche Geldstrafen f\u00fcr unser Unternehmen zu vermeiden.<\/p>\n<p>Unsere Eigenschaften erf\u00fcllen alle technischen Komponenten, die f\u00fcr eine Verwendung in Frage kommen.<\/p>\n<p>Dokumentation:<\/p>\n<ul>\n<li>Betriebslizenz<\/li>\n<li>Zertifikat Feuer<\/li>\n<li>Betriebshaftpflichtversicherung (PLI)<\/li>\n<li>Wartungsbuch f\u00fcr das Feuermeldesystem, das Notbeleuchtungssystem, die Feuerl\u00f6scher, die Schlauchaufroller, die Hydranten, die elektrischen Ger\u00e4te und, falls installiert, die Sprinkleranlagen<\/li>\n<li>Logbuch f\u00fcr das Training von Notfallverfahren<\/li>\n<li>Bewertung des Brandrisikos<\/li>\n<\/ul>\n<div id=\"awebChromeHelper\" data-version=\"1.23.2\"><\/div>\n<p>[\/et_pb_accordion_item][et_pb_accordion_item title=&#8220;Sicherheit im Wasser&#8220; _builder_version=&#8220;4.27.0&#8243; _module_preset=&#8220;default&#8220; global_colors_info=&#8220;{}&#8220; open=&#8220;off&#8220;]<\/p>\n<p>Um zu gew\u00e4hrleisten, dass unsere G\u00e4ste gesund und sicher bleiben, legen wir die Sicherheitsma\u00dfnahmen und Verfahren fest, die auf unseren Grundst\u00fccken beim Umgang mit Wasser \u00fcber den gesamten Zyklus von der Entgegennahme \u00fcber die Lagerung und Verteilung bis hin zum Abwassermanagement vorhanden sein sollten.<\/p>\n<p>Hier finden Sie einige wichtige Tipps und Hinweise, die Ihnen bei der \u00dcberpr\u00fcfung unseres Plans zur Wassersicherheit n\u00fctzlich sein k\u00f6nnten.<\/p>\n<ul>\n<li>Beschreibung der Wassersysteme<\/li>\n<li>Analyse der Gefahren in jedem Wassersystem<\/li>\n<li>Kontrollma\u00dfnahmen<\/li>\n<li>\u00dcberwachung<\/li>\n<li>Verifizierung und Validierung<\/li>\n<li>Kommunikation und Dokumentation<\/li>\n<\/ul>\n<div id=\"awebChromeHelper\" data-version=\"1.23.2\"><\/div>\n<p>[\/et_pb_accordion_item][et_pb_accordion_item title=&#8220;Posi: Verhinderung der Ausbreitung von Infektionen&#8220; _builder_version=&#8220;4.27.2&#8243; _module_preset=&#8220;default&#8220; global_colors_info=&#8220;{}&#8220; open=&#8220;off&#8220;]<\/p>\n<p>Unser Ziel bleibt es, die Verbreitung von Infektionen (POSI) von Mensch zu Mensch in unseren Hotels zu verhindern. Nationale Regierungen und Organisationen wie die Weltgesundheitsorganisation (WHO) stellen weiterhin Leitlinien f\u00fcr bew\u00e4hrte Verfahren zur Verf\u00fcgung. <\/p>\n<p>Das Schl\u00fcsselelement des Leitfadens ist nach wie vor, wo immer m\u00f6glich, die soziale Distanzierung und gute Reinigungs- und Hygienepraktiken zu praktizieren. Das Protokoll zur Pr\u00e4vention der Ausbreitung von Infektionen wird in allen AQUILA Hotels und Resorts entwickelt, umgesetzt und zertifiziert. Es gibt eine Reihe von Kontrollen, die eingef\u00fchrt oder verst\u00e4rkt werden k\u00f6nnen, um das Risiko der Ausbreitung von Infektionen zu verringern.  <\/p>\n<p>Verantwortung des Managements:<br \/>Als Teil der Gesundheits- und Sicherheitsmanagementverfahren einer Immobilie gibt es ein dokumentiertes Krankheitsmanagement-System. Unser Management stellt sicher, dass regelm\u00e4\u00dfige und fortlaufende Reinigungsverfahren vorhanden sind, um Krankheitsausbr\u00fcche zu kontrollieren und die Ausbreitung von Infektionen in der Immobilie zu verhindern. Unsere Mitarbeiter sind im Krankheitsmanagement geschult und in der Lage, die Richtlinien zur Verhinderung der Ausbreitung von Infektionen (POSI) wie erforderlich umzusetzen. Die durchgef\u00fchrten Schulungen werden zusammen mit den Einzelheiten der von den Hausverwaltern durchgef\u00fchrten Personal\u00fcberwachung aufgezeichnet, um sicherzustellen, dass die Verfahren korrekt funktionieren und im Falle eines Krankheitsausbruchs die gebotene Sorgfalt nachgewiesen werden kann.   <\/p>\n<p>Verfahren:<br \/>Die Umsetzung des POSI-Protokolls, das Routineverfahren und Kontrollen zur Verhinderung der Ausbreitung von Infektionen (POSI) beschreibt, tr\u00e4gt dazu bei, das Risiko zu minimieren oder im Falle eines Krankheitsausbruchs die Krankheitsrate auf das &#8222;normale Krankheitsniveau&#8220; zu reduzieren.<\/p>\n<p>[\/et_pb_accordion_item][et_pb_accordion_item title=&#8220;Legion\u00e4rskrankheit&#8220; _builder_version=&#8220;4.27.0&#8243; _module_preset=&#8220;default&#8220; global_colors_info=&#8220;{}&#8220; open=&#8220;off&#8220;]<\/p>\n<p>Ein Legionellen-Pr\u00e4ventionsplan auf der Grundlage des Hotels liegt in der Verantwortung des Managementteams, das die Gesamtverantwortung f\u00fcr die \u00dcberwachung der Legionellen-Pr\u00e4ventionsverfahren tr\u00e4gt und sicherstellt, dass diese korrekt funktionieren. Die Mitarbeiter in unseren Hotels werden im Umgang mit Legionellen geschult. Die durchgef\u00fchrten Schulungen werden zusammen mit den Einzelheiten der von den Hausverwaltern durchgef\u00fchrten Personal\u00fcberwachung aufgezeichnet, um sicherzustellen, dass die Verfahren ordnungsgem\u00e4\u00df funktionieren und bei Bedarf nachgewiesen werden k\u00f6nnen.  <\/p>\n<p>[\/et_pb_accordion_item][et_pb_accordion_item title=&#8220;15-Punkte-Plan \/ Checkliste&#8220; _builder_version=&#8220;4.27.2&#8243; _module_preset=&#8220;default&#8220; global_colors_info=&#8220;{}&#8220; open=&#8220;off&#8220;]<\/p>\n<p>Eine vom ECDC ver\u00f6ffentlichte Checkliste, die auf den Informationen unserer Hotels basiert und speziell f\u00fcr jede Immobilie angepasst wurde, wird umgesetzt. Insbesondere wurde der 15-Punkte-Plan zur Reduzierung des Risikos ber\u00fccksichtigt. Die Checkliste ist jedoch nur ein Beispiel f\u00fcr eine grundlegende Bewertung und muss an jeden Standort, an die \u00f6rtlichen Vorschriften und an andere spezifische technische Bedingungen, z.B. Solarenergie, angepasst werden.  <\/p>\n<p>[\/et_pb_accordion_item][\/et_pb_accordion][\/et_pb_column][\/et_pb_row][et_pb_row column_structure=&#8220;1_3,1_3,1_3&#8243; _builder_version=&#8220;4.27.4&#8243; _module_preset=&#8220;default&#8220; background_image=&#8220;https:\/\/aquilahotels.com\/wp-content\/uploads\/2025\/08\/aquila_hotels_and_resorts_health_and_safety.jpg&#8220; parallax=&#8220;on&#8220; parallax_method=&#8220;off&#8220; width=&#8220;100%&#8220; max_width=&#8220;2560px&#8220; min_height=&#8220;780px&#8220; custom_margin=&#8220;-5px|auto||auto||&#8220; hover_enabled=&#8220;0&#8243; locked=&#8220;off&#8220; global_colors_info=&#8220;{}&#8220; title_text=&#8220;health and safety&#8220; alt=&#8220;health and safety&#8220; sticky_enabled=&#8220;0&#8243;][et_pb_column type=&#8220;1_3&#8243; _builder_version=&#8220;4.24.2&#8243; _module_preset=&#8220;default&#8220; global_colors_info=&#8220;{}&#8220;][\/et_pb_column][et_pb_column type=&#8220;1_3&#8243; _builder_version=&#8220;4.24.2&#8243; _module_preset=&#8220;default&#8220; global_colors_info=&#8220;{}&#8220;][\/et_pb_column][et_pb_column type=&#8220;1_3&#8243; _builder_version=&#8220;4.24.2&#8243; _module_preset=&#8220;default&#8220; global_colors_info=&#8220;{}&#8220;][\/et_pb_column][\/et_pb_row][\/et_pb_section]<\/p>\n","protected":false},"excerpt":{"rendered":"<p>Gesundheit &amp; Sicherheit Die Gesundheit und Sicherheit unserer G\u00e4ste und Mitarbeiter hat bei AQUILA Hotels &amp; Resorts h\u00f6chste Priorit\u00e4t. Wir halten die lokalen Standards und Vorschriften in Bezug auf Sicherheit, Gesundheit, Hygiene und Sicherheit ein. Wir verwenden Risikobewertungen, um Gesundheits- und Sicherheitsrisiken zu identifizieren und aktiv zu managen. Wir sind uns dar\u00fcber im Klaren, dass [&hellip;]<\/p>\n","protected":false},"author":1,"featured_media":0,"parent":0,"menu_order":0,"comment_status":"closed","ping_status":"closed","template":"","meta":{"_et_pb_use_builder":"on","_et_pb_old_content":"","_et_gb_content_width":"","footnotes":""},"class_list":["post-5138","page","type-page","status-publish","hentry"],"_links":{"self":[{"href":"https:\/\/aquilahotels.com\/de\/wp-json\/wp\/v2\/pages\/5138","targetHints":{"allow":["GET"]}}],"collection":[{"href":"https:\/\/aquilahotels.com\/de\/wp-json\/wp\/v2\/pages"}],"about":[{"href":"https:\/\/aquilahotels.com\/de\/wp-json\/wp\/v2\/types\/page"}],"author":[{"embeddable":true,"href":"https:\/\/aquilahotels.com\/de\/wp-json\/wp\/v2\/users\/1"}],"replies":[{"embeddable":true,"href":"https:\/\/aquilahotels.com\/de\/wp-json\/wp\/v2\/comments?post=5138"}],"version-history":[{"count":18,"href":"https:\/\/aquilahotels.com\/de\/wp-json\/wp\/v2\/pages\/5138\/revisions"}],"predecessor-version":[{"id":5272,"href":"https:\/\/aquilahotels.com\/de\/wp-json\/wp\/v2\/pages\/5138\/revisions\/5272"}],"wp:attachment":[{"href":"https:\/\/aquilahotels.com\/de\/wp-json\/wp\/v2\/media?parent=5138"}],"curies":[{"name":"wp","href":"https:\/\/api.w.org\/{rel}","templated":true}]}}