{"id":5128,"date":"2025-08-08T00:11:08","date_gmt":"2025-08-07T21:11:08","guid":{"rendered":"https:\/\/aquilahotels.com\/gastronomie\/"},"modified":"2025-10-16T21:50:24","modified_gmt":"2025-10-16T18:50:24","slug":"gastronomie","status":"publish","type":"page","link":"https:\/\/aquilahotels.com\/de\/gastronomie\/","title":{"rendered":"Gastronomie"},"content":{"rendered":"<p>[et_pb_section fb_built=&#8220;1&#8243; _builder_version=&#8220;4.27.4&#8243; _module_preset=&#8220;default&#8220; background_color=&#8220;RGBA(255,255,255,0)&#8220; background_image=&#8220;https:\/\/aquilahotels.com\/wp-content\/uploads\/2025\/10\/8.jpg&#8220; background_blend=&#8220;overlay&#8220; custom_padding=&#8220;||||false|false&#8220; hover_enabled=&#8220;0&#8243; background_last_edited=&#8220;on|phone&#8220; background_position_phone=&#8220;center_right&#8220; custom_css_main_element=&#8220;min-height:100vh;&#8220; locked=&#8220;off&#8220; global_colors_info=&#8220;{}&#8220; alt=&#8220;Scenic sunset view from restaurant Elounda Village&#8220; title_text=&#8220;Scenic sunset view from restaurant Elounda Village&#8220; sticky_enabled=&#8220;0&#8243; background_image_phone=&#8220;https:\/\/aquilahotels.com\/wp-content\/uploads\/2025\/10\/9.jpg&#8220; background_enable_image_phone=&#8220;on&#8220;][et_pb_row _builder_version=&#8220;4.16&#8243; background_size=&#8220;initial&#8220; background_position=&#8220;top_left&#8220; background_repeat=&#8220;repeat&#8220; global_colors_info=&#8220;{}&#8220;][\/et_pb_row][\/et_pb_section][et_pb_section fb_built=&#8220;1&#8243; _builder_version=&#8220;4.27.2&#8243; _module_preset=&#8220;default&#8220; background_color=&#8220;#f3eee7&#8243; custom_padding=&#8220;60px||0px||false|false&#8220; border_radii=&#8220;on|1px|1px|1px|1px&#8220; border_color_top=&#8220;#000000&#8243; border_style_top=&#8220;dotted&#8220; locked=&#8220;off&#8220; global_colors_info=&#8220;{}&#8220;][et_pb_row _builder_version=&#8220;4.27.4&#8243; _module_preset=&#8220;default&#8220; width_tablet=&#8220;90%&#8220; width_phone=&#8220;90%&#8220; width_last_edited=&#8220;on|tablet&#8220; custom_margin=&#8220;0px||0px||false|false&#8220; custom_margin_tablet=&#8220;0px||0px||false|false&#8220; custom_margin_phone=&#8220;-30px||||false|false&#8220; custom_margin_last_edited=&#8220;on|phone&#8220; custom_padding=&#8220;0px||0px||false|false&#8220; global_colors_info=&#8220;{}&#8220;][et_pb_column type=&#8220;4_4&#8243; _builder_version=&#8220;4.26.0&#8243; _module_preset=&#8220;default&#8220; global_colors_info=&#8220;{}&#8220;][et_pb_text _builder_version=&#8220;4.27.4&#8243; _module_preset=&#8220;_initial&#8220; text_font=&#8220;|||on|||||&#8220; text_text_color=&#8220;#313131&#8243; text_line_height=&#8220;1.2em&#8220; header_font=&#8220;|300|||||||&#8220; header_text_color=&#8220;rgba(0,0,0,0.57)&#8220; header_font_size=&#8220;14px&#8220; text_orientation=&#8220;center&#8220; module_alignment=&#8220;center&#8220; custom_margin=&#8220;|0px|5px|0px|false|false&#8220; custom_margin_tablet=&#8220;0px|0px|5px|0px|false|false&#8220; custom_margin_phone=&#8220;0px|0px|0px|0px|false|false&#8220; custom_margin_last_edited=&#8220;on|phone&#8220; custom_padding=&#8220;0px|0px|0px|0px|false|false&#8220; locked=&#8220;off&#8220; global_colors_info=&#8220;{}&#8220;]<\/p>\n<h1 style=\"text-align: center;\">Gastronomie<\/h1>\n<p>[\/et_pb_text][et_pb_text module_class=&#8220;italiana-regular&#8220; _builder_version=&#8220;4.27.4&#8243; _module_preset=&#8220;_initial&#8220; text_text_color=&#8220;#313131&#8243; text_font_size=&#8220;32px&#8220; text_line_height=&#8220;1.2em&#8220; min_height=&#8220;14.4px&#8220; custom_margin=&#8220;0px|0px|10px|0px|false|false&#8220; custom_margin_tablet=&#8220;0px|0px|10px|0px|false|false&#8220; custom_margin_phone=&#8220;0px|0px|10px|0px|false|false&#8220; custom_margin_last_edited=&#8220;on|desktop&#8220; custom_padding=&#8220;0px|0px|0px|0px|false|false&#8220; locked=&#8220;off&#8220; global_colors_info=&#8220;{}&#8220;]<\/p>\n<p style=\"text-align: center;\">Wir feiern Kretas reiches kulinarisches Erbe und authentische Aromen mit kosmopolitischem Flair<\/p>\n<p>[\/et_pb_text][et_pb_text module_class=&#8220;mainTextWeight&#8220; _builder_version=&#8220;4.27.4&#8243; _module_preset=&#8220;_initial&#8220; text_font_size=&#8220;18px&#8220; text_line_height=&#8220;1.8em&#8220; custom_margin=&#8220;0px||0px||false|false&#8220; custom_margin_tablet=&#8220;0px||0px||false|false&#8220; custom_margin_phone=&#8220;0px||0px||false|false&#8220; custom_margin_last_edited=&#8220;on|desktop&#8220; custom_padding=&#8220;0px||0px||false|false&#8220; global_colors_info=&#8220;{}&#8220;]<\/p>\n<p style=\"text-align: center;\">Der Gastronomieansatz der Aquila Hotels &amp; Resorts, der von kretischer \u201eFiloxenia\u201c durchdrungen ist, wird zur Kunst. Preisgekr\u00f6nte Restaurants pr\u00e4sentieren die frischesten, lokal bezogenen Zutaten der Insel, die in exquisite Gerichte verwandelt werden, welche die renommierte kretische Ern\u00e4hrung hervorheben. Das Piazza di Porto im Porto Rethymno bietet raffinierte mediterrane K\u00fcche, w\u00e4hrend Mirabello und Symposium im Elounda Village, unserem Resort nur f\u00fcr Erwachsene, romantische und thematische kulinarische Erlebnisse bieten. Das Oceana am Rithymna Beach pr\u00e4sentiert frische Fischspezialit\u00e4ten und das Eleftherna bietet eine kretische Variante der gehobenen mediterranen K\u00fcche.   <\/p>\n<p>[\/et_pb_text][\/et_pb_column][\/et_pb_row][\/et_pb_section][et_pb_section fb_built=&#8220;1&#8243; _builder_version=&#8220;4.27.4&#8243; _module_preset=&#8220;default&#8220; background_color=&#8220;#f3eee7&#8243; custom_padding=&#8220;40px||7px|||&#8220; global_colors_info=&#8220;{}&#8220;][et_pb_row _builder_version=&#8220;4.27.4&#8243; _module_preset=&#8220;default&#8220; custom_padding=&#8220;||0px|||&#8220; global_colors_info=&#8220;{}&#8220;][et_pb_column type=&#8220;4_4&#8243; _builder_version=&#8220;4.27.4&#8243; _module_preset=&#8220;default&#8220; global_colors_info=&#8220;{}&#8220;][et_pb_text _builder_version=&#8220;4.27.4&#8243; _module_preset=&#8220;default&#8220; header_font=&#8220;Italiana||||||||&#8220; header_text_align=&#8220;center&#8220; global_colors_info=&#8220;{}&#8220;]<\/p>\n<h1>Entdecken Sie unsere Restaurants &amp; Bars<\/h1>\n<p>[\/et_pb_text][\/et_pb_column][\/et_pb_row][\/et_pb_section][et_pb_section fb_built=&#8220;1&#8243; _builder_version=&#8220;4.27.2&#8243; _module_preset=&#8220;default&#8220; background_color=&#8220;#f3eee7&#8243; custom_padding=&#8220;14px||||false|false&#8220; global_colors_info=&#8220;{}&#8220;][et_pb_row column_structure=&#8220;1_2,1_2&#8243; _builder_version=&#8220;4.27.2&#8243; _module_preset=&#8220;default&#8220; width=&#8220;96%&#8220; width_tablet=&#8220;90%&#8220; width_phone=&#8220;90%&#8220; width_last_edited=&#8220;on|phone&#8220; max_width=&#8220;2560px&#8220; custom_margin=&#8220;0px||60px||false|false&#8220; custom_margin_tablet=&#8220;||50px||false|false&#8220; custom_margin_phone=&#8220;||0px||false|false&#8220; custom_margin_last_edited=&#8220;on|phone&#8220; custom_padding=&#8220;0px||0px||false|false&#8220; locked=&#8220;off&#8220; global_colors_info=&#8220;{}&#8220;][et_pb_column type=&#8220;1_2&#8243; _builder_version=&#8220;4.27.0&#8243; _module_preset=&#8220;default&#8220; global_colors_info=&#8220;{}&#8220;][et_pb_image src=&#8220;https:\/\/aquilahotels.com\/wp-content\/uploads\/2025\/10\/10.jpg&#8220; alt=&#8220;Piazza di Porto&#8220; title_text=&#8220;10&#8243; _builder_version=&#8220;4.27.4&#8243; _module_preset=&#8220;default&#8220; custom_margin=&#8220;0px|0px|30px|0px|false|false&#8220; custom_padding=&#8220;0px|0px|0px|0px|false|false&#8220; scroll_vertical_motion=&#8220;0|70|70|100|4|0|-4&#8243; locked=&#8220;off&#8220; global_colors_info=&#8220;{}&#8220;][\/et_pb_image][et_pb_text module_class=&#8220;italiana-regular&#8220; _builder_version=&#8220;4.27.4&#8243; _module_preset=&#8220;_initial&#8220; text_text_color=&#8220;#313131&#8243; text_font_size=&#8220;32px&#8220; text_line_height=&#8220;1.2em&#8220; custom_margin=&#8220;||10px||false|false&#8220; custom_margin_tablet=&#8220;||10px||false|false&#8220; custom_margin_phone=&#8220;||10px||false|false&#8220; custom_margin_last_edited=&#8220;on|desktop&#8220; locked=&#8220;off&#8220; global_colors_info=&#8220;{}&#8220;]Restaurants im Elounda Village [\/et_pb_text][et_pb_text _builder_version=&#8220;4.27.4&#8243; _module_preset=&#8220;_initial&#8220; custom_margin=&#8220;||10px||false|false&#8220; custom_margin_tablet=&#8220;||10px||false|false&#8220; custom_margin_phone=&#8220;||10px||false|false&#8220; custom_margin_last_edited=&#8220;on|desktop&#8220; global_colors_info=&#8220;{}&#8220;]Lokal bezogene Produkte stehen im Mittelpunkt unserer preisgekr\u00f6nten Restaurants und kreieren eine Symphonie von Geschm\u00e4ckern, die selbst den anspruchsvollsten Gaumen verf\u00fchren soll.<\/p>\n<p><strong><span style=\"text-decoration: underline;\"><a href=\"https:\/\/eloundavillage.com\/de\/geschmack\/\" target=\"_blank\" rel=\"noopener\">Mehr entdecken<\/a><\/span><\/strong>[\/et_pb_text][\/et_pb_column][et_pb_column type=&#8220;1_2&#8243; _builder_version=&#8220;4.27.0&#8243; _module_preset=&#8220;default&#8220; global_colors_info=&#8220;{}&#8220;][et_pb_image src=&#8220;https:\/\/aquilahotels.com\/wp-content\/uploads\/2025\/08\/2_2_aquila_hotels_and_resorts_dining_rithymna_beach.jpg&#8220; alt=&#8220;Laguna Hauptrestaurant&#8220; title_text=&#8220;2_2_aquila_hotels_and_resorts_dining_rithymna_beach&#8220; _builder_version=&#8220;4.27.4&#8243; _module_preset=&#8220;default&#8220; custom_margin=&#8220;0px|0px|30px|0px|false|false&#8220; custom_padding=&#8220;0px|0px|0px|0px|false|false&#8220; scroll_vertical_motion=&#8220;0|70|70|100|4|0|-4&#8243; locked=&#8220;off&#8220; global_colors_info=&#8220;{}&#8220;][\/et_pb_image][et_pb_text module_class=&#8220;italiana-regular&#8220; _builder_version=&#8220;4.27.4&#8243; _module_preset=&#8220;_initial&#8220; text_text_color=&#8220;#313131&#8243; text_font_size=&#8220;32px&#8220; text_line_height=&#8220;1.2em&#8220; custom_margin=&#8220;0px|0px|10px|0px|false|false&#8220; custom_margin_tablet=&#8220;0px|0px|10px|0px|false|false&#8220; custom_margin_phone=&#8220;0px|0px|10px|0px|false|false&#8220; custom_margin_last_edited=&#8220;on|desktop&#8220; custom_padding=&#8220;0px|0px|0px|0px|false|false&#8220; locked=&#8220;off&#8220; global_colors_info=&#8220;{}&#8220;]Restaurants am Rithymna Beach [\/et_pb_text][et_pb_text _builder_version=&#8220;4.27.4&#8243; _module_preset=&#8220;_initial&#8220; custom_margin=&#8220;||20px||false|false&#8220; custom_margin_tablet=&#8220;||10px||false|false&#8220; custom_margin_phone=&#8220;||10px||false|false&#8220; custom_margin_last_edited=&#8220;on|desktop&#8220; custom_padding=&#8220;||30px||false|false&#8220; global_colors_info=&#8220;{}&#8220;]Vielf\u00e4ltige kulinarische Erlebnisse reichen von Fischgerichten am Strand bis hin zu authentischen kretischen K\u00f6stlichkeiten unter dem Sternenhimmel. Und tragen Sie Ihre fr\u00f6hliche Stimmung! <\/p>\n<p><strong><span style=\"text-decoration: underline;\"><a href=\"https:\/\/rithymnabeach.com\/de\/geschmack\/\" target=\"_blank\" rel=\"noopener\">Mehr entdecken<\/a><\/span><\/strong>[\/et_pb_text][\/et_pb_column][\/et_pb_row][et_pb_row column_structure=&#8220;1_2,1_2&#8243; _builder_version=&#8220;4.27.2&#8243; _module_preset=&#8220;default&#8220; width=&#8220;96%&#8220; width_tablet=&#8220;90%&#8220; width_phone=&#8220;90%&#8220; width_last_edited=&#8220;on|phone&#8220; max_width=&#8220;2560px&#8220; custom_margin=&#8220;0px||60px||false|false&#8220; custom_margin_tablet=&#8220;||50px||false|false&#8220; custom_margin_phone=&#8220;||0px||false|false&#8220; custom_margin_last_edited=&#8220;on|phone&#8220; custom_padding=&#8220;0px||0px||false|false&#8220; locked=&#8220;off&#8220; global_colors_info=&#8220;{}&#8220;][et_pb_column type=&#8220;1_2&#8243; _builder_version=&#8220;4.27.0&#8243; _module_preset=&#8220;default&#8220; global_colors_info=&#8220;{}&#8220;][et_pb_image src=&#8220;https:\/\/aquilahotels.com\/wp-content\/uploads\/2025\/08\/3_1_aquila_hotels_and_resorts_dining_hotel_atlantis.jpg&#8220; alt=&#8220;Piazza di Porto&#8220; title_text=&#8220;3_1_aquila_hotels_and_resorts_dining_hotel_atlantis&#8220; _builder_version=&#8220;4.27.4&#8243; _module_preset=&#8220;default&#8220; custom_margin=&#8220;0px|0px|30px|0px|false|false&#8220; custom_padding=&#8220;0px|0px|0px|0px|false|false&#8220; scroll_vertical_motion=&#8220;0|70|70|100|4|0|-4&#8243; global_colors_info=&#8220;{}&#8220;][\/et_pb_image][et_pb_text module_class=&#8220;italiana-regular&#8220; _builder_version=&#8220;4.27.4&#8243; _module_preset=&#8220;_initial&#8220; text_text_color=&#8220;#313131&#8243; text_font_size=&#8220;32px&#8220; text_line_height=&#8220;1.2em&#8220; custom_margin=&#8220;||10px||false|false&#8220; custom_margin_tablet=&#8220;||10px||false|false&#8220; custom_margin_phone=&#8220;||10px||false|false&#8220; custom_margin_last_edited=&#8220;on|desktop&#8220; locked=&#8220;off&#8220; global_colors_info=&#8220;{}&#8220;]In der Lobby Bar [\/et_pb_text][et_pb_text _builder_version=&#8220;4.27.4&#8243; _module_preset=&#8220;_initial&#8220; custom_margin=&#8220;||10px||false|false&#8220; custom_margin_tablet=&#8220;||10px||false|false&#8220; custom_margin_phone=&#8220;||10px||false|false&#8220; custom_margin_last_edited=&#8220;on|desktop&#8220; global_colors_info=&#8220;{}&#8220;]Hohe \u00c4sthetik und eine gesch\u00e4ftsfreundliche Atmosph\u00e4re zeichnen diesen komfortablen urbanen Raum aus und machen ihn f\u00fcr Zusammenk\u00fcnfte am Tag und am Abend geeignet.<\/p>\n<p><strong><span style=\"text-decoration: underline;\"><a href=\"https:\/\/hotelatlantis.com\/de\/geschmack\/\" target=\"_blank\" rel=\"noopener\">Mehr entdecken<\/a><\/span><\/strong>[\/et_pb_text][\/et_pb_column][et_pb_column type=&#8220;1_2&#8243; _builder_version=&#8220;4.27.0&#8243; _module_preset=&#8220;default&#8220; global_colors_info=&#8220;{}&#8220;][et_pb_image src=&#8220;https:\/\/aquilahotels.com\/wp-content\/uploads\/2025\/08\/3_2_aquila_hotels_and_resorts_dining_porto_rethyymno.jpg&#8220; alt=&#8220;Laguna Hauptrestaurant&#8220; title_text=&#8220;3_2_aquila_hotels_and_resorts_dining_porto_rethyymno&#8220; _builder_version=&#8220;4.27.4&#8243; _module_preset=&#8220;default&#8220; custom_margin=&#8220;0px|0px|30px|0px|false|false&#8220; custom_padding=&#8220;0px|0px|0px|0px|false|false&#8220; scroll_vertical_motion=&#8220;0|70|70|100|4|0|-4&#8243; locked=&#8220;off&#8220; global_colors_info=&#8220;{}&#8220;][\/et_pb_image][et_pb_text module_class=&#8220;italiana-regular&#8220; _builder_version=&#8220;4.27.4&#8243; _module_preset=&#8220;_initial&#8220; text_text_color=&#8220;#313131&#8243; text_font_size=&#8220;32px&#8220; text_line_height=&#8220;1.2em&#8220; custom_margin=&#8220;0px|0px|10px|0px|false|false&#8220; custom_margin_tablet=&#8220;0px|0px|10px|0px|false|false&#8220; custom_margin_phone=&#8220;0px|0px|10px|0px|false|false&#8220; custom_margin_last_edited=&#8220;on|desktop&#8220; custom_padding=&#8220;0px|0px|0px|0px|false|false&#8220; locked=&#8220;off&#8220; global_colors_info=&#8220;{}&#8220;]Piazza di Porto im Porto Rethymno [\/et_pb_text][et_pb_text _builder_version=&#8220;4.27.4&#8243; _module_preset=&#8220;_initial&#8220; custom_margin=&#8220;||20px||false|false&#8220; custom_margin_tablet=&#8220;||10px||false|false&#8220; custom_margin_phone=&#8220;||10px||false|false&#8220; custom_margin_last_edited=&#8220;on|desktop&#8220; custom_padding=&#8220;||30px||false|false&#8220; global_colors_info=&#8220;{}&#8220;]Unser \u00c0-la-carte-Restaurant im Porto Rethymno bietet preisgekr\u00f6nte K\u00fcche, frische lokale Zutaten, kuratierte Weine und einen atemberaubenden Meerblick.<\/p>\n<p><strong><span style=\"text-decoration: underline;\"><a href=\"https:\/\/portorethymno.com\/de\/piazza-di-porto\/\" target=\"_blank\" rel=\"noopener\">Mehr entdecken<\/a><\/span><\/strong>[\/et_pb_text][\/et_pb_column][\/et_pb_row][et_pb_row column_structure=&#8220;3_5,2_5&#8243; _builder_version=&#8220;4.27.2&#8243; _module_preset=&#8220;default&#8220; background_color=&#8220;#FFFFFF&#8220; width=&#8220;70%&#8220; width_tablet=&#8220;90%&#8220; width_phone=&#8220;90%&#8220; width_last_edited=&#8220;on|phone&#8220; max_width=&#8220;2560px&#8220; custom_margin=&#8220;0px||60px||false|false&#8220; custom_margin_tablet=&#8220;0px||100px||false|false&#8220; custom_margin_phone=&#8220;0px||60px||false|false&#8220; custom_margin_last_edited=&#8220;on|phone&#8220; custom_padding=&#8220;0px||0px|||&#8220; global_colors_info=&#8220;{}&#8220;][et_pb_column type=&#8220;3_5&#8243; _builder_version=&#8220;4.27.0&#8243; _module_preset=&#8220;default&#8220; global_colors_info=&#8220;{}&#8220;][et_pb_image src=&#8220;https:\/\/aquilahotels.com\/wp-content\/uploads\/2025\/08\/6_aquila_hotels_and_resorts_dining_fresh_and_local_2-1.jpg&#8220; title_text=&#8220;6_aquila_hotels_and_resorts_dining_fresh_and_local_2&#8243; _builder_version=&#8220;4.27.4&#8243; _module_preset=&#8220;default&#8220; global_colors_info=&#8220;{}&#8220;][\/et_pb_image][\/et_pb_column][et_pb_column type=&#8220;2_5&#8243; _builder_version=&#8220;4.27.0&#8243; _module_preset=&#8220;default&#8220; global_colors_info=&#8220;{}&#8220;][et_pb_text module_class=&#8220;italiana-regular&#8220; _builder_version=&#8220;4.27.4&#8243; _module_preset=&#8220;_initial&#8220; text_text_color=&#8220;#313131&#8243; text_font_size=&#8220;32px&#8220; text_line_height=&#8220;1.2em&#8220; custom_margin=&#8220;60px||10px||false|false&#8220; custom_margin_tablet=&#8220;||10px||false|false&#8220; custom_margin_phone=&#8220;-5px||10px||false|false&#8220; custom_margin_last_edited=&#8220;on|phone&#8220; custom_padding=&#8220;0px|10px||10px|false|false&#8220; custom_padding_tablet=&#8220;0px|10px||10px|false|false&#8220; custom_padding_phone=&#8220;0px||||false|false&#8220; custom_padding_last_edited=&#8220;on|phone&#8220; locked=&#8220;off&#8220; global_colors_info=&#8220;{}&#8220;]Frisch &amp; lokal [\/et_pb_text][et_pb_text _builder_version=&#8220;4.27.4&#8243; _module_preset=&#8220;_initial&#8220; custom_margin=&#8220;||10px||false|false&#8220; custom_margin_tablet=&#8220;||20px|||&#8220; custom_margin_phone=&#8220;||20px|||&#8220; custom_margin_last_edited=&#8220;on|phone&#8220; custom_padding=&#8220;|10px||10px|false|false&#8220; global_colors_info=&#8220;{}&#8220;]<\/p>\n<p>Wir setzen uns f\u00fcr eine authentische K\u00fcche vom Bauernhof bis zum Tisch ein, die frische, lokal bezogene Zutaten und traditionelle Rezepte f\u00fcr einen echten Geschmack des kulinarischen Erbes der Insel vereint.<\/p>\n<p>[\/et_pb_text][\/et_pb_column][\/et_pb_row][\/et_pb_section][et_pb_section fb_built=&#8220;1&#8243; disabled_on=&#8220;off|off|on&#8220; module_class=&#8220;stickyBook&#8220; _builder_version=&#8220;4.27.2&#8243; _module_preset=&#8220;default&#8220; background_color=&#8220;#b6a486&#8243; custom_margin=&#8220;0px||0px||false|false&#8220; custom_padding=&#8220;0px||0px||false|false&#8220; locked=&#8220;off&#8220; global_colors_info=&#8220;{}&#8220;][et_pb_row _builder_version=&#8220;4.27.0&#8243; _module_preset=&#8220;default&#8220; custom_margin=&#8220;0px||0px||false|false&#8220; custom_padding=&#8220;10px||10px||false|false&#8220; global_colors_info=&#8220;{}&#8220;][et_pb_column type=&#8220;4_4&#8243; _builder_version=&#8220;4.27.0&#8243; _module_preset=&#8220;default&#8220; global_colors_info=&#8220;{}&#8220;][et_pb_button button_url=&#8220;@ET-DC@eyJkeW5hbWljIjp0cnVlLCJjb250ZW50IjoicG9zdF9saW5rX3VybF9wYWdlIiwic2V0dGluZ3MiOnsicG9zdF9pZCI6IjI1NDAifX0=@&#8220; button_text=&#8220;Preise pr\u00fcfen&#8220; button_alignment=&#8220;center&#8220; _builder_version=&#8220;4.27.2&#8243; _dynamic_attributes=&#8220;button_url&#8220; _module_preset=&#8220;default&#8220; custom_button=&#8220;on&#8220; button_text_size=&#8220;17px&#8220; button_text_color=&#8220;#FFFFFF&#8220; button_bg_color=&#8220;#b6a486&#8243; button_border_color=&#8220;rgba(182,164,134,0.66)&#8220; custom_margin=&#8220;0px||0px||false|false&#8220; locked=&#8220;off&#8220; global_colors_info=&#8220;{}&#8220;][\/et_pb_button][\/et_pb_column][\/et_pb_row][\/et_pb_section][et_pb_section fb_built=&#8220;1&#8243; disabled_on=&#8220;off|off|on&#8220; module_class=&#8220;stickyBook&#8220; _builder_version=&#8220;4.27.2&#8243; _module_preset=&#8220;default&#8220; background_color=&#8220;#b6a486&#8243; custom_margin=&#8220;0px||0px||false|false&#8220; custom_padding=&#8220;0px||0px||false|false&#8220; locked=&#8220;off&#8220; global_colors_info=&#8220;{}&#8220;][et_pb_row _builder_version=&#8220;4.27.0&#8243; _module_preset=&#8220;default&#8220; custom_margin=&#8220;0px||0px||false|false&#8220; custom_padding=&#8220;10px||10px||false|false&#8220; global_colors_info=&#8220;{}&#8220;][et_pb_column type=&#8220;4_4&#8243; _builder_version=&#8220;4.27.0&#8243; _module_preset=&#8220;default&#8220; global_colors_info=&#8220;{}&#8220;][et_pb_button button_url=&#8220;https:\/\/aquilaportorethymno.reserve-online.net\/?_gl=1*1a2rvy4*_gcl_au*NDU0ODk3ODgwLjE3MzM3NzkwNTg.*_ga*MzY0NjIyNDIzLjE3MTc3MDMyODI.*_ga_RYFE5QR54Q*MTczOTgzMDIyMC4yNi4wLjE3Mzk4MzAyMjAuNjAuMC4w&#038;_ga=2.2289968.1495186079.1739830220-364622423.1717703282&#8243; url_new_window=&#8220;on&#8220; button_text=&#8220;Preise pr\u00fcfen&#8220; button_alignment=&#8220;center&#8220; _builder_version=&#8220;4.24.2&#8243; _module_preset=&#8220;default&#8220; custom_button=&#8220;on&#8220; button_text_size=&#8220;17px&#8220; button_text_color=&#8220;#FFFFFF&#8220; button_bg_color=&#8220;#b6a486&#8243; button_border_color=&#8220;rgba(182,164,134,0.66)&#8220; custom_margin=&#8220;0px||0px||false|false&#8220; locked=&#8220;off&#8220; global_colors_info=&#8220;{}&#8220;][\/et_pb_button][\/et_pb_column][\/et_pb_row][\/et_pb_section]<\/p>\n","protected":false},"excerpt":{"rendered":"<p>GastronomieWir feiern Kretas reiches kulinarisches Erbe und authentische Aromen mit kosmopolitischem FlairDer Gastronomieansatz der Aquila Hotels &amp; Resorts, der von kretischer \u201eFiloxenia\u201c durchdrungen ist, wird zur Kunst. Preisgekr\u00f6nte Restaurants pr\u00e4sentieren die frischesten, lokal bezogenen Zutaten der Insel, die in exquisite Gerichte verwandelt werden, welche die renommierte kretische Ern\u00e4hrung hervorheben. Das Piazza di Porto im Porto [&hellip;]<\/p>\n","protected":false},"author":1,"featured_media":0,"parent":0,"menu_order":0,"comment_status":"closed","ping_status":"closed","template":"","meta":{"_et_pb_use_builder":"on","_et_pb_old_content":"","_et_gb_content_width":"","footnotes":""},"class_list":["post-5128","page","type-page","status-publish","hentry"],"_links":{"self":[{"href":"https:\/\/aquilahotels.com\/de\/wp-json\/wp\/v2\/pages\/5128","targetHints":{"allow":["GET"]}}],"collection":[{"href":"https:\/\/aquilahotels.com\/de\/wp-json\/wp\/v2\/pages"}],"about":[{"href":"https:\/\/aquilahotels.com\/de\/wp-json\/wp\/v2\/types\/page"}],"author":[{"embeddable":true,"href":"https:\/\/aquilahotels.com\/de\/wp-json\/wp\/v2\/users\/1"}],"replies":[{"embeddable":true,"href":"https:\/\/aquilahotels.com\/de\/wp-json\/wp\/v2\/comments?post=5128"}],"version-history":[{"count":20,"href":"https:\/\/aquilahotels.com\/de\/wp-json\/wp\/v2\/pages\/5128\/revisions"}],"predecessor-version":[{"id":7085,"href":"https:\/\/aquilahotels.com\/de\/wp-json\/wp\/v2\/pages\/5128\/revisions\/7085"}],"wp:attachment":[{"href":"https:\/\/aquilahotels.com\/de\/wp-json\/wp\/v2\/media?parent=5128"}],"curies":[{"name":"wp","href":"https:\/\/api.w.org\/{rel}","templated":true}]}}