{"id":4885,"date":"2025-07-11T02:50:26","date_gmt":"2025-07-10T23:50:26","guid":{"rendered":"https:\/\/aquilahotels.com\/meetings-veranstaltungen\/"},"modified":"2025-09-04T02:47:47","modified_gmt":"2025-09-03T23:47:47","slug":"meetings-veranstaltungen","status":"publish","type":"page","link":"https:\/\/aquilahotels.com\/de\/meetings-veranstaltungen\/","title":{"rendered":"Meetings &amp; Veranstaltungen"},"content":{"rendered":"<p>[et_pb_section fb_built=&#8220;1&#8243; _builder_version=&#8220;4.27.4&#8243; _module_preset=&#8220;default&#8220; background_color=&#8220;RGBA(255,255,255,0)&#8220; background_image=&#8220;https:\/\/aquilahotels.com\/wp-content\/uploads\/2025\/07\/aquila_hotels_and_resorts_meetings_and_events.jpg&#8220; parallax=&#8220;on&#8220; background_blend=&#8220;overlay&#8220; custom_padding=&#8220;||||false|false&#8220; background_last_edited=&#8220;on|phone&#8220; background_image_phone=&#8220;https:\/\/aquilahotels.com\/wp-content\/uploads\/2025\/07\/aquila_hotels_and_resorts_meetings_and_events.jpg&#8220; background_enable_image_phone=&#8220;on&#8220; parallax_phone=&#8220;off&#8220; background_position_phone=&#8220;center&#8220; custom_css_main_element=&#8220;min-height:100vh;&#8220; locked=&#8220;off&#8220; global_colors_info=&#8220;{}&#8220;][et_pb_row _builder_version=&#8220;4.16&#8243; background_size=&#8220;initial&#8220; background_position=&#8220;top_left&#8220; background_repeat=&#8220;repeat&#8220; global_colors_info=&#8220;{}&#8220;][\/et_pb_row][\/et_pb_section][et_pb_section fb_built=&#8220;1&#8243; custom_padding_last_edited=&#8220;on|phone&#8220; _builder_version=&#8220;4.27.4&#8243; _module_preset=&#8220;default&#8220; background_color=&#8220;#f3eee7&#8243; custom_margin=&#8220;0px|0px|0px|0px|false|false&#8220; custom_margin_tablet=&#8220;0px|0px|0px|0px|false|false&#8220; custom_margin_phone=&#8220;30px|0px|0px|0px|false|false&#8220; custom_margin_last_edited=&#8220;on|phone&#8220; custom_padding=&#8220;60px|0px|0px|0px|false|false&#8220; custom_padding_tablet=&#8220;60px|0px|0px|0px|false|false&#8220; custom_padding_phone=&#8220;0px|0px|0px|0px|false|false&#8220; global_colors_info=&#8220;{}&#8220;][et_pb_row _builder_version=&#8220;4.27.4&#8243; _module_preset=&#8220;default&#8220; width_tablet=&#8220;&#8220; width_phone=&#8220;90%&#8220; width_last_edited=&#8220;on|phone&#8220; custom_margin=&#8220;0px||0px||false|false&#8220; custom_margin_tablet=&#8220;60px||60px||false|false&#8220; custom_margin_phone=&#8220;||10px||false|false&#8220; custom_margin_last_edited=&#8220;on|phone&#8220; custom_padding=&#8220;0px||0px|||&#8220; global_colors_info=&#8220;{}&#8220;][et_pb_column type=&#8220;4_4&#8243; _builder_version=&#8220;4.24.2&#8243; _module_preset=&#8220;default&#8220; global_colors_info=&#8220;{}&#8220;][et_pb_text _builder_version=&#8220;4.27.4&#8243; _module_preset=&#8220;_initial&#8220; text_font=&#8220;|||on|||||&#8220; text_text_color=&#8220;#313131&#8243; text_line_height=&#8220;1.2em&#8220; header_font=&#8220;|300|||||||&#8220; header_text_color=&#8220;rgba(0,0,0,0.57)&#8220; header_font_size=&#8220;14px&#8220; text_orientation=&#8220;center&#8220; module_alignment=&#8220;center&#8220; custom_margin=&#8220;|0px|5px|0px|false|false&#8220; custom_margin_tablet=&#8220;0px|0px|5px|0px|false|false&#8220; custom_margin_phone=&#8220;0px|0px|0px|0px|false|false&#8220; custom_margin_last_edited=&#8220;on|phone&#8220; custom_padding=&#8220;0px|0px|0px|0px|false|false&#8220; global_colors_info=&#8220;{}&#8220;]<\/p>\n<h1 style=\"text-align: center;\">Meetings &amp; Veranstaltungen<\/h1>\n<p>[\/et_pb_text][et_pb_text module_class=&#8220;italiana-regular&#8220; _builder_version=&#8220;4.27.4&#8243; _module_preset=&#8220;_initial&#8220; text_text_color=&#8220;#313131&#8243; text_font_size=&#8220;32px&#8220; text_line_height=&#8220;1.2em&#8220; custom_margin=&#8220;0px|0px|10px|0px|false|false&#8220; custom_margin_tablet=&#8220;0px|0px|10px|0px|false|false&#8220; custom_margin_phone=&#8220;0px|0px|10px|0px|false|false&#8220; custom_margin_last_edited=&#8220;on|desktop&#8220; custom_padding=&#8220;0px|0px|0px|0px|false|false&#8220; locked=&#8220;off&#8220; global_colors_info=&#8220;{}&#8220;]<\/p>\n<p style=\"text-align: center;\">Gestaltung Ihrer pers\u00f6nlichen und beruflichen Meilensteine<\/p>\n<p>[\/et_pb_text][\/et_pb_column][\/et_pb_row][et_pb_row _builder_version=&#8220;4.27.4&#8243; _module_preset=&#8220;default&#8220; width_tablet=&#8220;&#8220; width_phone=&#8220;90%&#8220; width_last_edited=&#8220;on|phone&#8220; custom_margin=&#8220;0px||0px||false|false&#8220; custom_padding=&#8220;0px||55px||false|false&#8220; global_colors_info=&#8220;{}&#8220;][et_pb_column type=&#8220;4_4&#8243; _builder_version=&#8220;4.24.2&#8243; _module_preset=&#8220;default&#8220; global_colors_info=&#8220;{}&#8220;][et_pb_text module_class=&#8220;mainTextWeight&#8220; _builder_version=&#8220;4.27.4&#8243; _module_preset=&#8220;_initial&#8220; text_line_height=&#8220;1.8em&#8220; custom_margin=&#8220;0px||0px||false|false&#8220; custom_margin_tablet=&#8220;0px||0px||false|false&#8220; custom_margin_phone=&#8220;0px||0px||false|false&#8220; custom_margin_last_edited=&#8220;on|desktop&#8220; custom_padding=&#8220;0px||0px||false|false&#8220; global_colors_info=&#8220;{}&#8220;]<\/p>\n<p style=\"text-align: center;\"><span>Ihre wertvollsten pers\u00f6nlichen und beruflichen Momente finden in allen Aquila Hotels &amp; Resorts den idealen Rahmen. Unsere engagierten Teams gestalten massgeschneiderte Veranstaltungen mit gr\u00f6sster Sorgfalt und sorgen daf\u00fcr, dass jeder Anlass wirklich einzigartig und tadellos mit echter kretischer Gastfreundschaft durchgef\u00fchrt wird. <\/span><\/p>\n<p>[\/et_pb_text][\/et_pb_column][\/et_pb_row][et_pb_row column_structure=&#8220;2_3,1_3&#8243; custom_padding_last_edited=&#8220;on|phone&#8220; _builder_version=&#8220;4.27.4&#8243; _module_preset=&#8220;default&#8220; width_tablet=&#8220;&#8220; width_phone=&#8220;90%&#8220; width_last_edited=&#8220;on|phone&#8220; max_width=&#8220;2560px&#8220; custom_margin=&#8220;|auto||auto|false|false&#8220; custom_margin_tablet=&#8220;120px|auto||auto|false|false&#8220; custom_margin_phone=&#8220;-24px|auto||auto|false|false&#8220; custom_margin_last_edited=&#8220;on|phone&#8220; custom_padding=&#8220;30px||30px|0px|true|false&#8220; custom_padding_tablet=&#8220;|||30px|false|false&#8220; custom_padding_phone=&#8220;0px||45px|0px|false|false&#8220; global_colors_info=&#8220;{}&#8220;][et_pb_column type=&#8220;2_3&#8243; _builder_version=&#8220;4.27.0&#8243; _module_preset=&#8220;default&#8220; global_colors_info=&#8220;{}&#8220;][et_pb_slider _builder_version=&#8220;4.27.4&#8243; _module_preset=&#8220;default&#8220; header_text_color=&#8220;#313131&#8243; header_letter_spacing=&#8220;1px&#8220; body_text_color=&#8220;#313131&#8243; background_image=&#8220;https:\/\/aquilahotels.com\/wp-content\/uploads\/2025\/06\/elounda_village_celebrations_banner2a-Recovered.png&#8220; content_width_tablet=&#8220;&#8220; content_width_phone=&#8220;&#8220; content_width_last_edited=&#8220;on|phone&#8220; height=&#8220;650px&#8220; height_tablet=&#8220;650px&#8220; height_phone=&#8220;400px&#8220; height_last_edited=&#8220;on|phone&#8220; global_colors_info=&#8220;{}&#8220;][et_pb_slide _builder_version=&#8220;4.27.4&#8243; _module_preset=&#8220;default&#8220; background_image=&#8220;https:\/\/aquilahotels.com\/wp-content\/uploads\/2025\/07\/aquila_hotels_and_resorts_weddings_and_celebrations.jpg&#8220; background_enable_image=&#8220;on&#8220; global_colors_info=&#8220;{}&#8220; sticky_transition=&#8220;on&#8220;][\/et_pb_slide][\/et_pb_slider][\/et_pb_column][et_pb_column type=&#8220;1_3&#8243; _builder_version=&#8220;4.24.3&#8243; _module_preset=&#8220;default&#8220; global_colors_info=&#8220;{}&#8220;][et_pb_text module_class=&#8220;mainTitleHome&#8220; _builder_version=&#8220;4.27.4&#8243; _module_preset=&#8220;_initial&#8220; text_font=&#8220;|||on|||||&#8220; text_text_color=&#8220;#313131&#8243; text_line_height=&#8220;1.2em&#8220; header_font=&#8220;|300|||||||&#8220; header_font_size=&#8220;14px&#8220; custom_margin=&#8220;60px|0px|0px|0px|false|false&#8220; custom_margin_tablet=&#8220;0px|0px|5px|0px|false|false&#8220; custom_margin_phone=&#8220;0px|0px|0px|0px|false|false&#8220; custom_margin_last_edited=&#8220;on|desktop&#8220; custom_padding=&#8220;0px|0px|0px|0px|false|false&#8220; locked=&#8220;off&#8220; global_colors_info=&#8220;{}&#8220;]<\/p>\n<h1>HOCHZEITEN UND FEIERN<\/h1>\n<div id=\"awebChromeHelper\" data-version=\"1.24.0\"><\/div>\n<p>[\/et_pb_text][et_pb_text module_class=&#8220;italiana-regular&#8220; _builder_version=&#8220;4.27.4&#8243; _module_preset=&#8220;_initial&#8220; text_text_color=&#8220;#313131&#8243; text_font_size=&#8220;32px&#8220; text_line_height=&#8220;1em&#8220; custom_margin=&#8220;0px||0px||false|false&#8220; custom_margin_tablet=&#8220;0px||0px||false|false&#8220; custom_margin_phone=&#8220;0px||0px||false|false&#8220; custom_margin_last_edited=&#8220;on|desktop&#8220; custom_padding=&#8220;0px||10px||false|false&#8220; locked=&#8220;off&#8220; global_colors_info=&#8220;{}&#8220;]<\/p>\n<p>Ihr Traumanlass, verwirklicht<\/p>\n<p>[\/et_pb_text][et_pb_text content_tablet=&#8220;Das kultige Aquila Rithymna Beach liegt direkt am Strand der atemberaubenden Riviera von Rethymnon und bietet einen spektakul\u00e4ren Blick auf den Psiloritis und die Wei\u00dfen Berge. Es vereint das Beste aus zwei Welten: ein entspanntes F\u00fcnf-Sterne-Strandresort nur 6 km vom historischen Stadtzentrum entfernt. Das dorf\u00e4hnliche Resort verf\u00fcgt \u00fcber einen 500 m langen Sandstrand, der mit der Blauen Flagge ausgezeichnet ist, eine Vielzahl von 9 Restaurants und Bars vor Ort, einen hervorragenden Kids Club und \u00fcber 1.300 Quadratmeter hochmoderne Spa-Einrichtungen. W\u00e4hlen Sie zwischen unseren ger\u00e4umigen Erwachsenen- und Familienbereichen oder nutzen Sie unsere Premium All-Inclusive-Pakete und tauchen Sie ein in das einzigartige Aquila-Erlebnis.<br \/>\n<strong><span style=%22text-decoration: underline;%22><a href=%22\/at-a-glance\/%22>  Mehr entdecken  <\/a><\/span><\/strong>&#8220; content_phone=&#8220;<\/p>\n<p>Die Meilensteine des Lebens werden in atemberaubenden Destinationen auf Kreta gefeiert. Aquila Hotels &amp; Resorts ist auf die Gestaltung ma\u00dfgeschneiderter Hochzeiten, romantischer Erneuerungen, Hochzeitsreisen und gro\u00dfer Jubil\u00e4en spezialisiert. Reizvolle Kapellen im Aquila Rithymna Beach und Aquila Elounda Village sowie mehrere elegante Veranstaltungsorte und ger\u00e4umige S\u00e4le bieten die perfekte Kulisse f\u00fcr Empf\u00e4nge am Strand oder intime Abendessen.  <\/p>\n<p>&#8220; content_last_edited=&#8220;on|phone&#8220; module_class=&#8220;mainTextWeight&#8220; _builder_version=&#8220;4.27.4&#8243; _module_preset=&#8220;_initial&#8220; text_text_color=&#8220;#000000&#8243; text_line_height=&#8220;1.8em&#8220; background_color=&#8220;RGBA(255,255,255,0)&#8220; transform_translate=&#8220;0%|0px&#8220; transform_translate_linked=&#8220;off&#8220; z_index=&#8220;1&#8243; background_layout=&#8220;dark&#8220; width=&#8220;100%&#8220; module_alignment=&#8220;right&#8220; custom_margin=&#8220;||||false|false&#8220; custom_margin_tablet=&#8220;||||false|false&#8220; custom_margin_phone=&#8220;||||false|false&#8220; custom_margin_last_edited=&#8220;on|desktop&#8220; custom_padding=&#8220;0px|0px|0px|0px|false|false&#8220; custom_padding_tablet=&#8220;0px|0px|0px|0px|false|false&#8220; custom_padding_phone=&#8220;|0px|||false|false&#8220; custom_padding_last_edited=&#8220;on|phone&#8220; global_colors_info=&#8220;{}&#8220;]<\/p>\n<p>Die Meilensteine des Lebens werden in atemberaubenden Destinationen auf Kreta gefeiert. Aquila Hotels &amp; Resorts ist auf die Gestaltung ma\u00dfgeschneiderter Hochzeiten, romantischer Erneuerungen, Hochzeitsreisen und gro\u00dfer Jubil\u00e4en spezialisiert. Reizvolle Kapellen im Aquila Rithymna Beach und Aquila Elounda Village sowie mehrere elegante Veranstaltungsorte und ger\u00e4umige S\u00e4le bieten die perfekte Kulisse f\u00fcr Empf\u00e4nge am Strand oder intime Abendessen.  <\/p>\n<p>[\/et_pb_text][\/et_pb_column][\/et_pb_row][et_pb_row column_structure=&#8220;1_3,2_3&#8243; _builder_version=&#8220;4.27.4&#8243; _module_preset=&#8220;default&#8220; background_color=&#8220;#FFFFFF&#8220; width=&#8220;100%&#8220; max_width=&#8220;2560px&#8220; custom_margin=&#8220;0px|0px|0px|0px|false|false&#8220; custom_margin_tablet=&#8220;0px|0px|0px|0px|false|false&#8220; custom_margin_phone=&#8220;0px|0px|0px|0px|false|false&#8220; custom_margin_last_edited=&#8220;on|phone&#8220; custom_padding=&#8220;31px|0px|0px|0px|false|false&#8220; locked=&#8220;off&#8220; collapsed=&#8220;off&#8220; global_colors_info=&#8220;{}&#8220;][et_pb_column type=&#8220;1_3&#8243; _builder_version=&#8220;4.24.3&#8243; _module_preset=&#8220;default&#8220; custom_padding=&#8220;||||false|false&#8220; global_colors_info=&#8220;{}&#8220;][et_pb_text module_class=&#8220;mainTitleHome&#8220; _builder_version=&#8220;4.27.4&#8243; _module_preset=&#8220;_initial&#8220; text_text_color=&#8220;#313131&#8243; text_line_height=&#8220;1.2em&#8220; header_font=&#8220;|300|||||||&#8220; header_font_size=&#8220;14px&#8220; custom_margin=&#8220;0px|0px|0px|0px|false|false&#8220; custom_margin_tablet=&#8220;0px|0px|5px|0px|false|false&#8220; custom_margin_phone=&#8220;5px|0px|0px|0px|false|false&#8220; custom_margin_last_edited=&#8220;on|phone&#8220; custom_padding=&#8220;60px|10%|0px|10%|false|false&#8220; custom_padding_tablet=&#8220;120px|10%|0px|10%|false|false&#8220; custom_padding_phone=&#8220;0px|5%|0px|5%|false|false&#8220; custom_padding_last_edited=&#8220;on|desktop&#8220; hover_enabled=&#8220;0&#8243; locked=&#8220;off&#8220; global_colors_info=&#8220;{}&#8220; sticky_enabled=&#8220;0&#8243;]<\/p>\n<h1>GESCH\u00c4FTSVERANSTALTUNGEN<\/h1>\n<p>[\/et_pb_text][et_pb_text module_class=&#8220;italiana-regular&#8220; _builder_version=&#8220;4.27.4&#8243; _module_preset=&#8220;_initial&#8220; text_text_color=&#8220;#313131&#8243; text_font_size=&#8220;32px&#8220; text_line_height=&#8220;1em&#8220; width_tablet=&#8220;&#8220; width_phone=&#8220;&#8220; width_last_edited=&#8220;on|phone&#8220; custom_margin=&#8220;0px||0px||false|false&#8220; custom_margin_tablet=&#8220;0px||0px||false|false&#8220; custom_margin_phone=&#8220;0px||0px||false|false&#8220; custom_margin_last_edited=&#8220;on|desktop&#8220; custom_padding=&#8220;0px|10%|0px|10%|false|false&#8220; custom_padding_tablet=&#8220;0px|10%|10px|10%|false|false&#8220; custom_padding_phone=&#8220;|5%||5%|false|false&#8220; custom_padding_last_edited=&#8220;on|phone&#8220; locked=&#8220;off&#8220; global_colors_info=&#8220;{}&#8220;]Wo Produktivit\u00e4t auf kretischen Charme<br \/>\ntrifft[\/et_pb_text][et_pb_text content_tablet=&#8220;<\/p>\n<p>Goldener Sand erstreckt sich einladend vor dem Aquila Porto Rethymno und f\u00fchrt zu den kristallklaren Gew\u00e4ssern der \u00c4g\u00e4is. Der mit der Blauen Flagge ausgezeichnete Strand verspricht unber\u00fchrte Sch\u00f6nheit von Sonnenaufgang bis Sonnenuntergang. Lassen Sie sich von der Sonne verw\u00f6hnen, genie\u00dfen Sie Leckereien am Strand wie erfrischende Wassermelonenscheiben und eisgek\u00fchlte Granita oder schl\u00fcrfen Sie Cocktails von unserer Bar &#8211; jeder Moment f\u00fchlt sich m\u00fchelos an. Sonnenliegen, Sonnenschirme und die Annehmlichkeiten am Strand tragen zur Entspannung bei, w\u00e4hrend Yoga-Sitzungen und Wassersportarten die perfekte Balance zwischen Aktivit\u00e4t und Gelassenheit bieten. Eine malerische Promenade f\u00fchrt direkt am Strand entlang und eignet sich perfekt f\u00fcr einen gem\u00fctlichen Spaziergang oder eine Joggingrunde mit endlosem Meerblick.    <br \/><strong><span style=%22text-decoration: underline;%22><a href=%22\/swimming-around\/%22>  Mehr entdecken  <\/a><\/span><\/strong><\/p>\n<div id=%22awebChromeHelper%22 data-version=%221.24.2%22><\/div>\n<p>&#8220; content_phone=&#8220;<\/p>\n<p>Ihre Firmenveranstaltungen werden durch die eleganten Veranstaltungsorte und den reibungslosen Service der Aquila Hotels &amp; Resorts aufgewertet. Unsere zahlreichen Konferenzr\u00e4ume und vielseitigen S\u00e4le sind f\u00fcr produktive Veranstaltungen konzipiert, von dynamischen Tagungen bis hin zu grossen Konferenzen. Modernste Einrichtungen in allen H\u00e4usern, darunter die technologisch fortschrittlichen R\u00e4umlichkeiten des Atlantis und das umfassende Zentrum des Rithymna Beach, gew\u00e4hrleisten unvergessliche Anl\u00e4sse, die Gesch\u00e4ftliches mit echter kretischer Gastfreundschaft verbinden.  <\/p>\n<p>&#8220; content_last_edited=&#8220;on|desktop&#8220; module_class=&#8220;mainTextWeight&#8220; _builder_version=&#8220;4.27.4&#8243; _module_preset=&#8220;_initial&#8220; text_line_height=&#8220;1.8em&#8220; custom_margin=&#8220;0px||0px||false|false&#8220; custom_margin_tablet=&#8220;0px||0px||false|false&#8220; custom_margin_phone=&#8220;0px||0px||false|false&#8220; custom_margin_last_edited=&#8220;on|desktop&#8220; custom_padding=&#8220;7px|10%|0px|10%|false|false&#8220; custom_padding_tablet=&#8220;||100px||false|false&#8220; custom_padding_phone=&#8220;|5%|30px|5%|false|false&#8220; custom_padding_last_edited=&#8220;on|phone&#8220; global_colors_info=&#8220;{}&#8220;]Ihre Firmenveranstaltungen werden durch die eleganten Veranstaltungsorte und den reibungslosen Service der Aquila Hotels &amp; Resorts aufgewertet. Unsere zahlreichen Konferenzr\u00e4ume und vielseitigen S\u00e4le sind f\u00fcr produktive Veranstaltungen konzipiert, von dynamischen Tagungen bis hin zu grossen Konferenzen. Modernste Einrichtungen in allen H\u00e4usern, darunter die technologisch fortschrittlichen R\u00e4umlichkeiten des Atlantis und das umfassende Zentrum des Rithymna Beach, gew\u00e4hrleisten unvergessliche Anl\u00e4sse, die Gesch\u00e4ftliches mit echter kretischer Gastfreundschaft verbinden.  <\/p>\n<div id=\"awebChromeHelper\" data-version=\"1.24.2\"><\/div>\n<p>[\/et_pb_text][\/et_pb_column][et_pb_column type=&#8220;2_3&#8243; _builder_version=&#8220;4.24.2&#8243; _module_preset=&#8220;default&#8220; global_colors_info=&#8220;{}&#8220;][et_pb_image src=&#8220;https:\/\/aquilahotels.com\/wp-content\/uploads\/2025\/07\/aquila_hotels_and_resorts_business_events.jpg&#8220; alt=&#8220;Aquila Porto Rethymno&#8220; title_text=&#8220;aquila_hotels_and_resorts_business_events&#8220; _builder_version=&#8220;4.27.4&#8243; _module_preset=&#8220;default&#8220; custom_margin=&#8220;-30px||||false|false&#8220; custom_padding=&#8220;||||false|true&#8220; custom_padding_tablet=&#8220;||||false|true&#8220; custom_padding_phone=&#8220;|20px|30px|20px|false|true&#8220; custom_padding_last_edited=&#8220;on|desktop&#8220; hover_enabled=&#8220;0&#8243; global_colors_info=&#8220;{}&#8220; sticky_enabled=&#8220;0&#8243;]<br \/>\n[\/et_pb_image][\/et_pb_column][\/et_pb_row][et_pb_row column_structure=&#8220;2_3,1_3&#8243; custom_padding_last_edited=&#8220;on|phone&#8220; _builder_version=&#8220;4.27.4&#8243; _module_preset=&#8220;default&#8220; width_tablet=&#8220;&#8220; width_phone=&#8220;90%&#8220; width_last_edited=&#8220;on|phone&#8220; max_width=&#8220;2560px&#8220; custom_margin=&#8220;|auto||auto|false|false&#8220; custom_margin_tablet=&#8220;120px|auto||auto|false|false&#8220; custom_margin_phone=&#8220;30px|auto||auto|false|false&#8220; custom_margin_last_edited=&#8220;on|desktop&#8220; custom_padding=&#8220;30px||30px|0px|true|false&#8220; custom_padding_tablet=&#8220;|||30px|false|false&#8220; custom_padding_phone=&#8220;0px||45px|0px|false|false&#8220; hover_enabled=&#8220;0&#8243; locked=&#8220;off&#8220; global_colors_info=&#8220;{}&#8220; sticky_enabled=&#8220;0&#8243;][et_pb_column type=&#8220;2_3&#8243; _builder_version=&#8220;4.27.0&#8243; _module_preset=&#8220;default&#8220; global_colors_info=&#8220;{}&#8220;][et_pb_slider _builder_version=&#8220;4.27.4&#8243; _module_preset=&#8220;default&#8220; header_text_color=&#8220;#313131&#8243; header_letter_spacing=&#8220;1px&#8220; body_text_color=&#8220;#313131&#8243; background_image=&#8220;https:\/\/aquilahotels.com\/wp-content\/uploads\/2025\/06\/elounda_village_celebrations_banner2a-Recovered.png&#8220; content_width_tablet=&#8220;&#8220; content_width_phone=&#8220;&#8220; content_width_last_edited=&#8220;on|phone&#8220; height=&#8220;650px&#8220; height_tablet=&#8220;650px&#8220; height_phone=&#8220;400px&#8220; height_last_edited=&#8220;on|phone&#8220; global_colors_info=&#8220;{}&#8220;][et_pb_slide _builder_version=&#8220;4.27.4&#8243; _module_preset=&#8220;default&#8220; background_image=&#8220;https:\/\/aquilahotels.com\/wp-content\/uploads\/2025\/07\/aquila_hotels_and_resorts_more_is_more_business_loyalty_club.jpg&#8220; background_enable_image=&#8220;on&#8220; global_colors_info=&#8220;{}&#8220; sticky_transition=&#8220;on&#8220;][\/et_pb_slide][\/et_pb_slider][\/et_pb_column][et_pb_column type=&#8220;1_3&#8243; _builder_version=&#8220;4.24.3&#8243; _module_preset=&#8220;default&#8220; global_colors_info=&#8220;{}&#8220;][et_pb_text module_class=&#8220;mainTitleHome&#8220; _builder_version=&#8220;4.27.4&#8243; _module_preset=&#8220;_initial&#8220; text_font=&#8220;|||on|||||&#8220; text_text_color=&#8220;#313131&#8243; text_line_height=&#8220;1.2em&#8220; header_font=&#8220;|300|||||||&#8220; header_font_size=&#8220;14px&#8220; custom_margin=&#8220;60px|0px|-5px|0px|false|false&#8220; custom_margin_tablet=&#8220;0px|0px|5px|0px|false|false&#8220; custom_margin_phone=&#8220;0px|0px|0px|0px|false|false&#8220; custom_margin_last_edited=&#8220;on|phone&#8220; custom_padding=&#8220;0px|0px|0px|0px|false|false&#8220; locked=&#8220;off&#8220; global_colors_info=&#8220;{}&#8220;]<\/p>\n<h1>MEHR IST MEHR<\/h1>\n<div id=\"awebChromeHelper\" data-version=\"1.24.0\"><\/div>\n<p>[\/et_pb_text][et_pb_text module_class=&#8220;italiana-regular&#8220; _builder_version=&#8220;4.27.4&#8243; _module_preset=&#8220;_initial&#8220; text_text_color=&#8220;#313131&#8243; text_font_size=&#8220;32px&#8220; text_line_height=&#8220;1em&#8220; custom_margin=&#8220;0px||0px||false|false&#8220; custom_margin_tablet=&#8220;0px||0px||false|false&#8220; custom_margin_phone=&#8220;0px||0px||false|false&#8220; custom_margin_last_edited=&#8220;on|desktop&#8220; custom_padding=&#8220;0px||10px||false|false&#8220; locked=&#8220;off&#8220; global_colors_info=&#8220;{}&#8220;]<\/p>\n<p>Wir belohnen Ihre Treue<\/p>\n<p>[\/et_pb_text][et_pb_text content_tablet=&#8220;Das kultige Aquila Rithymna Beach liegt direkt am Strand der atemberaubenden Riviera von Rethymnon und bietet einen spektakul\u00e4ren Blick auf den Psiloritis und die Wei\u00dfen Berge. Es vereint das Beste aus zwei Welten: ein entspanntes F\u00fcnf-Sterne-Strandresort nur 6 km vom historischen Stadtzentrum entfernt. Das dorf\u00e4hnliche Resort verf\u00fcgt \u00fcber einen 500 m langen Sandstrand, der mit der Blauen Flagge ausgezeichnet ist, eine Vielzahl von 9 Restaurants und Bars vor Ort, einen hervorragenden Kids Club und \u00fcber 1.300 Quadratmeter hochmoderne Spa-Einrichtungen. W\u00e4hlen Sie zwischen unseren ger\u00e4umigen Erwachsenen- und Familienbereichen oder nutzen Sie unsere Premium All-Inclusive-Pakete und tauchen Sie ein in das einzigartige Aquila-Erlebnis.<br \/>\n<strong><span style=%22text-decoration: underline;%22><a href=%22\/at-a-glance\/%22>  Mehr entdecken  <\/a><\/span><\/strong>&#8220; content_phone=&#8220;<\/p>\n<p>Die Meilensteine des Lebens werden in atemberaubenden Destinationen auf Kreta gefeiert. Aquila Hotels &amp; Resorts ist auf die Gestaltung ma\u00dfgeschneiderter Hochzeiten, romantischer Erneuerungen, Hochzeitsreisen und gro\u00dfer Jubil\u00e4en spezialisiert. Reizvolle Kapellen im Aquila Rithymna Beach und Aquila Elounda Village sowie mehrere elegante Veranstaltungsorte und ger\u00e4umige S\u00e4le bieten die perfekte Kulisse f\u00fcr Empf\u00e4nge am Strand oder intime Abendessen.  <\/p>\n<p>&#8220; content_last_edited=&#8220;on|phone&#8220; module_class=&#8220;mainTextWeight&#8220; _builder_version=&#8220;4.27.4&#8243; _module_preset=&#8220;_initial&#8220; text_text_color=&#8220;#000000&#8243; text_line_height=&#8220;1.8em&#8220; background_color=&#8220;RGBA(255,255,255,0)&#8220; transform_translate=&#8220;0%|0px&#8220; transform_translate_linked=&#8220;off&#8220; z_index=&#8220;1&#8243; background_layout=&#8220;dark&#8220; width=&#8220;100%&#8220; module_alignment=&#8220;right&#8220; custom_margin=&#8220;||||false|false&#8220; custom_margin_tablet=&#8220;||||false|false&#8220; custom_margin_phone=&#8220;||||false|false&#8220; custom_margin_last_edited=&#8220;on|desktop&#8220; custom_padding=&#8220;0px|0px|0px|0px|false|false&#8220; custom_padding_tablet=&#8220;0px|0px|0px|0px|false|false&#8220; custom_padding_phone=&#8220;|0px|||false|false&#8220; custom_padding_last_edited=&#8220;on|phone&#8220; global_colors_info=&#8220;{}&#8220;]<\/p>\n<p>Mehr ist Mehr\u201c ist unser Bekenntnis zu aussergew\u00f6hnlichem Mehrwert und dauerhaften Partnerschaften mit Gesch\u00e4ftskunden. Dieses Programm belohnt Ihre Treue, indem Sie Punkte f\u00fcr jede Veranstaltung sammeln, einschliesslich Speisen &amp; Getr\u00e4nke und Konferenzeinrichtungen. Die Punkte werden auf Ihrer pers\u00f6nlichen Karte gesammelt und k\u00f6nnen f\u00fcr zuk\u00fcnftige Veranstaltungen oder Gesch\u00e4ftsaufenthalte eingel\u00f6st werden. Exklusive Privilegien verbessern Ihr Aquila-Erlebnis, g\u00fcltig in allen f\u00fcnf renommierten H\u00e4usern auf Kreta.   <\/p>\n<p><a href=\"https:\/\/moreismore.gr\/loginForm.asp\" target=\"_blank\" rel=\"noopener\"><span style=\"text-decoration: underline;\">Mehr entdecken<\/span><\/a><\/p>\n<p>[\/et_pb_text][\/et_pb_column][\/et_pb_row][\/et_pb_section]<\/p>\n","protected":false},"excerpt":{"rendered":"<p>Meetings &amp; VeranstaltungenGestaltung Ihrer pers\u00f6nlichen und beruflichen MeilensteineIhre wertvollsten pers\u00f6nlichen und beruflichen Momente finden in allen Aquila Hotels &amp; Resorts den idealen Rahmen. Unsere engagierten Teams gestalten massgeschneiderte Veranstaltungen mit gr\u00f6sster Sorgfalt und sorgen daf\u00fcr, dass jeder Anlass wirklich einzigartig und tadellos mit echter kretischer Gastfreundschaft durchgef\u00fchrt wird. HOCHZEITEN UND FEIERN Ihr Traumanlass, verwirklichtDie Meilensteine [&hellip;]<\/p>\n","protected":false},"author":1,"featured_media":0,"parent":0,"menu_order":0,"comment_status":"closed","ping_status":"closed","template":"","meta":{"_et_pb_use_builder":"on","_et_pb_old_content":"","_et_gb_content_width":"","footnotes":""},"class_list":["post-4885","page","type-page","status-publish","hentry"],"_links":{"self":[{"href":"https:\/\/aquilahotels.com\/de\/wp-json\/wp\/v2\/pages\/4885","targetHints":{"allow":["GET"]}}],"collection":[{"href":"https:\/\/aquilahotels.com\/de\/wp-json\/wp\/v2\/pages"}],"about":[{"href":"https:\/\/aquilahotels.com\/de\/wp-json\/wp\/v2\/types\/page"}],"author":[{"embeddable":true,"href":"https:\/\/aquilahotels.com\/de\/wp-json\/wp\/v2\/users\/1"}],"replies":[{"embeddable":true,"href":"https:\/\/aquilahotels.com\/de\/wp-json\/wp\/v2\/comments?post=4885"}],"version-history":[{"count":10,"href":"https:\/\/aquilahotels.com\/de\/wp-json\/wp\/v2\/pages\/4885\/revisions"}],"predecessor-version":[{"id":4989,"href":"https:\/\/aquilahotels.com\/de\/wp-json\/wp\/v2\/pages\/4885\/revisions\/4989"}],"wp:attachment":[{"href":"https:\/\/aquilahotels.com\/de\/wp-json\/wp\/v2\/media?parent=4885"}],"curies":[{"name":"wp","href":"https:\/\/api.w.org\/{rel}","templated":true}]}}